{"id":42457,"date":"2024-02-13T18:46:50","date_gmt":"2024-02-13T15:46:50","guid":{"rendered":"https:\/\/amaldis.md\/product\/zinc-bp-40-comprimate\/"},"modified":"2024-02-19T13:05:33","modified_gmt":"2024-02-19T10:05:33","slug":"zinc-bp-40-comprimate","status":"publish","type":"product","link":"https:\/\/amaldis.md\/ro\/produs\/zinc-bp-40-comprimate\/","title":{"rendered":"ZINC BP 40 comprimate"},"content":{"rendered":"<div class=\"row d-flex flex-column-reverse flex-md-row mb-4\">\n<div class=\"col\">\n<div class=\"product-details\">\n<div class=\"product-short-desc\">\n<ul class=\"list-type-check\">\n<li><strong>ZINC BP 40 comprimate.<\/strong> Fiecare por\u021bie con\u021bine 10 mg de zinc elementar (citrat de zinc trihidrat 32,0 mg) &#8211; doza zilnic\u0103 optim\u0103 pentru prevenirea deficien\u021bei de zinc \u0219i a simptomelor aferente;<\/li>\n<li>Poate ajuta la gestionarea nivelului de zah\u0103r din s\u00e2nge<\/li>\n<\/ul>\n<\/div>\n<\/div>\n<\/div>\n<div class=\"col col-md-4\"><\/div>\n<\/div>\n<div class=\"grid activecomp\">\n<div class=\"row\">\n<div class=\"col-12 col-lg-6 mb-4\">\n<div class=\"ta-content\">\n<div class=\"compacti\">Componenta<\/div>\n<div class=\"elms\">\n<div class=\"ta-pane row\">\n<div class=\"col\">Zinc (citrat de zinc)<\/div>\n<div class=\"col cntr_el valu\">10 mg (35,8 mg)<\/div>\n<\/div>\n<\/div>\n<div class=\"notis\">* 1 comprimat pe zi<\/div>\n<\/div>\n<\/div>\n<div class=\"col-12 col-lg-6\">\n<div class=\"ta-content\">\n<div class=\"compacti\">Componente auxiliare<\/div>\n<div class=\"elms\">\n<div class=\"ta-pane row\">\n<div class=\"col cntr_el\">Umpluturi: Ludipress\u00ae (lactoz\u0103 monohidrat, polivinilpirolidon\u0103, polivinilpolipirrolidon\u0103); agent de fermentare: amidon de porumb; agent antiaglomerant: stearat de magneziu.<\/div>\n<\/div>\n<\/div>\n<\/div>\n<\/div>\n<\/div>\n<\/div>\n<div class=\"row d-none d-md-block\">\n<div class=\"col\">\n<ul class=\"nav nav-tabs tab-infoproduct justify-content-between\">\n<li class=\"nav-item active\">Caracteristicile produsului<\/li>\n<li class=\"nav-item \">Avantaje\/beneficii<\/li>\n<li class=\"nav-item \">Recomand\u0103ri de utilizare<\/li>\n<\/ul>\n<div class=\"tab-content\">\n<div id=\"harakteristikiprodukta\" class=\"tab-pane active\">\n<p>Ave\u021bi probleme \u00een alegerea unui supliment de zinc eficient din numeroasele m\u0103rci de calitate \u00eendoielnic\u0103 disponibile pe pia\u021b\u0103? Suntem aici pentru a v\u0103 ajuta! Balkan Pharmaceuticals ofer\u0103 un supliment bogat \u00een zinc, care ofer\u0103 toate beneficiile acestui mineral vital \u0219i esen\u021bial, \u00een tablete mici, u\u0219or de luat. Al\u0103turi de alte vitamine \u0219i minerale, zincul este esen\u021bial pentru s\u0103n\u0103tatea noastr\u0103, iar doza zilnic\u0103 recomandat\u0103 este de 11 mg pentru b\u0103rba\u021bi \u0219i 8 mg pentru femei. Zincul BP poate \u00eendeplini aceast\u0103 nevoie \u0219i este esen\u021bial pentru men\u021binerea unui sistem imunitar s\u0103n\u0103tos, promoveaz\u0103 rezultate mai rapide \u00een sala de sport \u0219i poate contribui, de asemenea, la \u00eembun\u0103t\u0103\u021birea s\u0103n\u0103t\u0103\u021bii sexuale \u0219i a nivelului de testosteron.<\/p>\n<p>FIECARE PRODUS ESTE TESTAT PENTRU EFICACITATE \u0218I PURITATE: Fiecare produs Balkan Pharmaceuticals este fabricat \u00een conformitate cu standardele GMP \u0219i este supus mai multor verific\u0103ri la nivel de calitate \u00een fiecare etap\u0103 de produc\u021bie. Ingredientele \u0219i produsele finite sunt testate \u0219i analizate de c\u0103tre departamentul nostru de control al calit\u0103\u021bii (\u0219i \u00een laboratorul nostru microbiologic), iar rezultatele sunt puse la dispozi\u021bia publicului pentru a asigura o transparen\u021b\u0103 total\u0103 \u0219i o asigurare a calit\u0103\u021bii.<\/p>\n<p>Balkan Pharmaceuticals a rezistat testului timpului prin crearea a mii de produse pentru \u00eembun\u0103t\u0103\u021birea s\u0103n\u0103t\u0103\u021bii, folosind cele mai recente progrese \u00een \u0219tiin\u021ba nutri\u021bional\u0103 \u0219i ingrediente optime pentru a oferi suplimente nutritive de \u00eenalt\u0103 calitate \u0219i cu adev\u0103rat valoroase.<\/p>\n<p>INGREDIENTE ACTIVE (INGREDIENTE): 10 mg de zinc elementar (sub form\u0103 de citrat de zinc trihidrat 32,0 mg).<\/p>\n<p>AMBALARE: Zinc BP este livrat \u00een blistere din fabric\u0103 sigilate individual, asigur\u00e2nd o protec\u021bie adecvat\u0103 \u00eempotriva umezelii, oxid\u0103rii, contamin\u0103rii \u0219i interac\u021biunii chimice, izol\u00e2nd fiecare comprimat \u00een propria sa cavitate. Acest lucru garanteaz\u0103 calitatea produsului \u00eenainte ca acesta s\u0103 fie aplicat direct. Blisterul faciliteaz\u0103 transportul produsului \u00een cantit\u0103\u021bi mici \u0219i este un ajutor util \u00een \u00eengrijirea zilnic\u0103 de rutin\u0103 a s\u0103n\u0103t\u0103\u021bii, dar dificil de accesat de c\u0103tre copii.<\/p>\n<p>Indica\u021bii de utilizare: Produsul este recomandat pentru a corecta deficitul de vitamina C \u0219i P, a cre\u0219te permeabilitatea capilar\u0103, a preveni eventualele accidente vasculare, a \u00eent\u0103ri imunitatea, a preveni r\u0103ceala \u0219i gripa.<\/p>\n<p>FORMA DE EXPUNERE: 30 de comprimate, plus 10 comprimate cadou.<\/p>\n<p>Pute\u021bi cump\u0103ra Zinc BP \u00een comprimate de la Balkan Pharmaceuticals de la noi \u0219i v\u0103 garant\u0103m cel mai bun pre\u021b de pe pia\u021b\u0103, autenticitatea \u0219i calitatea produsului, precum \u0219i un nivel ridicat al serviciilor oferite.<\/p>\n<\/div>\n<\/div>\n<\/div>\n<\/div>\n","protected":false},"excerpt":{"rendered":"<h3>ZINC BP 40 \u0442\u0430\u0431 Balkan Pharmaceuticals<\/h3>\n","protected":false},"featured_media":42414,"comment_status":"open","ping_status":"closed","template":"","meta":{"_et_pb_use_builder":"","_et_pb_old_content":"","_et_gb_content_width":""},"product_brand":[],"product_cat":[675],"product_tag":[743,746,747,748,749,745,744],"class_list":{"0":"post-42457","1":"product","2":"type-product","3":"status-publish","4":"has-post-thumbnail","6":"product_cat-nutritie-sportiva","7":"product_tag-balkan-pharmaceuticals-ro","8":"product_tag-cumpara","9":"product_tag-minerale","10":"product_tag-nutritie","11":"product_tag-sportiv","12":"product_tag-vitamine","13":"product_tag-zinc-bp-40-comprimate","15":"first","16":"instock","17":"shipping-taxable","18":"purchasable","19":"product-type-simple"},"aioseo_notices":[],"_links":{"self":[{"href":"https:\/\/amaldis.md\/ro\/wp-json\/wp\/v2\/product\/42457","targetHints":{"allow":["GET"]}}],"collection":[{"href":"https:\/\/amaldis.md\/ro\/wp-json\/wp\/v2\/product"}],"about":[{"href":"https:\/\/amaldis.md\/ro\/wp-json\/wp\/v2\/types\/product"}],"replies":[{"embeddable":true,"href":"https:\/\/amaldis.md\/ro\/wp-json\/wp\/v2\/comments?post=42457"}],"wp:featuredmedia":[{"embeddable":true,"href":"https:\/\/amaldis.md\/ro\/wp-json\/wp\/v2\/media\/42414"}],"wp:attachment":[{"href":"https:\/\/amaldis.md\/ro\/wp-json\/wp\/v2\/media?parent=42457"}],"wp:term":[{"taxonomy":"product_brand","embeddable":true,"href":"https:\/\/amaldis.md\/ro\/wp-json\/wp\/v2\/product_brand?post=42457"},{"taxonomy":"product_cat","embeddable":true,"href":"https:\/\/amaldis.md\/ro\/wp-json\/wp\/v2\/product_cat?post=42457"},{"taxonomy":"product_tag","embeddable":true,"href":"https:\/\/amaldis.md\/ro\/wp-json\/wp\/v2\/product_tag?post=42457"}],"curies":[{"name":"wp","href":"https:\/\/api.w.org\/{rel}","templated":true}]}}