{"id":42458,"date":"2024-02-13T18:38:12","date_gmt":"2024-02-13T15:38:12","guid":{"rendered":"https:\/\/amaldis.md\/product\/tribull-tribulus-terrestris-60-caps\/"},"modified":"2024-02-19T13:06:08","modified_gmt":"2024-02-19T10:06:08","slug":"tribull-tribulus-terrestris-60-caps","status":"publish","type":"product","link":"https:\/\/amaldis.md\/ro\/produs\/tribull-tribulus-terrestris-60-caps\/","title":{"rendered":"TRIBULL (TRIBULUS TERRESTRIS) 60 caps."},"content":{"rendered":"<div class=\"row d-flex flex-column-reverse flex-md-row mb-4\">\n<div class=\"col\">\n<div class=\"product-details\">\n<div class=\"product-short-desc\">\n<ul class=\"list-type-check\">\n<li>O formul\u0103 premium de Tribulus conceput\u0103 special pentru a spori performan\u021ba \u00een sala de sport sau la birou, precum \u0219i \u00een dormitor;<\/li>\n<li>U\u0219or de \u00eenghi\u021bit, rapid absorbit \u0219i eficient;<\/li>\n<li>Con\u021bine cantit\u0103\u021bi mari de protodioscin\u0103 pentru o mai mare eficacitate &#8211; total saponine (min. 60%) 150 mg, protodioscin\u0103 (min. 20%) 50 mg;<\/li>\n<li>Fiecare por\u021bie de TriBull furnizeaz\u0103 150 mg de saponine, inclusiv 50 mg de protodioscin\u0103, care este produsul cu cea mai bun\u0103 concentra\u021bie de tribulus disponibil pe pia\u021b\u0103;<\/li>\n<li>60 de capsule reprezint\u0103 o cantitate minim\u0103 lunar\u0103 (utilizare zilnic\u0103).<\/li>\n<\/ul>\n<\/div>\n<\/div>\n<\/div>\n<div class=\"col col-md-4\"><\/div>\n<\/div>\n<div class=\"grid activecomp\">\n<div class=\"row\">\n<div class=\"col-12 col-lg-6 mb-4\">\n<div class=\"ta-content\">\n<div class=\"compacti\">Componenta<\/div>\n<div class=\"elms\">\n<div class=\"ta-pane row\">\n<div class=\"col\">Tribulus terrestris L. (Columbia), extract de fructe din care: 250 mg<\/div>\n<\/div>\n<div class=\"ta-pane row\">\n<div class=\"col\">Saponine totale (min. 60%) 150 mg<\/div>\n<\/div>\n<div class=\"ta-pane row\">\n<div class=\"col\">Protodioscin\u0103 (min. 20%) 50 mg<\/div>\n<\/div>\n<\/div>\n<div class=\"notis\">* 1-2 capsule de 2 ori pe zi<\/div>\n<\/div>\n<\/div>\n<div class=\"col-12 col-lg-6\">\n<div class=\"ta-content\">\n<div class=\"compacti\">Componente auxiliare<\/div>\n<div class=\"elms\">\n<div class=\"ta-pane row\">\n<div class=\"col cntr_el\">Substan\u021be de umplutur\u0103: lactoz\u0103 monohidrat, celuloz\u0103 microcristalin\u0103; \u00eenveli\u0219ul capsulei: gelatin\u0103, coloran\u021bi\/dioxid de titan, oxid de fier galben, oxid de fier ro\u0219u, dioxid de titan, carmoizin\u0103; agent de fermentare: glicolat de amidon de sodiu; agen\u021bi antiaglomeran\u021bi: stearat de magneziu, dioxid de siliciu coloidal.<\/div>\n<\/div>\n<\/div>\n<\/div>\n<\/div>\n<\/div>\n<\/div>\n<div class=\"row d-none d-md-block\">\n<div class=\"col\">\n<ul class=\"nav nav-tabs tab-infoproduct justify-content-between\">\n<li class=\"nav-item active\">Caracteristicile produsului<\/li>\n<li class=\"nav-item \">Avantaje\/beneficii<\/li>\n<li class=\"nav-item \">Recomand\u0103ri de utilizare<\/li>\n<\/ul>\n<div class=\"tab-content\">\n<div id=\"harakteristikiprodukta\" class=\"tab-pane active\">\n<p>Tribulus Terrestris este o plant\u0103 din Asia de Sud care cre\u0219te \u00een mai multe regiuni ale lumii \u0219i care con\u021bine o serie de compu\u0219i organici speciali numi\u021bi saponine. Cele mai importante componente incluse \u00een saponinele extrase din aceast\u0103 plant\u0103 sunt protodioscina \u0219i protogracilina, prima fiind principalul s\u0103u ingredient activ.<\/p>\n<p>Mul\u021bi produc\u0103tori de suplimente nu fac diferen\u021ba \u00eentre saponine \u0219i protodioscine. Nivelurile de protodioscin\u0103 nu pot dep\u0103\u0219i 45%, \u00een timp ce nu exist\u0103 restric\u021bii privind concentra\u021bia de saponine din produs. Pentru a-\u0219i cre\u0219te v\u00e2nz\u0103rile \u0219i profiturile, multe companii recurg la o lips\u0103 de onestitate, indic\u00e2nd un con\u021binut de 80%-90% protodioscin\u0103 \u00een suplimentele lor. Dar ceea ce se anun\u021b\u0103 este procentul total de saponine. Din cauza acestor indicatori fal\u0219i, o serie de produse tribulus au fost retrase de pe pia\u021ba mondial\u0103 \u00eencep\u00e2nd cu 2011. V\u0103 sf\u0103tuim s\u0103 fi\u021bi foarte vigilen\u021bi \u00een alegerea celui mai bun produs pentru s\u0103n\u0103tatea dumneavoastr\u0103!<\/p>\n<p>FIECARE PRODUS ESTE TESTAT PENTRU EFICACITATE \u0218I PURITATE: Fiecare produs Balkan Pharmaceuticals este fabricat \u00een conformitate cu standardele GMP \u0219i este supus mai multor verific\u0103ri la nivel de calitate \u00een fiecare etap\u0103 de produc\u021bie. Ingredientele \u0219i produsele finite sunt testate \u0219i analizate de c\u0103tre departamentul nostru de control al calit\u0103\u021bii (\u0219i \u00een laboratorul nostru microbiologic), iar rezultatele sunt puse la dispozi\u021bia publicului pentru a asigura o transparen\u021b\u0103 total\u0103 \u0219i o asigurare a calit\u0103\u021bii.<\/p>\n<p>Balkan Pharmaceuticals a rezistat testului timpului prin crearea a mii de produse pentru \u00eembun\u0103t\u0103\u021birea s\u0103n\u0103t\u0103\u021bii, folosind cele mai recente progrese \u00een \u0219tiin\u021ba nutri\u021bional\u0103 \u0219i ingrediente optime pentru a oferi suplimente nutritive de \u00eenalt\u0103 calitate \u0219i cu adev\u0103rat valoroase.<\/p>\n<p>INGREDIENTE ACTIVE (INGREDIENTE): Extract de Tribulus Terrestris &#8211; 250 mg. Saponine totale (min. 60%) -150 mg, protodioscin\u0103 (min. 20%) -50 mg. TriBull con\u021bine un num\u0103r mare de elemente active, inclusiv saponine steroidiene, cum ar fi dioscina, diosgenina \u0219i protodioscina. Efectele lor benefice asupra libidoului, a activit\u0103\u021bii fizice \u0219i a cre\u0219terii masei musculare \u00een culturism (ca anabolic natural) sunt bine cunoscute. Produsul con\u021bine, de asemenea, fitosteroli, \u00een special beta-sitosteroli, care ajut\u0103 la tratarea diferitelor boli legate de prostat\u0103, sistemul urinar \u0219i cardiovascular.<\/p>\n<p>AMBALARE: TriBull este furnizat \u00een blistere din fabric\u0103 sigilate individual, care asigur\u0103 o protec\u021bie adecvat\u0103 \u00eempotriva umezelii, oxid\u0103rii, contamin\u0103rii \u0219i interac\u021biunilor chimice prin izolarea fiec\u0103rei capsule \u00een propria cavitate. Acest lucru garanteaz\u0103 calitatea produsului \u00eenainte ca acesta s\u0103 fie aplicat direct. Blisterul faciliteaz\u0103 transportul produsului \u00een cantit\u0103\u021bi mici \u0219i este un ajutor util \u00een \u00eengrijirea zilnic\u0103 de rutin\u0103 a s\u0103n\u0103t\u0103\u021bii, dar dificil de accesat de c\u0103tre copii.<\/p>\n<p>Indica\u021bii: Tribulus (Tribulus Terrestris) este o mic\u0103 plant\u0103 cu flori care a fost folosit\u0103 de mii de ani \u00een medicina tradi\u021bional\u0103 chinez\u0103 \u0219i ayurvedic\u0103 pentru a trata diverse boli, disfunc\u021bii sexuale, pentru a \u00eembun\u0103t\u0103\u021bi performan\u021bele atletice sau pentru a cre\u0219te libidoul. Produsul nostru se adreseaz\u0103 b\u0103rba\u021bilor adul\u021bi care se confrunt\u0103 cu un apetit sexual sc\u0103zut, disfunc\u021bii sexuale, infertilitate \u0219i care caut\u0103 o modalitate eficient\u0103 de a-\u0219i cre\u0219te performan\u021ba fizic\u0103;<\/p>\n<p>FORM\u0102 DE EXPUNERE: 60 capsule &#8211; cantitate minim\u0103 lunar\u0103 (utilizare zilnic\u0103).<\/p>\n<\/div>\n<\/div>\n<\/div>\n<\/div>\n","protected":false},"excerpt":{"rendered":"<h3>TRIBULL (TRIBULUS TERRESTRIS) 60 caps Balkan Pharmaceuticals<\/h3>\n","protected":false},"featured_media":42411,"comment_status":"open","ping_status":"closed","template":"","meta":{"_et_pb_use_builder":"","_et_pb_old_content":"","_et_gb_content_width":""},"product_brand":[],"product_cat":[675],"product_tag":[743,746,751,748,750,749],"class_list":{"0":"post-42458","1":"product","2":"type-product","3":"status-publish","4":"has-post-thumbnail","6":"product_cat-nutritie-sportiva","7":"product_tag-balkan-pharmaceuticals-ro","8":"product_tag-cumpara","9":"product_tag-energie","10":"product_tag-nutritie","11":"product_tag-putere","12":"product_tag-sportiv","14":"first","15":"instock","16":"shipping-taxable","17":"purchasable","18":"product-type-simple"},"aioseo_notices":[],"_links":{"self":[{"href":"https:\/\/amaldis.md\/ro\/wp-json\/wp\/v2\/product\/42458","targetHints":{"allow":["GET"]}}],"collection":[{"href":"https:\/\/amaldis.md\/ro\/wp-json\/wp\/v2\/product"}],"about":[{"href":"https:\/\/amaldis.md\/ro\/wp-json\/wp\/v2\/types\/product"}],"replies":[{"embeddable":true,"href":"https:\/\/amaldis.md\/ro\/wp-json\/wp\/v2\/comments?post=42458"}],"wp:featuredmedia":[{"embeddable":true,"href":"https:\/\/amaldis.md\/ro\/wp-json\/wp\/v2\/media\/42411"}],"wp:attachment":[{"href":"https:\/\/amaldis.md\/ro\/wp-json\/wp\/v2\/media?parent=42458"}],"wp:term":[{"taxonomy":"product_brand","embeddable":true,"href":"https:\/\/amaldis.md\/ro\/wp-json\/wp\/v2\/product_brand?post=42458"},{"taxonomy":"product_cat","embeddable":true,"href":"https:\/\/amaldis.md\/ro\/wp-json\/wp\/v2\/product_cat?post=42458"},{"taxonomy":"product_tag","embeddable":true,"href":"https:\/\/amaldis.md\/ro\/wp-json\/wp\/v2\/product_tag?post=42458"}],"curies":[{"name":"wp","href":"https:\/\/api.w.org\/{rel}","templated":true}]}}