{"id":42462,"date":"2024-02-13T18:15:37","date_gmt":"2024-02-13T15:15:37","guid":{"rendered":"https:\/\/amaldis.md\/product\/skin-essential-30-pachete-2\/"},"modified":"2024-02-15T22:15:53","modified_gmt":"2024-02-15T19:15:53","slug":"skin-essential-30-pachete-2","status":"publish","type":"product","link":"https:\/\/amaldis.md\/ro\/produs\/skin-essential-30-pachete-2\/","title":{"rendered":"SKIN Essential 30 pachete"},"content":{"rendered":"<div class=\"row d-flex flex-column-reverse flex-md-row mb-4\">\n<div class=\"col\">\n<div class=\"product-details\">\n<div class=\"product-short-desc\">\n<ul class=\"list-type-check\">\n<li>SKIN Essential 30 pac Formulat special pentru a v\u0103 men\u021bine pielea s\u0103n\u0103toas\u0103 \u0219i frumoas\u0103 din interior spre exterior;<\/li>\n<li>Fiecare por\u021bie con\u021bine 12.000 mg de colagen hidrolizat de tipurile I \u0219i III (Peptan\u00ae, de origine bovin\u0103), 665 mg de sulfat de glucozamin\u0103 2KCl, 500 mg de taurin\u0103, 180 mg de vitamina C, 100 mg de extract de Hematococcus pluvialis \u0219i 100 mg de coenzima Q10;<\/li>\n<li>Furnizeaz\u0103 to\u021bi nutrien\u021bii necesari pentru a hidrata \u0219i hr\u0103ni \u00een mod natural pielea, cre\u0219te elasticitatea \u0219i fermitatea pielii, \u00eembun\u0103t\u0103\u021be\u0219te nivelul de ap\u0103rare a organismului \u0219i calitatea r\u0103spunsului imunitar;<\/li>\n<li>Ambalare convenabil\u0103 ON-THE-GO;<\/li>\n<li>30 de plicule\u021be de pulbere reprezint\u0103 o cantitate suficient\u0103 pentru o lun\u0103 (aport zilnic).<\/li>\n<\/ul>\n<\/div>\n<\/div>\n<\/div>\n<div class=\"col col-md-4\"><\/div>\n<\/div>\n<div class=\"grid activecomp\">\n<div class=\"row\">\n<div class=\"col-12 col-lg-6 mb-4\">\n<div class=\"ta-content\">\n<div class=\"compacti\">Componenta<\/div>\n<div class=\"elms\">\n<div class=\"ta-pane row\">\n<div class=\"col\">Colagen hidrolizat de tipurile I \u0219i III (Peptan\u00ae, colagen de bovine)<\/div>\n<div class=\"col cntr_el valu\">12000 mg<\/div>\n<\/div>\n<div class=\"ta-pane row\">\n<div class=\"col\">Sulfat de glucozamin\u0103 2KCl<\/div>\n<div class=\"col cntr_el valu\">665 mg<\/div>\n<\/div>\n<div class=\"ta-pane row\">\n<div class=\"col\">Taurin\u0103<\/div>\n<div class=\"col cntr_el valu\">500 mg<\/div>\n<\/div>\n<div class=\"ta-pane row\">\n<div class=\"col\">Vitamina C (sub form\u0103 de acid ascorbic)<\/div>\n<div class=\"col cntr_el valu\">180 mg<\/div>\n<\/div>\n<div class=\"ta-pane row\">\n<div class=\"col\">Extract de Hematococcus pluvialis (standardizat pentru 5% Astaxantin\u0103)<\/div>\n<div class=\"col cntr_el valu\">100 mg<\/div>\n<\/div>\n<div class=\"ta-pane row\">\n<div class=\"col\">Coenzima Q10<\/div>\n<div class=\"col cntr_el valu\">100 mg<\/div>\n<\/div>\n<\/div>\n<div class=\"notis\">* Un plicule\u021b pe zi<\/div>\n<\/div>\n<\/div>\n<\/div>\n<\/div>\n<div class=\"row d-none d-md-block\">\n<div class=\"col\">\n<ul class=\"nav nav-tabs tab-infoproduct justify-content-between\">\n<li class=\"nav-item active\">Caracteristicile produsului<\/li>\n<li class=\"nav-item \">Avantaje\/beneficii<\/li>\n<li class=\"nav-item \">Recomand\u0103ri de utilizare<\/li>\n<\/ul>\n<div class=\"tab-content\">\n<div id=\"harakteristikiprodukta\" class=\"tab-pane active\">\n<p>Visezi la o piele s\u0103n\u0103toas\u0103, str\u0103lucitoare \u0219i ferm\u0103, dar nu \u0219tii ce produs s\u0103 alegi pentru a ob\u021bine toate aceste beneficii?<\/p>\n<p>V\u0103 prezent\u0103m SKIN Essential, un produs revolu\u021bionar care ofer\u0103 o abordare unic\u0103 a \u00eengrijirii pielii. De ce s\u0103 v\u0103 limita\u021bi la produse externe c\u00e2nd v\u0103 pute\u021bi hr\u0103ni \u0219i revitaliza pielea din interior? Balkan Pharmaceuticals v\u0103 ofer\u0103 acest supliment uimitor, cu o formul\u0103 special conceput\u0103 care include o gam\u0103 impresionant\u0103 de ingrediente active pentru a v\u0103 hr\u0103ni pielea \u00een profunzime \u0219i a-i oferi tot ce are nevoie pentru o str\u0103lucire natural\u0103.<\/p>\n<p>De ce SKIN Essential?<\/p>\n<p>Pentru c\u0103 este combina\u021bia optim\u0103 de nutrien\u021bi pentru a sus\u021bine o piele s\u0103n\u0103toas\u0103. <strong>Colagenul hidrolizat de tip I \u0219i III<\/strong> sus\u021bine fermitatea \u0219i tonusul pielii, red\u00e2nd un aspect t\u00e2n\u0103r \u0219i proasp\u0103t. <strong>Sulfatul de glucozamin\u0103 2KCl<\/strong> ajut\u0103 la men\u021binerea s\u0103n\u0103t\u0103\u021bii epiteliale, cresc\u00e2nd rezisten\u021ba epitelial\u0103, \u00een timp ce <strong>Taurina<\/strong> protejeaz\u0103 pielea de stresul oxidativ, revitaliz\u00e2nd pielea. De asemenea, \u00eembun\u0103t\u0103\u021be\u0219te calitatea contrac\u021biilor mu\u0219chiului cardiac \u0219i a circula\u021biei s\u00e2ngelui, fiind un bun suport pentru inim\u0103 \u0219i ficat \u0219i, \u00een acela\u0219i timp, un aminoacid important pentru men\u021binerea \u0219i \u00eembun\u0103t\u0103\u021birea vederii. Cu acest produs de \u00eenalt\u0103 calitate de la Balkan Pharmaceuticals, ob\u021bine\u021bi o doz\u0103 generoas\u0103 de <strong>vitamina C<\/strong> natural\u0103, care stimuleaz\u0103 produc\u021bia de colagen \u0219i favorizeaz\u0103 o piele radiant\u0103, pentru un tonus mai proasp\u0103t \u0219i mai uniform.<\/p>\n<p>Cu toate acestea, beneficiile acestui produs nu se limiteaz\u0103 la acest lucru! <strong>Extractul de Hematococcus pluvialis<\/strong> este bogat \u00een<strong> astaxantin\u0103<\/strong>, un carotenoid solubil \u00een gr\u0103simi derivat din alge,<strong> <\/strong>asigur\u0103 hidratare \u0219i protec\u021bie \u00eempotriva radicalilor liberi, men\u021bin\u00e2nd pielea moale \u0219i catifelat\u0103, \u00een timp ce Coenzima Q10 sus\u021bine procesele de regenerare celular\u0103, contribuind la \u00eembun\u0103t\u0103\u021birea \u0219i \u00eentinerirea pielii. \u00cen plus, coenzima Q10 este un ingredient activ puternic care <i>favorizeaz\u0103 cre\u0219terea \u0219i regenerarea p\u0103rului at\u00e2t la b\u0103rba\u021bi<\/i>, c\u00e2t \u0219i la femei. Aceasta cre\u0219te fluxul sanguin \u00een zona scalpului, stimuleaz\u0103 dezvoltarea foliculilor de p\u0103r \u0219i sus\u021bine produc\u021bia natural\u0103 de cheratin\u0103, o protein\u0103 deosebit de important\u0103 pentru s\u0103n\u0103tatea pielii, a p\u0103rului \u0219i a unghiilor.<\/p>\n<p>.FIECARE PRODUS ESTE TESTAT PENTRU EFICACITATE \u0218I PURITATE: Fiecare produs Balkan Pharmaceuticals este fabricat \u00een conformitate cu standardele GMP \u0219i este supus mai multor verific\u0103ri la nivel de calitate \u00een fiecare etap\u0103 de produc\u021bie. Ingredientele \u0219i produsele finite sunt testate \u0219i analizate de c\u0103tre departamentul nostru de control al calit\u0103\u021bii (\u0219i \u00een laboratorul nostru microbiologic), iar rezultatele sunt puse la dispozi\u021bia publicului pentru a asigura o transparen\u021b\u0103 total\u0103 \u0219i o asigurare a calit\u0103\u021bii.<\/p>\n<p>Balkan Pharmaceuticals a rezistat testului timpului prin crearea a mii de produse pentru \u00eembun\u0103t\u0103\u021birea s\u0103n\u0103t\u0103\u021bii, folosind cele mai recente progrese \u00een \u0219tiin\u021ba nutri\u021bional\u0103 \u0219i ingrediente optime pentru a oferi suplimente nutritive de \u00eenalt\u0103 calitate \u0219i cu adev\u0103rat valoroase.<\/p>\n<p>INGREDIENTE ACTIVE (INGREDIENTE): Colagen hidrolizat tipurile I \u0219i III (Peptan\u00ae, de origine bovin\u0103) &#8211; 12000 mg, Sulfat de glucozamin\u0103 2KCl &#8211; 665 mg, Taurin\u0103 &#8211; 500 mg, Vitamina C (sub form\u0103 de acid ascorbic) &#8211; 180 mg, Extract de Haematococcus pluvialis (standardizat la 5% Astaxanthin) &#8211; 100 mg, Coenzima Q10 &#8211; 100 mg.<\/p>\n<p>AMBALARE: SKIN Essential se prezint\u0103 \u00een pachete din fabric\u0103 sigilate individual, concepute pentru a proteja \u00eempotriva umidit\u0103\u021bii, oxid\u0103rii, contamin\u0103rii sau interac\u021biunii chimice prin izolarea fiec\u0103rei doze \u00eentr-o pung\u0103 separat\u0103. Aceast\u0103 form\u0103 de ambalare garanteaz\u0103 calitatea produsului \u0219i standardele de igien\u0103 la fiecare consum. Aceste pungi de dimensiuni compacte faciliteaz\u0103 transportul produselor \u00een cantit\u0103\u021bi mici \u0219i sunt un ajutor util \u00een rutina zilnic\u0103 de s\u0103n\u0103tate.<\/p>\n<p>UTILIZ\u0102RI: Produsul este destinat adul\u021bilor ca supliment alimentar pentru a hr\u0103ni \u0219i hidrata \u00een mod natural \u021besuturile epiteliale, pentru a men\u021bine pielea s\u0103n\u0103toas\u0103 \u0219i a cre\u0219te rezisten\u021ba acesteia la infec\u021bii \u0219i agen\u021bi patogeni, pentru a netezi ridurile \u0219i a \u00eembun\u0103t\u0103\u021bi aspectul \u0219i starea general\u0103 a pielii.<\/p>\n<p>FORMA DE EXPUNERE: 30 de plicule\u021be de pulbere sigilate individual &#8211; suficient pentru o lun\u0103 (utilizare zilnic\u0103).<\/p>\n<\/div>\n<\/div>\n<\/div>\n<\/div>\n","protected":false},"excerpt":{"rendered":"<h3>SKIN Essential 30 pachete Balkan Pharmaceuticals arom\u0103 de fructe de p\u0103dure<\/h3>\n","protected":false},"featured_media":42405,"comment_status":"open","ping_status":"closed","template":"","meta":{"_et_pb_use_builder":"","_et_pb_old_content":"","_et_gb_content_width":""},"product_brand":[],"product_cat":[675],"product_tag":[752,743,746,748,754,749],"class_list":{"0":"post-42462","1":"product","2":"type-product","3":"status-publish","4":"has-post-thumbnail","6":"product_cat-nutritie-sportiva","7":"product_tag-aditiv-alimentar","8":"product_tag-balkan-pharmaceuticals-ro","9":"product_tag-cumpara","10":"product_tag-nutritie","11":"product_tag-skin-essential-30-pachete","12":"product_tag-sportiv","14":"first","15":"instock","16":"shipping-taxable","17":"purchasable","18":"product-type-simple"},"aioseo_notices":[],"_links":{"self":[{"href":"https:\/\/amaldis.md\/ro\/wp-json\/wp\/v2\/product\/42462","targetHints":{"allow":["GET"]}}],"collection":[{"href":"https:\/\/amaldis.md\/ro\/wp-json\/wp\/v2\/product"}],"about":[{"href":"https:\/\/amaldis.md\/ro\/wp-json\/wp\/v2\/types\/product"}],"replies":[{"embeddable":true,"href":"https:\/\/amaldis.md\/ro\/wp-json\/wp\/v2\/comments?post=42462"}],"wp:featuredmedia":[{"embeddable":true,"href":"https:\/\/amaldis.md\/ro\/wp-json\/wp\/v2\/media\/42405"}],"wp:attachment":[{"href":"https:\/\/amaldis.md\/ro\/wp-json\/wp\/v2\/media?parent=42462"}],"wp:term":[{"taxonomy":"product_brand","embeddable":true,"href":"https:\/\/amaldis.md\/ro\/wp-json\/wp\/v2\/product_brand?post=42462"},{"taxonomy":"product_cat","embeddable":true,"href":"https:\/\/amaldis.md\/ro\/wp-json\/wp\/v2\/product_cat?post=42462"},{"taxonomy":"product_tag","embeddable":true,"href":"https:\/\/amaldis.md\/ro\/wp-json\/wp\/v2\/product_tag?post=42462"}],"curies":[{"name":"wp","href":"https:\/\/api.w.org\/{rel}","templated":true}]}}