{"id":42507,"date":"2024-02-13T17:10:48","date_gmt":"2024-02-13T14:10:48","guid":{"rendered":"https:\/\/amaldis.md\/product\/l-carnitine-bp-60-capsule\/"},"modified":"2024-02-13T17:10:48","modified_gmt":"2024-02-13T14:10:48","slug":"l-carnitine-bp-60-capsule","status":"publish","type":"product","link":"https:\/\/amaldis.md\/ro\/produs\/l-carnitine-bp-60-capsule\/","title":{"rendered":"L-CARNITINE BP 60 capsule"},"content":{"rendered":"<div class=\"row d-flex flex-column-reverse flex-md-row mb-4\">\n<div class=\"col\">\n<div class=\"product-details\">\n<div class=\"product-short-desc\">\n<ul class=\"list-type-check\">\n<li>\n<h5>L-CARNITINE BP 60 capsule O formul\u0103 avansat\u0103 care se absoarbe rapid \u0219i con\u021bine 1500 mg de tartrat de L-Carnitin\u0103 pur \u0219i concentrat (Carnipure\u00ae);<\/h5>\n<\/li>\n<li>Un excelent arz\u0103tor de gr\u0103simi care ajut\u0103 la reducerea greut\u0103\u021bii\u0441;<\/li>\n<li>Sprijin\u0103 metabolismul energetic \u0219i al lipidelor;<\/li>\n<li>Con\u021bine 30 de por\u021bii cu arom\u0103 de cire\u0219e sau portocale;<\/li>\n<li>Vegan, non-OMG, f\u0103r\u0103 aditivi \u0219i umpluturi.<\/li>\n<\/ul>\n<\/div>\n<\/div>\n<\/div>\n<div class=\"col col-md-4\">\n<div class=\"product-galery\">\n<div class=\"swiper product-galery-swiper rounded-10 swiper-initialized swiper-horizontal swiper-pointer-events swiper-backface-hidden\">\n<div id=\"swiper-wrapper-99448c3f66f4dad9\" class=\"swiper-wrapper\" aria-live=\"polite\">\n<div class=\"swiper-slide\" role=\"group\" aria-label=\"4 \/ 4\">Componenta<\/div>\n<\/div>\n<\/div>\n<\/div>\n<\/div>\n<\/div>\n<div class=\"grid activecomp\">\n<div class=\"row\">\n<div class=\"col-12 col-lg-6 mb-4\">\n<div class=\"ta-content\">\n<div class=\"elms\">\n<div class=\"ta-pane row\">\n<div class=\"col\">L-carnitin\u0103 L-tartrat (Carnipure\u00ae) (din care L-carnitin\u0103)<\/div>\n<div class=\"col cntr_el valu\">500 mg (340 mg)<\/div>\n<\/div>\n<\/div>\n<div class=\"notis\">* Lua\u021bi 2 capsule pe zi<\/div>\n<\/div>\n<\/div>\n<div class=\"col-12 col-lg-6\">\n<div class=\"ta-content\">\n<div class=\"compacti\">Componente auxiliare<\/div>\n<div class=\"elms\">\n<div class=\"ta-pane row\">\n<div class=\"col cntr_el\">\u00cenveli\u0219ul capsulei: gelatin\u0103, coloran\u021bi\/dioxid de titan; antiaglomeranti: dioxid de siliciu coloidal, stearat de magneziu; umplutur\u0103: amidon de porumb.<\/div>\n<\/div>\n<\/div>\n<\/div>\n<\/div>\n<\/div>\n<\/div>\n<div class=\"row d-none d-md-block\">\n<div class=\"col\">\n<ul class=\"nav nav-tabs tab-infoproduct justify-content-between\">\n<li class=\"nav-item active\">Caracteristicile produsului<\/li>\n<li class=\"nav-item \">Avantaje\/beneficii<\/li>\n<li class=\"nav-item \">Recomand\u0103ri de utilizare<\/li>\n<\/ul>\n<div class=\"tab-content\">\n<div id=\"harakteristikiprodukta\" class=\"tab-pane active\">\n<p>C\u0103uta\u021bi o alternativ\u0103 sigur\u0103 \u0219i eficient\u0103 la arz\u0103toarele de gr\u0103simi \u0219i pastilele de sl\u0103bit tipice? Capsulele L-Carnitine BP (Carnipure\u00ae, un brand al companiei lider elve\u021biane Lonza) sunt exact ceea ce ave\u021bi nevoie.<\/p>\n<p>Formula de L-Tartrate L-Carnitine de la Balkan Pharmaceuticals face ca organismul dumneavoastr\u0103 s\u0103 absoarb\u0103 mai u\u0219or l-carnitina, ajut\u00e2ndu-v\u0103 s\u0103 arde\u021bi gr\u0103simile \u0219i s\u0103 v\u0103 atinge\u021bi greutatea dorit\u0103 mult mai repede dec\u00e2t doar dieta \u0219i exerci\u021biile fizice. L-carnitina este un derivat natural al acidului aminobutiric care poate \u00eembun\u0103t\u0103\u021bi metabolismul, reduce absorb\u021bia gr\u0103similor \u0219i ajut\u0103 organismul s\u0103 le arde \u00een energie.<\/p>\n<p>Calitatea \u00eenalt\u0103 a produsului L-Carnitine BP, pre\u021bul atractiv \u0219i aproape aceea\u0219i eficacitate ca L-carnitina lichid\u0103 oferit\u0103 \u00een fiole fac din acest supliment o alegere ideal\u0103 \u00een lupta \u00eempotriva excesului de greutate \u0219i \u00een arderea gr\u0103similor corporale.<\/p>\n<p>FIECARE PRODUS ESTE TESTAT PENTRU EFICACITATE \u0218I PURITATE: Fiecare produs Balkan Pharmaceuticals este fabricat \u00een conformitate cu standardele GMP \u0219i este supus mai multor verific\u0103ri la nivel de calitate \u00een fiecare etap\u0103 de produc\u021bie. Ingredientele \u0219i produsele finite sunt testate \u0219i analizate de c\u0103tre departamentul nostru de control al calit\u0103\u021bii (\u0219i \u00een laboratorul nostru microbiologic), iar rezultatele sunt puse la dispozi\u021bia publicului pentru a asigura o transparen\u021b\u0103 total\u0103 \u0219i o asigurare a calit\u0103\u021bii.<\/p>\n<p>Balkan Pharmaceuticals a rezistat testului timpului prin crearea a mii de produse pentru \u00eembun\u0103t\u0103\u021birea s\u0103n\u0103t\u0103\u021bii, folosind cele mai recente progrese \u00een \u0219tiin\u021ba nutri\u021bional\u0103 \u0219i ingrediente optime pentru a oferi suplimente nutritive de \u00eenalt\u0103 calitate \u0219i cu adev\u0103rat valoroase.<\/p>\n<p>INGREDIENTE ACTIVE (COMPOZI\u021aIE): L-carnitin\u0103 L-tartrat 500 mg (per capsul\u0103)<\/p>\n<p>AMBALARE: L-Carnitine BP este furnizat\u0103 \u00een blistere de fabric\u0103 sigilate individual, care asigur\u0103 o protec\u021bie adecvat\u0103 \u00eempotriva umidit\u0103\u021bii, oxidarii, contamin\u0103rii \u0219i interac\u021biunilor chimice, izol\u00e2nd fiecare capsul\u0103 \u00een propria sa cavitate. Acest lucru garanteaz\u0103 calitatea produsului \u00eenainte ca acesta s\u0103 fie aplicat direct. Blisterul faciliteaz\u0103 transportul produsului \u00een cantit\u0103\u021bi mici \u0219i este un ajutor util \u00een \u00eengrijirea zilnic\u0103 de rutin\u0103 a s\u0103n\u0103t\u0103\u021bii, dar dificil de accesat de c\u0103tre copii.<\/p>\n<p>INDICA\u021aII DE UTILIZARE: Produsul este destinat adul\u021bilor care caut\u0103 o modalitate eficient\u0103 de a pierde \u00een greutate, de a-\u0219i \u00eembun\u0103t\u0103\u021bi performan\u021ba fizic\u0103, de a-\u0219i \u00eembun\u0103t\u0103\u021bi sistemul imunitar, de a preveni declinul cognitiv cauzat de v\u00e2rst\u0103 \u0219i pentru b\u0103rba\u021bii care sufer\u0103 de disfunc\u021bie sexual\u0103 sau infertilitate.<\/p>\n<p>FORMA DE ELIBERARE: 60 de capsule \u2013 o cantitate lunar\u0103 suficient\u0103 (utilizare zilnic\u0103).<\/p>\n<\/div>\n<\/div>\n<\/div>\n<\/div>\n","protected":false},"excerpt":{"rendered":"<h3>L-CARNITINE BP 60 capsule Balkan Pharmaceuticals<\/h3>\n","protected":false},"featured_media":42391,"comment_status":"open","ping_status":"closed","template":"","meta":{"_et_pb_use_builder":"","_et_pb_old_content":"","_et_gb_content_width":""},"product_brand":[],"product_cat":[675],"product_tag":[743,767,746,766,748,749],"class_list":{"0":"post-42507","1":"product","2":"type-product","3":"status-publish","4":"has-post-thumbnail","6":"product_cat-nutritie-sportiva","7":"product_tag-balkan-pharmaceuticals-ro","8":"product_tag-carnitina","9":"product_tag-cumpara","10":"product_tag-l-carnitine-bp-60-capsule","11":"product_tag-nutritie","12":"product_tag-sportiv","14":"first","15":"instock","16":"shipping-taxable","17":"purchasable","18":"product-type-simple"},"aioseo_notices":[],"_links":{"self":[{"href":"https:\/\/amaldis.md\/ro\/wp-json\/wp\/v2\/product\/42507","targetHints":{"allow":["GET"]}}],"collection":[{"href":"https:\/\/amaldis.md\/ro\/wp-json\/wp\/v2\/product"}],"about":[{"href":"https:\/\/amaldis.md\/ro\/wp-json\/wp\/v2\/types\/product"}],"replies":[{"embeddable":true,"href":"https:\/\/amaldis.md\/ro\/wp-json\/wp\/v2\/comments?post=42507"}],"wp:featuredmedia":[{"embeddable":true,"href":"https:\/\/amaldis.md\/ro\/wp-json\/wp\/v2\/media\/42391"}],"wp:attachment":[{"href":"https:\/\/amaldis.md\/ro\/wp-json\/wp\/v2\/media?parent=42507"}],"wp:term":[{"taxonomy":"product_brand","embeddable":true,"href":"https:\/\/amaldis.md\/ro\/wp-json\/wp\/v2\/product_brand?post=42507"},{"taxonomy":"product_cat","embeddable":true,"href":"https:\/\/amaldis.md\/ro\/wp-json\/wp\/v2\/product_cat?post=42507"},{"taxonomy":"product_tag","embeddable":true,"href":"https:\/\/amaldis.md\/ro\/wp-json\/wp\/v2\/product_tag?post=42507"}],"curies":[{"name":"wp","href":"https:\/\/api.w.org\/{rel}","templated":true}]}}