{"id":42509,"date":"2024-02-13T16:54:51","date_gmt":"2024-02-13T13:54:51","guid":{"rendered":"https:\/\/amaldis.md\/product\/l-carnitine-bp-orange-500-ml\/"},"modified":"2024-02-13T16:54:51","modified_gmt":"2024-02-13T13:54:51","slug":"l-carnitine-bp-orange-500-ml","status":"publish","type":"product","link":"https:\/\/amaldis.md\/ro\/produs\/l-carnitine-bp-orange-500-ml\/","title":{"rendered":"L-Carnitine BP Orange 500 \u043c\u043b"},"content":{"rendered":"<div class=\"row d-flex flex-column-reverse flex-md-row mb-4\">\n<div class=\"col\">\n<div class=\"product-details\">\n<div class=\"product-short-desc\">\n<ul class=\"list-type-check\">\n<li>\n<h5>L-Carnitine BP Orange 500 \u043c\u043b. Formula lichida cu tripla putere pentru absorbtie rapida si efect imediat;<\/h5>\n<\/li>\n<li>3000 mg L-carnitin\u0103 100% de calitate farmaceutic\u0103 (Carnipure\u00ae);<\/li>\n<li>Promoveaz\u0103 arderea gr\u0103similor \u0219i pierderea \u00een greutate;<\/li>\n<li>Sprijin\u0103 procesul de transformare a depozitelor de gr\u0103sime \u00een energie;<\/li>\n<li>Contine vitamine foarte digerabile B1, B6 pentru o vigoare si performanta mai mare;<\/li>\n<li>25 de portii cu aroma de cirese sau portocale;<\/li>\n<li>\u00cendepline\u0219te criteriile vegane \u0219i vegetariene, f\u0103r\u0103 OMG.<\/li>\n<\/ul>\n<\/div>\n<\/div>\n<\/div>\n<div class=\"col col-md-4\">\n<div class=\"product-galery\">\n<div class=\"swiper product-galery-swiper rounded-10 swiper-initialized swiper-horizontal swiper-pointer-events swiper-backface-hidden\">\n<div id=\"swiper-wrapper-3cf0ccc17d6d64dd\" class=\"swiper-wrapper\" aria-live=\"polite\">\n<div class=\"swiper-slide swiper-slide-active\" role=\"group\" aria-label=\"1 \/ 2\"><\/div>\n<div class=\"swiper-slide swiper-slide-next\" role=\"group\" aria-label=\"2 \/ 2\"><\/div>\n<\/div>\n<\/div>\n<div class=\"swiper-button-next\" tabindex=\"0\" role=\"button\" aria-label=\"Next slide\" aria-controls=\"swiper-wrapper-3cf0ccc17d6d64dd\" aria-disabled=\"false\">Componenta<\/div>\n<\/div>\n<\/div>\n<\/div>\n<div class=\"grid activecomp\">\n<div class=\"row\">\n<div class=\"col-12 col-lg-6 mb-4\">\n<div class=\"ta-content\">\n<div class=\"elms\">\n<div class=\"ta-pane row\">\n<div class=\"col\">L-Carnitine Carnipure\u00ae, Lonza 3000 mg<\/div>\n<\/div>\n<div class=\"ta-pane row\">\n<div class=\"col\">Vitamina B1 2 mg<\/div>\n<\/div>\n<div class=\"ta-pane row\">\n<div class=\"col\">Vitamina B6 2 mg<\/div>\n<\/div>\n<\/div>\n<div class=\"notis\">* 20 ml (capac dozator) pe zi la un moment dat<\/div>\n<\/div>\n<\/div>\n<div class=\"col-12 col-lg-6\">\n<div class=\"ta-content\">\n<div class=\"compacti\">Componente auxiliare<\/div>\n<div class=\"elms\">\n<div class=\"ta-pane row\">\n<div class=\"col cntr_el\">Conservant: sorbat de potasiu; concentrat de suc de portocale, ap\u0103 purificat\u0103.<\/div>\n<\/div>\n<\/div>\n<\/div>\n<\/div>\n<\/div>\n<\/div>\n<div class=\"row d-none d-md-block\">\n<div class=\"col\">\n<ul class=\"nav nav-tabs tab-infoproduct justify-content-between\">\n<li class=\"nav-item active\">Caracteristicile produsului<\/li>\n<li class=\"nav-item \">Avantaje\/beneficii<\/li>\n<li class=\"nav-item \">Recomand\u0103ri de utilizare<\/li>\n<\/ul>\n<div class=\"tab-content\">\n<div id=\"harakteristikiprodukta\" class=\"tab-pane active\">\n<p>C\u0103uta\u021bi o alternativ\u0103 eficient\u0103, dar sigur\u0103, la arz\u0103toarele de gr\u0103simi \u0219i pastilele de sl\u0103bit tipice? L-Carnitine BP poate fi alegerea ta ideal\u0103.<\/p>\n<p>L-Carnitina este un compus chimic organic, un derivat natural al acidului aminobutiric, care te ajut\u0103 s\u0103 arzi gr\u0103simea corporal\u0103 \u0219i s\u0103 atingi greutatea corporal\u0103 dorit\u0103 mult mai repede dec\u00e2t doar prin diet\u0103 \u0219i exerci\u021bii fizice.<\/p>\n<p>Formula lichid\u0103 Balkan Pharmaceuticals cu tripl\u0103 putere pentru absorb\u021bie rapid\u0103 &#8211; L-Carnitine BP con\u021bine 3000 mg de carnitin\u0103 de cea mai \u00eenalt\u0103 calitate (100% Carnipure\u00ae de la Lonza) pentru a \u00eembun\u0103t\u0103\u021bi \u0219i accelera metabolismul, pentru a reduce ratele de absorb\u021bie a lipidelor, ajut\u00e2nd organismul s\u0103 ard\u0103 eficient gr\u0103simea stocat\u0103. \u0219i transform\u0103-l \u00een energie pur\u0103.<\/p>\n<p>FIECARE PRODUS ESTE TESTAT PENTRU EFICACITATE \u0218I PURITATE: Fiecare produs Balkan Pharmaceuticals este fabricat \u00een conformitate cu standardele GMP \u0219i este supus mai multor verific\u0103ri la nivel de calitate \u00een fiecare etap\u0103 de produc\u021bie. Ingredientele \u0219i produsele finite sunt testate \u0219i analizate de c\u0103tre departamentul nostru de control al calit\u0103\u021bii (\u0219i \u00een laboratorul nostru microbiologic), iar rezultatele sunt puse la dispozi\u021bia publicului pentru a asigura o transparen\u021b\u0103 total\u0103 \u0219i o asigurare a calit\u0103\u021bii.<\/p>\n<p>Balkan Pharmaceuticals a rezistat testului timpului prin crearea a mii de produse pentru \u00eembun\u0103t\u0103\u021birea s\u0103n\u0103t\u0103\u021bii, folosind cele mai recente progrese \u00een \u0219tiin\u021ba nutri\u021bional\u0103 \u0219i ingrediente optime pentru a oferi suplimente nutritive de \u00eenalt\u0103 calitate \u0219i cu adev\u0103rat valoroase.<\/p>\n<p>INGREDIENTE ACTIVE (COMPOZI\u021aIE): L-carnitin\u0103 (Carnipure\u00ae) &#8211; 3000 mg, vitamina B1 &#8211; 2 mg, vitamina B6 &#8211; 2 mg.<\/p>\n<p>AMBALARE: Produsul este livrat \u00een sticle de plastic de 500 ml cu dozator, care este o alternativ\u0103 bun\u0103 \u0219i convenabil\u0103 la L-carnitina v\u00e2ndut\u0103 \u00een fiole. Forma lichid\u0103 a L-carnitinei este mai u\u0219or de digerat \u0219i intr\u0103 mai repede \u00een fluxul sanguin, acceler\u00e2nd \u0219i optimiz\u00e2nd astfel rata de absorb\u021bie a acesteia.<\/p>\n<p>INDICA\u021aII DE UTILIZARE: L-Carnitine BP este destinat\u0103 adul\u021bilor care caut\u0103 o modalitate eficient\u0103 de a pierde \u00een greutate, care doresc s\u0103-\u0219i \u00eembun\u0103t\u0103\u021beasc\u0103 performan\u021ba fizic\u0103, s\u0103 \u00eent\u0103reasc\u0103 sistemul imunitar, s\u0103 previn\u0103 sau s\u0103 \u00eencetineasc\u0103 dezvoltarea tulbur\u0103rilor cognitive asociate procesului de \u00eemb\u0103tr\u00e2nire. , precum \u0219i pentru b\u0103rba\u021bii care sufer\u0103 de disfunc\u021bie sexual\u0103 sau infertilitate.<\/p>\n<p>FORMA DE ELIBERARE: 25 de portii a cate 20 ml pe sticla &#8211; cantitatea lunara necesara.<\/p>\n<\/div>\n<\/div>\n<\/div>\n<\/div>\n","protected":false},"excerpt":{"rendered":"<h3>L-Carnitine BP Orange 500 \u043c\u043b Balkan Pharmaceuticals<\/h3>\n","protected":false},"featured_media":42385,"comment_status":"open","ping_status":"closed","template":"","meta":{"_et_pb_use_builder":"","_et_pb_old_content":"","_et_gb_content_width":""},"product_brand":[],"product_cat":[675],"product_tag":[743,767,746,769,748,749],"class_list":{"0":"post-42509","1":"product","2":"type-product","3":"status-publish","4":"has-post-thumbnail","6":"product_cat-nutritie-sportiva","7":"product_tag-balkan-pharmaceuticals-ro","8":"product_tag-carnitina","9":"product_tag-cumpara","10":"product_tag-l-carnitine-bp-orange-500-ml-ro","11":"product_tag-nutritie","12":"product_tag-sportiv","14":"first","15":"instock","16":"shipping-taxable","17":"purchasable","18":"product-type-simple"},"aioseo_notices":[],"_links":{"self":[{"href":"https:\/\/amaldis.md\/ro\/wp-json\/wp\/v2\/product\/42509","targetHints":{"allow":["GET"]}}],"collection":[{"href":"https:\/\/amaldis.md\/ro\/wp-json\/wp\/v2\/product"}],"about":[{"href":"https:\/\/amaldis.md\/ro\/wp-json\/wp\/v2\/types\/product"}],"replies":[{"embeddable":true,"href":"https:\/\/amaldis.md\/ro\/wp-json\/wp\/v2\/comments?post=42509"}],"wp:featuredmedia":[{"embeddable":true,"href":"https:\/\/amaldis.md\/ro\/wp-json\/wp\/v2\/media\/42385"}],"wp:attachment":[{"href":"https:\/\/amaldis.md\/ro\/wp-json\/wp\/v2\/media?parent=42509"}],"wp:term":[{"taxonomy":"product_brand","embeddable":true,"href":"https:\/\/amaldis.md\/ro\/wp-json\/wp\/v2\/product_brand?post=42509"},{"taxonomy":"product_cat","embeddable":true,"href":"https:\/\/amaldis.md\/ro\/wp-json\/wp\/v2\/product_cat?post=42509"},{"taxonomy":"product_tag","embeddable":true,"href":"https:\/\/amaldis.md\/ro\/wp-json\/wp\/v2\/product_tag?post=42509"}],"curies":[{"name":"wp","href":"https:\/\/api.w.org\/{rel}","templated":true}]}}