{"id":42510,"date":"2024-02-13T16:22:05","date_gmt":"2024-02-13T13:22:05","guid":{"rendered":"https:\/\/amaldis.md\/product\/support-articulatiile-ultra-usor-de-luat-pachet-de-30-30-de-capsule\/"},"modified":"2025-08-24T11:27:00","modified_gmt":"2025-08-24T08:27:00","slug":"support-articulatiile-ultra-usor-de-luat-pachet-de-30-30-de-capsule","status":"publish","type":"product","link":"https:\/\/amaldis.md\/ro\/produs\/support-articulatiile-ultra-usor-de-luat-pachet-de-30-30-de-capsule\/","title":{"rendered":"SUPPORT ARTICULA\u021aIILE ULTRA U\u0218OR DE LUAT pachet de 30 + 30 de capsule"},"content":{"rendered":"<div class=\"row d-flex flex-column-reverse flex-md-row mb-4\">\n<div class=\"col\">\n<div class=\"product-details\">\n<div class=\"product-short-desc\">\n<ul class=\"list-type-check\">\n<li>SUPPORT ARTICULA\u021aIILE ULTRA U\u0218OR DE LUAT pachet de 30 + 30 de capsule O formul\u0103 unic\u0103 \u0219i avansat\u0103 \u2013 Joint Support, dezvoltat\u0103 exclusiv de Balkan Pharmaceuticals, care include 12 componente principale care o fac fiabil\u0103, extrem de eficient\u0103 \u0219i \u00een acela\u0219i timp accesibil\u0103;<\/li>\n<li>Con\u021bine 40 mg colagen de tip II nedenaturat (UC-II), 5000 mg colagen de vit\u0103 hidrolizat (tip I \u0219i III), 1500 mg glucozamin\u0103, 1000 mg condroitin\u0103, 3000 mg MSM, plus curcumin\u0103, extract de boswellia \u0219i acid hialuronic pentru a sus\u021bine s\u0103n\u0103tatea.<\/li>\n<li>Are efect antiinflamator, favorizeaz\u0103 refacerea rapid\u0103 a articula\u021biilor, reconstruc\u021bia oaselor \u0219i cartilajelor, f\u0103c\u00e2ndu-le mai stabile, \u00eenmoaie rigiditatea articula\u021biilor anatomice \u0219i restabile\u0219te mobilitatea;<\/li>\n<li>Kitul Joint Support Ultra Easy Take separ\u0103 ingredientele active \u00eentre un medicament de baz\u0103 \u0219i un booster pentru o absorb\u021bie mai bun\u0103 a nutrien\u021bilor \u0219i o eficien\u021b\u0103 \u0219i mai mare a formulei;<\/li>\n<li>Ambalare convenabil\u0103 ON-THE-GO \u0219i capsule booster;<\/li>\n<li>30 de plicule\u021be pudr\u0103 cu arom\u0103 de mere + 30 de capsule \u2013 o cantitate lunar\u0103 suficient\u0103 (utilizare zilnic\u0103).<\/li>\n<\/ul>\n<\/div>\n<\/div>\n<\/div>\n<div class=\"col col-md-4\">\n<div class=\"product-galery\">\n<div class=\"swiper product-galery-swiper rounded-10 swiper-initialized swiper-horizontal swiper-pointer-events swiper-backface-hidden\">\n<div id=\"swiper-wrapper-2193c544bc749aa3\" class=\"swiper-wrapper\" aria-live=\"polite\">\n<div class=\"swiper-slide swiper-slide-active\" role=\"group\" aria-label=\"1 \/ 4\"><\/div>\n<div class=\"swiper-slide swiper-slide-next\" role=\"group\" aria-label=\"2 \/ 4\"><\/div>\n<div class=\"swiper-slide\" role=\"group\" aria-label=\"3 \/ 4\"><\/div>\n<div class=\"swiper-slide\" role=\"group\" aria-label=\"4 \/ 4\"><\/div>\n<\/div>\n<\/div>\n<div class=\"swiper-button-next\" tabindex=\"0\" role=\"button\" aria-label=\"Next slide\" aria-controls=\"swiper-wrapper-2193c544bc749aa3\" aria-disabled=\"false\">Componenta<\/div>\n<\/div>\n<\/div>\n<\/div>\n<div class=\"grid activecomp\">\n<div class=\"row\">\n<div class=\"col-12 col-lg-6 mb-4\">\n<div class=\"ta-content\">\n<div class=\"elms\">\n<div class=\"ta-pane row\">\n<div class=\"col\">Colagen bovin hidrolizat tipurile I \u0219i III (Peptan\u00ae &#8211; Rousselot) 5000 mg<\/div>\n<\/div>\n<div class=\"ta-pane row\">\n<div class=\"col\">MSM (metilsulfonilmetan) 3000 mg<\/div>\n<\/div>\n<div class=\"ta-pane row\">\n<div class=\"col\">Sulfat de glucozamin\u0103 1500 mg<\/div>\n<\/div>\n<div class=\"ta-pane row\">\n<div class=\"col\">Condroitin sulfat de sodiu 1000 mg<\/div>\n<\/div>\n<div class=\"ta-pane row\">\n<div class=\"col\">Carbonat de calciu (Ca)<\/div>\n<div class=\"col cntr_el valu\">300 mg (120 mg)<\/div>\n<\/div>\n<div class=\"ta-pane row\">\n<div class=\"col\">Boswellia serrata (extract de t\u0103m\u00e2ie indian) standardizat la 65% acid boswellic 200 mg<\/div>\n<\/div>\n<div class=\"ta-pane row\">\n<div class=\"col\">Acid hialuronic (hialuronat de sodiu) 200 mg<\/div>\n<\/div>\n<div class=\"ta-pane row\">\n<div class=\"col\">Vitamina C (acid ascorbic) 80 mg<\/div>\n<\/div>\n<div class=\"ta-pane row\">\n<div class=\"col\">Colagen nedenaturat tip II (UC-II Lonza, Elve\u021bia) 40 mg<\/div>\n<\/div>\n<div class=\"ta-pane row\">\n<div class=\"col\">Turmeric Extract de curcuma (Curcuma longa) standardizat la 95% curcuminoide 300 mg<\/div>\n<\/div>\n<div class=\"ta-pane row\">\n<div class=\"col\">Piper negru (extract din semin\u021be de Piper nigrum) standardizat la 95% piperin\u0103 100 mg<\/div>\n<\/div>\n<div class=\"ta-pane row\">\n<div class=\"col\">Vitamina D3 (colecalciferol) 5 mcg (200 UI)<\/div>\n<\/div>\n<\/div>\n<div class=\"notis\">* 1 plic pe zi (1 capsul\u0103 pe zi)<\/div>\n<\/div>\n<\/div>\n<div class=\"col-12 col-lg-6\">\n<div class=\"ta-content\">\n<div class=\"compacti\">Componente auxiliare<\/div>\n<div class=\"elms\">\n<div class=\"ta-pane row\">\n<div class=\"col cntr_el\">Regulator de aciditate: acid citric; umplutur\u0103: maltodextrin\u0103; arom\u0103 de mere; agent antiaglomerant: dioxid de siliciu coloidal; \u00eendulcitor: sucraloz\u0103. \u00cenveli\u0219ul capsulei: gelatin\u0103; umplutur\u0103: celuloz\u0103 microcristalin\u0103; agent de \u00eenc\u0103rcare: polivinilpirolidon\u0103; stabilizator: carboximetil celuloz\u0103 de sodiu reticulat; antiaglomeran\u021bi: s\u0103ruri de magneziu ale acizilor gra\u0219i, dioxid de siliciu coloidal.<\/div>\n<\/div>\n<\/div>\n<\/div>\n<\/div>\n<\/div>\n<\/div>\n<div class=\"row d-none d-md-block\">\n<div class=\"col\">\n<ul class=\"nav nav-tabs tab-infoproduct justify-content-between\">\n<li class=\"nav-item active\">Caracteristicile produsului<\/li>\n<li class=\"nav-item \">Avantaje\/beneficii<\/li>\n<li class=\"nav-item \">Recomand\u0103ri de utilizare<\/li>\n<\/ul>\n<div class=\"tab-content\">\n<div id=\"harakteristikiprodukta\" class=\"tab-pane active\">\n<p>Te g\u00e2nde\u0219ti s\u0103 renun\u021bi la sport sau la activit\u0103\u021bile preferate din cauza durerilor articulare? Men\u021binerea articula\u021biilor s\u0103n\u0103toase \u0219i eficiente ne ofer\u0103 o mai mare mobilitate \u0219i flexibilitate. Dac\u0103 \u00eencerca\u021bi s\u0103 v\u0103 \u00eembun\u0103t\u0103\u021bi\u021bi nivelul de protec\u021bie \u0219i sprijin articular \u00een contextul unui exerci\u021biu intens sau pe m\u0103sur\u0103 ce \u00eemb\u0103tr\u00e2ni\u021bi, suferi\u021bi de inflama\u021bii articulare, artrit\u0103 sau ave\u021bi o mobilitate limitat\u0103, este posibil s\u0103 ave\u021bi nevoie de pu\u021bin ajutor zilnic.<\/p>\n<p>Produsul Joint Support oferit de Balkan Pharmaceuticals este o formul\u0103 unic\u0103 \u0219i eficient\u0103 \u0219i este singurul produs de acest fel de pe pia\u021b\u0103. Este o combina\u021bie de 2 tipuri de colagen \u0219i alte 10 ingrediente cheie care te vor ajuta s\u0103 fii mereu puternic, s\u0103n\u0103tos \u0219i activ.<\/p>\n<p>Produsul nostru de ultim\u0103 genera\u021bie Joint Support este conceput special pentru a optimiza s\u0103n\u0103tatea articula\u021biilor \u0219i pentru a reduce durerea \u0219i simptomele cauzate de artrit\u0103. Con\u021bine ingrediente care pot \u00eencetini progresia artritei. Combina\u021bia perfect\u0103 de componente ofer\u0103 un efect antiinflamator, accelereaz\u0103 recuperarea articula\u021biilor, restabile\u0219te \u0219i \u00eent\u0103re\u0219te oasele \u0219i cartilajele, \u00eembun\u0103t\u0103\u021be\u0219te mobilitatea \u0219i reduce rigiditatea articula\u021biilor.<\/p>\n<p>Ambalaj practic ON-THE-GO: Ideal pentru c\u0103l\u0103torii sau antrenament la sal\u0103, f\u0103r\u0103 a fi nevoie s\u0103 m\u0103sura\u021bi por\u021bii sau s\u0103 transfera\u021bi suplimente dintr-un recipient mai mare.<\/p>\n<p>Formula Joint Support Ultra de la Balkan Pharmaceuticals, cu beneficii dovedite de la numero\u0219i consumatori \u0219i pacien\u021bi reali, este acum disponibil\u0103 \u00eentr-o versiune optimizat\u0103, \u00eemp\u0103r\u021bind ingredientele active \u00een dou\u0103 formul\u0103ri complementare: baz\u0103 \u0219i booster. Ambele sunt incluse \u00een noul kit de suport pentru articula\u021bii, Joint Support Ultra Easy Take.<\/p>\n<p>FIECARE PRODUS ESTE TESTAT PENTRU EFICACITATE \u0218I PURITATE: Fiecare produs Balkan Pharmaceuticals este fabricat \u00een conformitate cu standardele GMP \u0219i este supus mai multor verific\u0103ri la nivel de calitate \u00een fiecare etap\u0103 de produc\u021bie. Ingredientele \u0219i produsele finite sunt testate \u0219i analizate de c\u0103tre departamentul nostru de control al calit\u0103\u021bii (\u0219i \u00een laboratorul nostru microbiologic), iar rezultatele sunt puse la dispozi\u021bia publicului pentru a asigura o transparen\u021b\u0103 total\u0103 \u0219i o asigurare a calit\u0103\u021bii.<\/p>\n<p>Balkan Pharmaceuticals a rezistat testului timpului prin crearea a mii de produse pentru \u00eembun\u0103t\u0103\u021birea s\u0103n\u0103t\u0103\u021bii, folosind cele mai recente progrese \u00een \u0219tiin\u021ba nutri\u021bional\u0103 \u0219i ingrediente optime pentru a oferi suplimente nutritive de \u00eenalt\u0103 calitate \u0219i cu adev\u0103rat valoroase.<\/p>\n<p>INGREDIENTE ACTIVE (COMPOZI\u021aIE): Suport articular Ultra Easy Take: UC-II (colagen nedenaturat tip II) \u201eLonza\u201d &#8211; 40 mg, colagen tip I \u0219i III \u201ePeptan\u00ae\u201d &#8211; 5000 mg, sulfat de glucozamin\u0103 &#8211; 1500 mg, sulfat de condroitin sodic &#8211; 1000 mg, MSM (metilsulfonilmetan) &#8211; 3000 mg, extract de Boswellia Serrata &#8211; 200 mg, acid hialuronic &#8211; 200 mg, carbonat de calciu &#8211; 300 mg, vitamina C &#8211; 80 mg,<\/p>\n<p>Joint Support Ultra Easy Take booster: Turmeric (extract de Curcuma Longa) &#8211; 300 mg, extract de piper negru &#8211; 100 mg, vitamina D3 &#8211; 5 mcg (200 UI).<\/p>\n<p>AMBALARE: Joint Support Ultra Easy Take vine \u00een pungi \u0219i blistere sigilate individual, concepute pentru a proteja \u00eempotriva umidit\u0103\u021bii, oxidarii, contamin\u0103rii sau reac\u021biilor chimice, izol\u00e2nd fiecare doz\u0103 \u00eentr-o pung\u0103 sau celul\u0103 separat\u0103.. Aceste forme de ambalare garanteaz\u0103 calitatea produsului \u0219i respectarea standardelor de igien\u0103 de fiecare dat\u0103 c\u00e2nd este luat.<\/p>\n<p>INDICA\u021aII DE UTILIZARE: Produsul este destinat adul\u021bilor care caut\u0103 un remediu eficient pentru refacerea \u021besutului cartilajului, \u00eent\u0103rirea articula\u021biilor \u0219i ligamentelor. Printre principalele beneficii ale lu\u0103rii Joint Support se num\u0103r\u0103 reducerea durerilor articulare la pacien\u021bii cu osteoartrit\u0103, ameliorarea bolilor reumatice, prevenirea degener\u0103rii articulare care apare odat\u0103 cu v\u00e2rsta \u0219i refacerea cartilajului dup\u0103 leziune.<\/p>\n<p>FORMA DE ELIBERARE: 30 plicuri pulbere + 30 capsule &#8211; o cantitate lunara suficienta (utilizare zilnica).<\/p>\n<\/div>\n<\/div>\n<\/div>\n<\/div>\n","protected":false},"excerpt":{"rendered":"<h3>SUPPORT ARTICULA\u021aIILE ULTRA U\u0218OR LUAT pachet 30 + 30 Balkan Pharmaceuticals<\/h3>\n<p>&nbsp;<\/p>\n","protected":false},"featured_media":42381,"comment_status":"open","ping_status":"closed","template":"","meta":{"_et_pb_use_builder":"","_et_pb_old_content":"","_et_gb_content_width":""},"product_brand":[],"product_cat":[675],"product_tag":[743,771,746,748,770,749],"class_list":{"0":"post-42510","1":"product","2":"type-product","3":"status-publish","4":"has-post-thumbnail","6":"product_cat-nutritie-sportiva","7":"product_tag-balkan-pharmaceuticals-ro","8":"product_tag-colagen","9":"product_tag-cumpara","10":"product_tag-nutritie","11":"product_tag-pentru-articulatii","12":"product_tag-sportiv","14":"first","15":"instock","16":"shipping-taxable","17":"purchasable","18":"product-type-simple"},"aioseo_notices":[],"_links":{"self":[{"href":"https:\/\/amaldis.md\/ro\/wp-json\/wp\/v2\/product\/42510","targetHints":{"allow":["GET"]}}],"collection":[{"href":"https:\/\/amaldis.md\/ro\/wp-json\/wp\/v2\/product"}],"about":[{"href":"https:\/\/amaldis.md\/ro\/wp-json\/wp\/v2\/types\/product"}],"replies":[{"embeddable":true,"href":"https:\/\/amaldis.md\/ro\/wp-json\/wp\/v2\/comments?post=42510"}],"wp:featuredmedia":[{"embeddable":true,"href":"https:\/\/amaldis.md\/ro\/wp-json\/wp\/v2\/media\/42381"}],"wp:attachment":[{"href":"https:\/\/amaldis.md\/ro\/wp-json\/wp\/v2\/media?parent=42510"}],"wp:term":[{"taxonomy":"product_brand","embeddable":true,"href":"https:\/\/amaldis.md\/ro\/wp-json\/wp\/v2\/product_brand?post=42510"},{"taxonomy":"product_cat","embeddable":true,"href":"https:\/\/amaldis.md\/ro\/wp-json\/wp\/v2\/product_cat?post=42510"},{"taxonomy":"product_tag","embeddable":true,"href":"https:\/\/amaldis.md\/ro\/wp-json\/wp\/v2\/product_tag?post=42510"}],"curies":[{"name":"wp","href":"https:\/\/api.w.org\/{rel}","templated":true}]}}