{"id":42511,"date":"2024-02-13T16:07:16","date_gmt":"2024-02-13T13:07:16","guid":{"rendered":"https:\/\/amaldis.md\/product\/vitamina-d3-30-capsule\/"},"modified":"2024-02-13T16:07:16","modified_gmt":"2024-02-13T13:07:16","slug":"vitamina-d3-30-capsule","status":"publish","type":"product","link":"https:\/\/amaldis.md\/ro\/produs\/vitamina-d3-30-capsule\/","title":{"rendered":"VITAMINA D3 30 capsule"},"content":{"rendered":"<div class=\"row d-flex flex-column-reverse flex-md-row mb-4\">\n<div class=\"col\">\n<div class=\"product-details\">\n<div class=\"product-short-desc\">\n<ul class=\"list-type-check\">\n<li>Vitamina D3 liposolubila in capsule moi de 2500 UI, usor de inghitit si absorbit, cu actiune puternica si rapida;<\/li>\n<li>Con\u021bine 62,5 mcg de vitamina D3 (sub form\u0103 de colecalciferol) per por\u021bie;<\/li>\n<li>30 de capsule moi reprezint\u0103 o cantitate suficient\u0103 pentru o lun\u0103 (doz\u0103 zilnic\u0103).<\/li>\n<li>Ajut\u0103 la sus\u021binerea func\u021biilor vitale, promoveaz\u0103 din\u021bi \u0219i oase s\u0103n\u0103toase, \u00eent\u0103re\u0219te sistemul imunitar \u0219i sus\u021bine func\u021bia muscular\u0103 s\u0103n\u0103toas\u0103.<\/li>\n<\/ul>\n<\/div>\n<\/div>\n<\/div>\n<div class=\"col col-md-4\">\n<div class=\"product-galery\">\n<div class=\"swiper product-galery-swiper rounded-10 swiper-initialized swiper-horizontal swiper-pointer-events swiper-backface-hidden\">\n<div id=\"swiper-wrapper-ba46d5c7970210ba9\" class=\"swiper-wrapper\" aria-live=\"polite\">\n<div class=\"swiper-slide swiper-slide-active\" role=\"group\" aria-label=\"1 \/ 4\"><\/div>\n<div class=\"swiper-slide swiper-slide-next\" role=\"group\" aria-label=\"2 \/ 4\"><\/div>\n<div class=\"swiper-slide\" role=\"group\" aria-label=\"3 \/ 4\"><\/div>\n<div class=\"swiper-slide\" role=\"group\" aria-label=\"4 \/ 4\"><\/div>\n<\/div>\n<\/div>\n<div class=\"swiper-button-next\" tabindex=\"0\" role=\"button\" aria-label=\"Next slide\" aria-controls=\"swiper-wrapper-ba46d5c7970210ba9\" aria-disabled=\"false\">Componenta<\/div>\n<\/div>\n<\/div>\n<\/div>\n<div class=\"grid activecomp\">\n<div class=\"row\">\n<div class=\"col-12 col-lg-6 mb-4\">\n<div class=\"ta-content\">\n<div class=\"elms\">\n<div class=\"ta-pane row\">\n<div class=\"col\">Vitamina D3 (colecalciferol) 62,5 mcg (2500 UI)<\/div>\n<\/div>\n<\/div>\n<div class=\"notis\">* 1-2 capsule pe zi<\/div>\n<\/div>\n<\/div>\n<div class=\"col-12 col-lg-6\">\n<div class=\"ta-content\">\n<div class=\"compacti\">Componente auxiliare<\/div>\n<div class=\"elms\">\n<div class=\"ta-pane row\">\n<div class=\"col cntr_el\">Umplere: ulei de soia (non-OMG); \u00eenveli\u0219ul capsulei: gelatin\u0103, glicerin\u0103 (umectant), ap\u0103 purificat\u0103.<\/div>\n<\/div>\n<\/div>\n<\/div>\n<\/div>\n<\/div>\n<\/div>\n<div class=\"row d-none d-md-block\">\n<div class=\"col\">\n<ul class=\"nav nav-tabs tab-infoproduct justify-content-between\">\n<li class=\"nav-item active\">Caracteristicile produsului<\/li>\n<li class=\"nav-item \">Avantaje\/beneficii<\/li>\n<li class=\"nav-item \">Recomand\u0103ri de utilizare<\/li>\n<\/ul>\n<div class=\"tab-content\">\n<div id=\"harakteristikiprodukta\" class=\"tab-pane active\">\n<p>Lipsa vitaminei D3 poate duce la simptome nepl\u0103cute, cum ar fi oase fragile \u0219i sl\u0103biciune muscular\u0103. \u00cen plus, nivelurile sc\u0103zute ale acestei vitamine sunt asociate cu boli precum osteoporoza \u0219i diabetul de tip 2. Produsul nostru Vitamina D3 este destinat adul\u021bilor \u0219i con\u021bine acest nutrient \u00een doza zilnic\u0103 recomandat\u0103. \u00cen cazul copiilor, se recomand\u0103 consultarea unui medic \u00eenainte de utilizare. Perioada de timp \u00een care lua\u021bi vitamina D3 depinde de nevoile dumneavoastr\u0103 individuale, iar medicul dumneavoastr\u0103 sau farmacistul v\u0103 poate face recomand\u0103ri specifice despre c\u00e2te zile \u0219i pentru c\u00e2t timp ar trebui s\u0103 lua\u021bi vitamina D3. Vitamina D3 de la Balkan Pharmaceuticals poate fi achizi\u021bionat\u0103 f\u0103r\u0103 prescrip\u021bie medical\u0103 \u0219i reprezint\u0103 raportul optim calitate-pre\u021b.<\/p>\n<p>FIECARE PRODUS ESTE TESTAT PENTRU EFICACITATE \u0218I PURITATE: Fiecare produs Balkan Pharmaceuticals este fabricat \u00een conformitate cu standardele GMP \u0219i este supus mai multor verific\u0103ri la nivel de calitate \u00een fiecare etap\u0103 de produc\u021bie. Ingredientele \u0219i produsele finite sunt testate \u0219i analizate de c\u0103tre departamentul nostru de control al calit\u0103\u021bii (\u0219i \u00een laboratorul nostru microbiologic), iar rezultatele sunt puse la dispozi\u021bia publicului pentru a asigura o transparen\u021b\u0103 total\u0103 \u0219i o asigurare a calit\u0103\u021bii.<\/p>\n<p>Balkan Pharmaceuticals a rezistat testului timpului prin crearea a mii de produse pentru \u00eembun\u0103t\u0103\u021birea s\u0103n\u0103t\u0103\u021bii, folosind cele mai recente progrese \u00een \u0219tiin\u021ba nutri\u021bional\u0103 \u0219i ingrediente optime pentru a oferi suplimente nutritive de \u00eenalt\u0103 calitate \u0219i cu adev\u0103rat valoroase.<\/p>\n<p>INGREDIENTE ACTIVE (COMPOZI\u021aIE): Vitamina D3 (sub form\u0103 de colecalciferol) 2500 METELO<\/p>\n<p>AMBALARE: Vitamina D3 este furnizat\u0103 \u00een blistere de fabric\u0103 sigilate individual, care ofer\u0103 o protec\u021bie adecvat\u0103 \u00eempotriva umidit\u0103\u021bii, oxidarii, contamin\u0103rii \u0219i interac\u021biunilor chimice, izol\u00e2nd fiecare capsul\u0103 \u00een propria sa cavitate. Acest lucru garanteaz\u0103 calitatea produsului \u00eenainte ca acesta s\u0103 fie aplicat direct. Blisterul faciliteaz\u0103 transportul produsului \u00een cantit\u0103\u021bi mici \u0219i este un ajutor util \u00een \u00eengrijirea zilnic\u0103 de rutin\u0103 a s\u0103n\u0103t\u0103\u021bii, dar dificil de accesat de c\u0103tre copii.<\/p>\n<p>INDICA\u021aII DE UTILIZARE: Produsul este destinat adul\u021bilor care sufer\u0103 de deficit de vitamina D, osteomalacie, sl\u0103biciune muscular\u0103, fragilitate osoas\u0103 crescut\u0103, precum \u0219i pentru \u00eent\u0103rirea \u0219i func\u021bionarea normal\u0103 a sistemului imunitar.<\/p>\n<p>FORMA DE ELIBERARE: 30 capsule gelatinoase moi &#8211; o cantitate lunara suficienta (doza zilnica).<\/p>\n<p>Pute\u021bi cump\u0103ra Vitamina D3 de la Balkan Pharmaceuticals de la noi \u0219i v\u0103 garant\u0103m cel mai bun pre\u021b de pe pia\u021b\u0103, autenticitatea \u0219i calitatea produsului, precum \u0219i nivelul ridicat al serviciilor oferite.<\/p>\n<\/div>\n<\/div>\n<\/div>\n<\/div>\n","protected":false},"excerpt":{"rendered":"<h3>VITAMINA D3 30 capsule Balkan Pharmaceuticals<\/h3>\n","protected":false},"featured_media":42378,"comment_status":"open","ping_status":"closed","template":"","meta":{"_et_pb_use_builder":"","_et_pb_old_content":"","_et_gb_content_width":""},"product_brand":[],"product_cat":[675],"product_tag":[743,746,748,749,745],"class_list":{"0":"post-42511","1":"product","2":"type-product","3":"status-publish","4":"has-post-thumbnail","6":"product_cat-nutritie-sportiva","7":"product_tag-balkan-pharmaceuticals-ro","8":"product_tag-cumpara","9":"product_tag-nutritie","10":"product_tag-sportiv","11":"product_tag-vitamine","13":"first","14":"instock","15":"shipping-taxable","16":"purchasable","17":"product-type-simple"},"aioseo_notices":[],"_links":{"self":[{"href":"https:\/\/amaldis.md\/ro\/wp-json\/wp\/v2\/product\/42511","targetHints":{"allow":["GET"]}}],"collection":[{"href":"https:\/\/amaldis.md\/ro\/wp-json\/wp\/v2\/product"}],"about":[{"href":"https:\/\/amaldis.md\/ro\/wp-json\/wp\/v2\/types\/product"}],"replies":[{"embeddable":true,"href":"https:\/\/amaldis.md\/ro\/wp-json\/wp\/v2\/comments?post=42511"}],"wp:featuredmedia":[{"embeddable":true,"href":"https:\/\/amaldis.md\/ro\/wp-json\/wp\/v2\/media\/42378"}],"wp:attachment":[{"href":"https:\/\/amaldis.md\/ro\/wp-json\/wp\/v2\/media?parent=42511"}],"wp:term":[{"taxonomy":"product_brand","embeddable":true,"href":"https:\/\/amaldis.md\/ro\/wp-json\/wp\/v2\/product_brand?post=42511"},{"taxonomy":"product_cat","embeddable":true,"href":"https:\/\/amaldis.md\/ro\/wp-json\/wp\/v2\/product_cat?post=42511"},{"taxonomy":"product_tag","embeddable":true,"href":"https:\/\/amaldis.md\/ro\/wp-json\/wp\/v2\/product_tag?post=42511"}],"curies":[{"name":"wp","href":"https:\/\/api.w.org\/{rel}","templated":true}]}}