{"id":42514,"date":"2024-02-13T13:44:43","date_gmt":"2024-02-13T10:44:43","guid":{"rendered":"https:\/\/amaldis.md\/product\/creatine-bp-powder-oral-sol-500g-1\/"},"modified":"2025-03-06T20:46:32","modified_gmt":"2025-03-06T17:46:32","slug":"creatine-bp-powder-oral-sol-500g-1","status":"publish","type":"product","link":"https:\/\/amaldis.md\/ro\/produs\/creatine-bp-powder-oral-sol-500g-1\/","title":{"rendered":"Creatine BP powder.\/oral.sol. 500g \u21161"},"content":{"rendered":"<div class=\"row d-flex flex-column-reverse flex-md-row mb-4\">\n<div class=\"col\">\n<div class=\"product-details\">\n<div class=\"product-short-desc\">\n<ul class=\"list-type-check\">\n<li>\n<h5>Creatine BP powder.\/oral.sol. 500g \u21161<\/h5>\n<h5> Creatina BP este o pudr\u0103 derivat\u0103 din creatina monohidrat marca Creapure\u00ae &#8211; recunoscut\u0103 ca fiind cea mai pur\u0103 \u0219i mai concentrat\u0103 creatin\u0103 disponibil\u0103 pe pia\u021b\u0103, procesat\u0103 \u00een particule minuscule pentru o mai bun\u0103 absorb\u021bie;<\/h5>\n<\/li>\n<li>Absorb\u021bie u\u0219oar\u0103 \u0219i rapid\u0103;<\/li>\n<li>Ambalaj convenabil de 500 de grame pentru beneficii mai mari \u0219i provizii lungi;<\/li>\n<li>Stimuleaz\u0103 cre\u0219terea muscular\u0103, cre\u0219te for\u021ba \u0219i rezisten\u021ba, ajut\u0103 la refacerea energiei \u0219i accelereaz\u0103 recuperarea dup\u0103 antrenamente intense.<\/li>\n<\/ul>\n<\/div>\n<\/div>\n<\/div>\n<div class=\"col col-md-4\">\n<div class=\"product-galery\">\n<div class=\"swiper product-galery-swiper rounded-10 swiper-initialized swiper-horizontal swiper-pointer-events swiper-backface-hidden\">\n<div id=\"swiper-wrapper-d9587d1089cfc5f91\" class=\"swiper-wrapper\" aria-live=\"polite\">\n<div class=\"swiper-slide swiper-slide-active\" role=\"group\" aria-label=\"1 \/ 1\"><\/div>\n<\/div>\n<\/div>\n<\/div>\n<\/div>\n<\/div>\n<div class=\"grid activecomp\">\n<div class=\"row\">\n<div class=\"col-12 col-lg-6 mb-4\">\n<div class=\"ta-content\">\n<div class=\"compacti\">Componenta<\/div>\n<div class=\"elms\">\n<div class=\"ta-pane row\">\n<div class=\"col\">Creatina monohidrat 5 g<\/div>\n<\/div>\n<\/div>\n<div class=\"notis\">* 5 g pe zi<\/div>\n<\/div>\n<\/div>\n<div class=\"col-12 col-lg-6\">\n<div class=\"ta-content\">\n<div class=\"compacti\">Componente auxiliare<\/div>\n<div class=\"elms\">\n<div class=\"ta-pane row\">\n<div class=\"col cntr_el\">Regulator de aciditate: acid citric; arom\u0103 de portocale; \u00eendulcitor: zaharin\u0103 sodic\u0103.<\/div>\n<\/div>\n<\/div>\n<\/div>\n<\/div>\n<\/div>\n<\/div>\n<div class=\"row d-none d-md-block\">\n<div class=\"col\">\n<ul class=\"nav nav-tabs tab-infoproduct justify-content-between\">\n<li class=\"nav-item active\">Caracteristicile produsului<\/li>\n<li class=\"nav-item \">Avantaje\/beneficii<\/li>\n<li class=\"nav-item \">Recomand\u0103ri de utilizare<\/li>\n<\/ul>\n<div class=\"tab-content\">\n<div id=\"harakteristikiprodukta\" class=\"tab-pane active\">\n<p>Ne-am confruntat cu dificult\u0103\u021bi \u00een alegerea unui produs care con\u021bine creatin\u0103 din numeroasele m\u0103rci de calitate \u00eendoielnic\u0103 disponibile pe pia\u021b\u0103. Suntem aici pentru a v\u0103 ajuta!<\/p>\n<p>Ce este creatina?<\/p>\n<p>Creatina este un compus organic produs de corpul uman care se g\u0103se\u0219te \u00een mod natural \u00een alimente precum carnea ro\u0219ie \u0219i pe\u0219tele, dar poate fi sintetizat \u0219i \u00een laborator \u0219i luat ca supliment alimentar. Creatina este implicat\u0103 \u00een producerea energiei necesare contrac\u021biei musculare, a\u0219a c\u0103 este deosebit de popular\u0103 printre sportivi \u0219i culturisti pentru a \u00eembun\u0103t\u0103\u021bi performan\u021ba fizic\u0103 \u0219i pentru a accelera cre\u0219terea muscular\u0103.<\/p>\n<p>Creatine BP de la Balkan Pharmaceuticals ofer\u0103 toate beneficiile unui produs de calitate cu con\u021binut optim de creatin\u0103 monohidrat pur\u0103 pentru a-\u021bi atinge obiectivele \u0219i a ob\u021bine rezultate de \u00eencredere, la cel mai bun pre\u021b.<\/p>\n<p>FIECARE PRODUS ESTE TESTAT PENTRU EFICACITATE \u0218I PURITATE: Fiecare produs Balkan Pharmaceuticals este fabricat \u00een conformitate cu standardele GMP \u0219i este supus mai multor verific\u0103ri la nivel de calitate \u00een fiecare etap\u0103 de produc\u021bie. Ingredientele \u0219i produsele finite sunt testate \u0219i analizate de c\u0103tre departamentul nostru de control al calit\u0103\u021bii (\u0219i \u00een laboratorul nostru microbiologic), iar rezultatele sunt puse la dispozi\u021bia publicului pentru a asigura o transparen\u021b\u0103 total\u0103 \u0219i o asigurare a calit\u0103\u021bii.<\/p>\n<p>Balkan Pharmaceuticals a rezistat testului timpului prin crearea a mii de produse pentru \u00eembun\u0103t\u0103\u021birea s\u0103n\u0103t\u0103\u021bii, folosind cele mai recente progrese \u00een \u0219tiin\u021ba nutri\u021bional\u0103 \u0219i ingrediente optime pentru a oferi suplimente nutritive de \u00eenalt\u0103 calitate \u0219i cu adev\u0103rat valoroase.<\/p>\n<p>INGREDIENTE ACTIVE (COMOZI\u021aIE): Creatin\u0103 monohidrat micronizat\u0103.<\/p>\n<p>AMBALAJ: Produsul se livreaza in pungi de polietilena de inalta densitate, sigilate individual din fabrica, echipate cu dozator si inchidere cu fermoar, concepute pentru a proteja produsul de umiditate, oxidare, contaminare sau reactii chimice. Acest tip de ambalaj garanteaz\u0103 calitatea produsului \u00eenainte de utilizarea imediat\u0103 a acestuia, este convenabil pentru transport \u0219i depozitare \u0219i este un asistent convenabil \u00een rutina zilnic\u0103 de \u00eengrijire a s\u0103n\u0103t\u0103\u021bii.<\/p>\n<p>INDICA\u021aII DE UTILIZARE: Formula noastr\u0103 este destinat\u0103 adul\u021bilor activi care se angajeaz\u0103 \u00eentr-un antrenament fizic intens.<\/p>\n<p>FORMA DE ELIBERARE: 500 de grame de creatina pura &#8211; o cantitate suficienta pentru cel putin 2 luni (daca este luata zilnic).<\/p>\n<\/div>\n<\/div>\n<\/div>\n<\/div>\n","protected":false},"excerpt":{"rendered":"<h3>Creatine BP powder.\/oral.sol. 500g \u21161 Balkan Pharmaceuticals<\/h3>\n","protected":false},"featured_media":42371,"comment_status":"open","ping_status":"closed","template":"","meta":{"_et_pb_use_builder":"","_et_pb_old_content":"","_et_gb_content_width":""},"product_brand":[],"product_cat":[675],"product_tag":[743,773,746,748,749],"class_list":{"0":"post-42514","1":"product","2":"type-product","3":"status-publish","4":"has-post-thumbnail","6":"product_cat-nutritie-sportiva","7":"product_tag-balkan-pharmaceuticals-ro","8":"product_tag-creatina","9":"product_tag-cumpara","10":"product_tag-nutritie","11":"product_tag-sportiv","13":"first","14":"instock","15":"shipping-taxable","16":"purchasable","17":"product-type-simple"},"aioseo_notices":[],"_links":{"self":[{"href":"https:\/\/amaldis.md\/ro\/wp-json\/wp\/v2\/product\/42514","targetHints":{"allow":["GET"]}}],"collection":[{"href":"https:\/\/amaldis.md\/ro\/wp-json\/wp\/v2\/product"}],"about":[{"href":"https:\/\/amaldis.md\/ro\/wp-json\/wp\/v2\/types\/product"}],"replies":[{"embeddable":true,"href":"https:\/\/amaldis.md\/ro\/wp-json\/wp\/v2\/comments?post=42514"}],"wp:featuredmedia":[{"embeddable":true,"href":"https:\/\/amaldis.md\/ro\/wp-json\/wp\/v2\/media\/42371"}],"wp:attachment":[{"href":"https:\/\/amaldis.md\/ro\/wp-json\/wp\/v2\/media?parent=42514"}],"wp:term":[{"taxonomy":"product_brand","embeddable":true,"href":"https:\/\/amaldis.md\/ro\/wp-json\/wp\/v2\/product_brand?post=42514"},{"taxonomy":"product_cat","embeddable":true,"href":"https:\/\/amaldis.md\/ro\/wp-json\/wp\/v2\/product_cat?post=42514"},{"taxonomy":"product_tag","embeddable":true,"href":"https:\/\/amaldis.md\/ro\/wp-json\/wp\/v2\/product_tag?post=42514"}],"curies":[{"name":"wp","href":"https:\/\/api.w.org\/{rel}","templated":true}]}}