{"id":42515,"date":"2024-02-13T13:33:45","date_gmt":"2024-02-13T10:33:45","guid":{"rendered":"https:\/\/amaldis.md\/product\/collagen-vit-c-30-plicuri\/"},"modified":"2024-02-13T13:33:45","modified_gmt":"2024-02-13T10:33:45","slug":"collagen-vit-c-30-plicuri","status":"publish","type":"product","link":"https:\/\/amaldis.md\/ro\/produs\/collagen-vit-c-30-plicuri\/","title":{"rendered":"Collagen + Vit. C 30 plicuri"},"content":{"rendered":"<div class=\"row d-flex flex-column-reverse flex-md-row mb-4\">\n<div class=\"col\">\n<div class=\"product-details\">\n<div class=\"product-short-desc\">\n<h5 style=\"text-align: left;\"> Collagen + Vit. C 30 plicuri Formula concentrata conceputa pentru a mentine frumusetea si mobilitatea corpului;<\/h5>\n<ul class=\"list-type-check\">\n<li>Contine 8.320 mg Colagen Hidrolizat Tipurile I si III (Peptan\u00ae, origine bovina), combinat cu 180 mg Vitamina C (sub forma de acid ascorbic) per portie pentru a combate in continuare semnele imbatranirii;<\/li>\n<li>Sus\u021bine s\u0103n\u0103tatea sistemului musculo-scheletic, a pielii, p\u0103rului \u0219i unghiilor, \u00eembun\u0103t\u0103\u021be\u0219te imunitatea \u0219i nivelul de antioxidan\u021bi din s\u00e2nge;<\/li>\n<li>Ambalare convenabil\u0103 ON-THE-GO;<\/li>\n<li>30 de plicule\u021be de pulbere reprezint\u0103 o cantitate suficient\u0103 pentru o lun\u0103 (aport zilnic).<\/li>\n<\/ul>\n<\/div>\n<\/div>\n<\/div>\n<div class=\"col col-md-4\">\n<div class=\"product-galery\">\n<div class=\"swiper product-galery-swiper rounded-10 swiper-initialized swiper-horizontal swiper-pointer-events swiper-backface-hidden\"><\/div>\n<div class=\"swiper-button-next\" tabindex=\"0\" role=\"button\" aria-label=\"Next slide\" aria-controls=\"swiper-wrapper-cce44825caa10433e\" aria-disabled=\"false\">Componenta<\/div>\n<\/div>\n<\/div>\n<\/div>\n<div class=\"grid activecomp\">\n<div class=\"row\">\n<div class=\"col-12 col-lg-6 mb-4\">\n<div class=\"ta-content\">\n<div class=\"elms\">\n<div class=\"ta-pane row\">\n<div class=\"col\">Colagen hidrolizat de tipurile I \u0219i III (Peptan\u00ae, colagen de bovine)<\/div>\n<div class=\"col cntr_el valu\">8320 mg<\/div>\n<\/div>\n<div class=\"ta-pane row\">\n<div class=\"col\">Vitamina C (sub form\u0103 de acid ascorbic)<\/div>\n<div class=\"col cntr_el valu\">180 mg<\/div>\n<\/div>\n<\/div>\n<div class=\"notis\">* 1 por\u021bie (10 g) pe zi<\/div>\n<\/div>\n<\/div>\n<\/div>\n<\/div>\n<div class=\"row d-none d-md-block\">\n<div class=\"col\">\n<ul class=\"nav nav-tabs tab-infoproduct justify-content-between\">\n<li class=\"nav-item active\">Caracteristicile produsului<\/li>\n<li class=\"nav-item \">Avantaje\/beneficii<\/li>\n<li class=\"nav-item \">Recomand\u0103ri de utilizare<\/li>\n<\/ul>\n<div class=\"tab-content\">\n<div id=\"harakteristikiprodukta\" class=\"tab-pane active\">\n<p>Descoperi\u021bi puterea colagenului \u0219i a vitaminei C combinate \u00eentr-un singur produs: Colagen + Vit. C. Suplimentul nostru nutritiv de \u00eenalt\u0103 calitate combin\u0103 dou\u0103 ingrediente cheie pentru s\u0103n\u0103tatea \u0219i frumuse\u021bea corpului uman.<\/p>\n<p>Colagenul este o protein\u0103 care se g\u0103se\u0219te \u00een corpul nostru \u0219i joac\u0103 un rol esen\u021bial \u00een men\u021binerea s\u0103n\u0103t\u0103\u021bii pielii, articula\u021biilor \u0219i \u021besuturilor conjunctive. Cu toate acestea, pe m\u0103sur\u0103 ce \u00eemb\u0103tr\u00e2nim, produc\u021bia de colagen scade, ceea ce poate duce la semne de \u00eemb\u0103tr\u00e2nire precum ridurile, pielea l\u0103sat\u0103, unghiile fragile \u0219i apari\u021bia diferitelor forme de celulit\u0103.<\/p>\n<p>Collagen + Vit. C ofer\u0103 o doz\u0103 generoas\u0103 de 8320 mg de colagen hidrolizat de tipurile I \u0219i III (Peptan\u00ae, origine bovin\u0103) per por\u021bie. Acest tip de colagen este cel mai bine absorbit de organism \u0219i poate \u00eent\u0103ri pielea, cre\u0219te elasticitatea articula\u021biilor \u0219i red\u0103 unghiilor \u0219i p\u0103rului s\u0103n\u0103tatea \u0219i str\u0103lucirea anterioar\u0103.<\/p>\n<p>Pentru a valorifica pe deplin \u0219i a p\u0103stra beneficiile colagenului, am ad\u0103ugat 180 mg de vitamina C (sub form\u0103 de acid ascorbic) la fiecare por\u021bie, de peste dou\u0103 ori valoarea zilnic\u0103 recomandat\u0103. Vitamina C este cunoscut\u0103 pentru propriet\u0103\u021bile sale antioxidante puternice, care ajut\u0103 la combaterea radicalilor liberi \u0219i sus\u021bin pielea s\u0103n\u0103toas\u0103, iar atunci c\u00e2nd este combinat\u0103, stimuleaz\u0103 \u0219i sinteza natural\u0103 de colagen a organismului, asigur\u00e2nd absorb\u021bia maxim\u0103 a colagenului furnizat de produsul nostru.<\/p>\n<p>Indiferent de v\u00e2rsta sau stilul t\u0103u de via\u021b\u0103, indiferent dac\u0103 te preocup\u0103 pielea, p\u0103rul \u0219i unghiile, mobilitatea articula\u021biilor sau starea general\u0103 de bine, Colagen + Vit. C este o solu\u021bie inteligent\u0103 care v\u0103 va ajuta s\u0103 v\u0103 \u00eembun\u0103t\u0103\u021bi\u021bi s\u0103n\u0103tatea corpului \u0219i s\u0103 ar\u0103ta\u021bi mai t\u00e2n\u0103r \u0219i mai frumos.<\/p>\n<p>Cum s\u0103 lua\u021bi Colagen + Vit. C \u0219i \u00een ce doze este descris \u00een detaliu pe ambalajul produsului \u0219i \u00een instruc\u021biunile ata\u0219ate acestuia.<\/p>\n<p>Pute\u021bi cump\u0103ra Colagen + Vit. C de la Balkan Pharmaceuticals in farmaciile din toata tara, insa, achizitionand-o de la noi, va garantam cel mai bun pret de pe piata, precum si un nivel ridicat de calitate al produsului si serviciilor oferite.<\/p>\n<p>FIECARE PRODUS ESTE TESTAT PENTRU EFICACITATE \u0218I PURITATE: Fiecare produs Balkan Pharmaceuticals este fabricat \u00een conformitate cu standardele GMP \u0219i este supus mai multor verific\u0103ri la nivel de calitate \u00een fiecare etap\u0103 de produc\u021bie. Ingredientele \u0219i produsele finite sunt testate \u0219i analizate de c\u0103tre departamentul nostru de control al calit\u0103\u021bii (\u0219i \u00een laboratorul nostru microbiologic), iar rezultatele sunt puse la dispozi\u021bia publicului pentru a asigura o transparen\u021b\u0103 total\u0103 \u0219i o asigurare a calit\u0103\u021bii.<\/p>\n<p>Balkan Pharmaceuticals a rezistat testului timpului prin crearea a mii de produse pentru \u00eembun\u0103t\u0103\u021birea s\u0103n\u0103t\u0103\u021bii, folosind cele mai recente progrese \u00een \u0219tiin\u021ba nutri\u021bional\u0103 \u0219i ingrediente optime pentru a oferi suplimente nutritive de \u00eenalt\u0103 calitate \u0219i cu adev\u0103rat valoroase.<\/p>\n<p>INGREDIENTE ACTIVE (COMPOZI\u021aIE): Colagen hidrolizat tip I \u0219i III (Peptan\u00ae, origine bovin\u0103) \u2013 8320 mg, Vitamina C (sub form\u0103 de acid ascorbic) \u2013 180 mg.<\/p>\n<p>AMBALARE: SKIN Essential se prezint\u0103 \u00een pachete din fabric\u0103 sigilate individual, concepute pentru a proteja \u00eempotriva umidit\u0103\u021bii, oxid\u0103rii, contamin\u0103rii sau interac\u021biunii chimice prin izolarea fiec\u0103rei doze \u00eentr-o pung\u0103 separat\u0103. Aceast\u0103 form\u0103 de ambalare garanteaz\u0103 calitatea produsului \u0219i standardele de igien\u0103 la fiecare consum. Aceste pungi de dimensiuni compacte faciliteaz\u0103 transportul produselor \u00een cantit\u0103\u021bi mici \u0219i sunt un ajutor util \u00een rutina zilnic\u0103 de s\u0103n\u0103tate.<\/p>\n<p>INDICA\u021aII DE UTILIZARE: Produsul este destinat adul\u021bilor ca supliment alimentar pentru a preveni deficitul de colagen \u0219i vitamina C, problemele articulare, men\u021bine pielea, p\u0103rul \u0219i unghiile s\u0103n\u0103toase, \u00eembun\u0103t\u0103\u021birea imunit\u0103\u021bii organismului \u0219i reducerea oboselii.<\/p>\n<p>FORMA DE ELIBERARE: 30 de plicuri de pulbere pentru solutie orala &#8211; o cantitate lunara suficienta (utilizare zilnica).<\/p>\n<\/div>\n<\/div>\n<\/div>\n<\/div>\n","protected":false},"excerpt":{"rendered":"<h3>Collagen + Vit. C Pachet 30 Balkan Pharmaceuticals arom\u0103 de mere<\/h3>\n","protected":false},"featured_media":42365,"comment_status":"open","ping_status":"closed","template":"","meta":{"_et_pb_use_builder":"","_et_pb_old_content":"","_et_gb_content_width":""},"product_brand":[],"product_cat":[675],"product_tag":[743,771,776,746,748,749,777],"class_list":{"0":"post-42515","1":"product","2":"type-product","3":"status-publish","4":"has-post-thumbnail","6":"product_cat-nutritie-sportiva","7":"product_tag-balkan-pharmaceuticals-ro","8":"product_tag-colagen","9":"product_tag-colagen-vit-c-pachet-30","10":"product_tag-cumpara","11":"product_tag-nutritie","12":"product_tag-sportiv","13":"product_tag-vitamina-c","15":"first","16":"instock","17":"shipping-taxable","18":"purchasable","19":"product-type-simple"},"aioseo_notices":[],"_links":{"self":[{"href":"https:\/\/amaldis.md\/ro\/wp-json\/wp\/v2\/product\/42515","targetHints":{"allow":["GET"]}}],"collection":[{"href":"https:\/\/amaldis.md\/ro\/wp-json\/wp\/v2\/product"}],"about":[{"href":"https:\/\/amaldis.md\/ro\/wp-json\/wp\/v2\/types\/product"}],"replies":[{"embeddable":true,"href":"https:\/\/amaldis.md\/ro\/wp-json\/wp\/v2\/comments?post=42515"}],"wp:featuredmedia":[{"embeddable":true,"href":"https:\/\/amaldis.md\/ro\/wp-json\/wp\/v2\/media\/42365"}],"wp:attachment":[{"href":"https:\/\/amaldis.md\/ro\/wp-json\/wp\/v2\/media?parent=42515"}],"wp:term":[{"taxonomy":"product_brand","embeddable":true,"href":"https:\/\/amaldis.md\/ro\/wp-json\/wp\/v2\/product_brand?post=42515"},{"taxonomy":"product_cat","embeddable":true,"href":"https:\/\/amaldis.md\/ro\/wp-json\/wp\/v2\/product_cat?post=42515"},{"taxonomy":"product_tag","embeddable":true,"href":"https:\/\/amaldis.md\/ro\/wp-json\/wp\/v2\/product_tag?post=42515"}],"curies":[{"name":"wp","href":"https:\/\/api.w.org\/{rel}","templated":true}]}}