{"id":42516,"date":"2024-02-13T13:09:51","date_gmt":"2024-02-13T10:09:51","guid":{"rendered":"https:\/\/amaldis.md\/product\/bcaa-500-g\/"},"modified":"2026-03-05T14:56:57","modified_gmt":"2026-03-05T11:56:57","slug":"bcaa-500-g","status":"publish","type":"product","link":"https:\/\/amaldis.md\/ro\/produs\/bcaa-500-g\/","title":{"rendered":"BPH BCAA Mar Verde 500gr. pulb 8475"},"content":{"rendered":"<div class=\"row d-flex flex-column-reverse flex-md-row mb-4\">\n<div class=\"col\">\n<div class=\"product-details\">\n<div class=\"product-short-desc\">\n<ul class=\"list-type-check\">\n<li>\n<h5>BCAA 500 g<\/h5>\n<p>O formul\u0103 dovedit\u0103 care ofer\u0103 5000 mg de L-Leucin\u0103, L-Isoleucin\u0103 \u0219i L-Valin\u0103 per por\u021bie \u00eentr-un raport ideal de 2:1:1;<\/li>\n<li>BCAA de \u00eenalt\u0103 calitate \u0219i puritate la nivel farmaceutic, un instrument excelent pentru construirea masei musculare, recuperare accelerat\u0103 \u0219i rezisten\u021b\u0103 crescut\u0103.<\/li>\n<li>O solu\u021bie excelent\u0103 pentru persoanele care urmeaz\u0103 o diet\u0103 s\u0103rac\u0103 \u00een calorii sau cu con\u021binut sc\u0103zut de proteine, care poate ajuta la compensarea efectelor catabolice ale deficitelor calorice \u0219i la p\u0103strarea mu\u0219chilor sl\u0103bi\u021bi;<\/li>\n<li>Fiecare por\u021bie recomandat\u0103 cre\u0219te rezervele de energie ale organismului \u0219i \u00eencetine\u0219te semnificativ apari\u021bia oboselii dup\u0103 efort;<\/li>\n<li>500 g de produs, ambalat convenabil, va furniza cantitatea necesar\u0103 de aminoacizi cu lan\u021b ramificat (BCAA) pentru o perioad\u0103 lung\u0103 de timp.<\/li>\n<\/ul>\n<\/div>\n<\/div>\n<\/div>\n<div class=\"col col-md-4\">\n<div class=\"product-galery\">\n<div class=\"swiper product-galery-swiper rounded-10 swiper-initialized swiper-horizontal swiper-pointer-events swiper-backface-hidden\"><\/div>\n<div class=\"swiper-pagination swiper-pagination-clickable swiper-pagination-bullets swiper-pagination-horizontal\"><\/div>\n<div class=\"swiper-button-next\" tabindex=\"0\" role=\"button\" aria-label=\"Next slide\" aria-controls=\"swiper-wrapper-109621936a88d5418\" aria-disabled=\"false\">Componenta<\/div>\n<\/div>\n<\/div>\n<\/div>\n<div class=\"grid activecomp\">\n<div class=\"row\">\n<div class=\"col-12 col-lg-6 mb-4\">\n<div class=\"ta-content\">\n<div class=\"elms\">\n<div class=\"ta-pane row\">\n<div class=\"col\">L-leucin\u0103 2,5 g<\/div>\n<\/div>\n<div class=\"ta-pane row\">\n<div class=\"col\">L-izoleucin\u0103 1,25 g<\/div>\n<\/div>\n<div class=\"ta-pane row\">\n<div class=\"col\">L-valin\u0103 1,25 g<\/div>\n<\/div>\n<\/div>\n<div class=\"notis\">* 1-2 portii (7 g) pe zi<\/div>\n<\/div>\n<\/div>\n<\/div>\n<\/div>\n<div class=\"row d-none d-md-block\">\n<div class=\"col\">\n<ul class=\"nav nav-tabs tab-infoproduct justify-content-between\">\n<li class=\"nav-item active\">Caracteristicile produsului<\/li>\n<li class=\"nav-item \">Avantaje\/beneficii<\/li>\n<li class=\"nav-item \">Recomand\u0103ri de utilizare<\/li>\n<\/ul>\n<div class=\"tab-content\">\n<div id=\"harakteristikiprodukta\" class=\"tab-pane active\">\n<p>Nu \u0219tii ce supliment de BCAA s\u0103 alegi pentru tine pentru a avea un efect excep\u021bional de benefic asupra organismului t\u0103u?<\/p>\n<p>V\u0103 prezent\u0103m BCAA 2:1:1 de la Balkan Pharmaceuticals &#8211; suplimentul ideal pentru a sus\u021bine performan\u021ba atletic\u0103, a mu\u0219chilor \u0219i a imunit\u0103\u021bii, pentru a stimula mintea \u0219i corpul \u0219i pentru a men\u021bine greutatea optim\u0103. Datorit\u0103 formulei sale avansate de aminoacizi cu lan\u021b ramificat (BCAA), acest produs este excelent pentru hr\u0103nirea mu\u0219chilor \u0219i pentru accelerarea procesului de recuperare. Fie c\u0103 e\u0219ti un atlet pasionat care se antreneaz\u0103 intens sau duci un stil de via\u021b\u0103 moderat activ, mu\u0219chii t\u0103i au nevoie de nutrien\u021bi pentru a r\u0103m\u00e2ne s\u0103n\u0103to\u0219i. Balkan Pharmaceuticals BCAA 2:1:1 v\u0103 ofer\u0103 aminoacizi esen\u021biali pentru a sprijini \u00eentre\u021binerea \u0219i repararea \u021besutului muscular \u0219i ofer\u0103 sprijinul de care ave\u021bi nevoie pentru a v\u0103 atinge obiectivele.<\/p>\n<p>Ce este BCAA (bcaa)?<\/p>\n<p>BCAA este un acronim pentru aminoacizi cu lan\u021b ramificat &#8211; leucin\u0103, izoleucin\u0103 \u0219i valin\u0103 &#8211; aminoacizi vitali care joac\u0103 un rol cheie \u00een construirea \u0219i repararea \u021besutului muscular. Deoarece organismul nu le poate sintetiza \u00een mod natural, avem nevoie de alimente sau suplimente potrivite pentru a ob\u021bine ace\u0219ti micronutrien\u021bi vitali. Datorit\u0103 importan\u021bei lor speciale pentru cre\u0219terea \u021besutului muscular, reducerea defalc\u0103rii musculare \u0219i recuperarea accelerat\u0103 dup\u0103 antrenament intens, BCAA se dovedesc a fi adev\u0103ra\u021bi alia\u021bi \u00een \u00eencercarea noastr\u0103 de a cre\u0219te \u0219i\/sau men\u021bine masa corporal\u0103 slab\u0103. \u00cen plus, ace\u0219ti aminoacizi pot servi ca surs\u0103 de energie \u00een timpul efortului fizic prelungit, ajut\u00e2nd la men\u021binerea unui echilibru pozitiv de azot \u00een organism.<\/p>\n<p>Suplimentul nostru BCAA v\u0103 ofer\u0103 L-Leucin\u0103, L-Isoleucin\u0103 \u0219i L-Valin\u0103 \u00een cantitatea \u0219i raportul ideal, este foarte absorbabil, convenabil \u0219i u\u0219or de utilizat \u0219i are o poten\u021b\u0103 avansat\u0103 \u00een compara\u021bie cu multe alte alternative de tablete sau capsule. . Pute\u021bi cump\u0103ra BCAA 2:1:1 \u0219i celelalte suplimente nutri\u021bionale sportive ale noastre de la farmacie, dar comand\u00e2ndu-le de la noi, garanta\u021bi c\u0103 achizi\u021biona\u021bi un produs autentic la cel mai bun pre\u021b.<\/p>\n<p>Cu produsul nostru premium beneficia\u021bi doar de beneficiile aminoacizilor BCAA. Alege\u021bi BCAA 2:1:1 de la Balkan Pharmaceuticals \u0219i bucura\u021bi-v\u0103 de cel mai bun supliment de BCAA disponibil pentru ob\u021binerea de rezultate uimitoare \u00een sal\u0103, recuperare mai rapid\u0103 dup\u0103 interven\u021bii chirurgicale sau leziuni, men\u021binerea \u021besutului muscular \u0219i a greut\u0103\u021bii corporale s\u0103n\u0103toase la v\u00e2rsta adult\u0103 sau a dietelor restrictive \u0219i pentru a cre\u0219te energia poten\u021bialul corpului t\u0103u.<\/p>\n<p>FIECARE PRODUS ESTE TESTAT PENTRU EFICACITATE \u0218I PURITATE: Fiecare produs Balkan Pharmaceuticals este fabricat \u00een conformitate cu standardele GMP \u0219i este supus mai multor verific\u0103ri la nivel de calitate \u00een fiecare etap\u0103 de produc\u021bie. Ingredientele \u0219i produsele finite sunt testate \u0219i analizate de c\u0103tre departamentul nostru de control al calit\u0103\u021bii (\u0219i \u00een laboratorul nostru microbiologic), iar rezultatele sunt puse la dispozi\u021bia publicului pentru a asigura o transparen\u021b\u0103 total\u0103 \u0219i o asigurare a calit\u0103\u021bii.<\/p>\n<p>Balkan Pharmaceuticals a rezistat testului timpului prin crearea a mii de produse pentru \u00eembun\u0103t\u0103\u021birea s\u0103n\u0103t\u0103\u021bii, folosind cele mai recente progrese \u00een \u0219tiin\u021ba nutri\u021bional\u0103 \u0219i ingrediente optime pentru a oferi suplimente nutritive de \u00eenalt\u0103 calitate \u0219i cu adev\u0103rat valoroase.<\/p>\n<p>INGREDIENTE ACTIVE (COMPOZI\u021aIE): L-Leucin\u0103, L-Isoleucin\u0103 \u0219i L-Valin\u0103<\/p>\n<p>INDICA\u021aII DE UTILIZARE: Produsul este destinat persoanelor active fizic pentru a c\u00e2\u0219tiga rapid masa muscular\u0103 \u0219i a accelera recuperarea muscular\u0103, precum \u0219i pentru alte categorii de adul\u021bi, inclusiv v\u00e2rstnici, ca surs\u0103 suplimentar\u0103 de nutri\u021bie pentru men\u021binerea \u021besutului muscular, controlul greut\u0103\u021bii corporale, \u00eent\u0103rirea sistemului imunitar, ca mijloc de completare suplimentar\u0103 a energiei \u0219i de cre\u0219tere a capacit\u0103\u021bilor de regenerare ale organismului.<\/p>\n<p>FORM\u0102 DE ELIBERARE: 500 g de produs sub form\u0103 de pulbere pentru solu\u021bie oral\u0103.<\/p>\n<\/div>\n<\/div>\n<\/div>\n<\/div>\n","protected":false},"excerpt":{"rendered":"<h3>BPH BCAA Mar Verde 500gr. pulb 8475 <\/h3>\n","protected":false},"featured_media":46071,"comment_status":"open","ping_status":"closed","template":"","meta":{"_et_pb_use_builder":"","_et_pb_old_content":"","_et_gb_content_width":""},"product_brand":[1326],"product_cat":[675],"product_tag":[1377,779,743,1378,778,746,1342,748,749],"class_list":{"0":"post-42516","1":"product","2":"type-product","3":"status-publish","4":"has-post-thumbnail","6":"product_brand-balkan-pharmaceuticals","7":"product_cat-nutritie-sportiva","8":"product_tag-aditiv","9":"product_tag-aminoacizi","10":"product_tag-balkan-pharmaceuticals-ro","11":"product_tag-balti","12":"product_tag-bcaa-500-g-ro","13":"product_tag-cumpara","14":"product_tag-moldova-ro","15":"product_tag-nutritie","16":"product_tag-sportiv","18":"first","19":"instock","20":"shipping-taxable","21":"purchasable","22":"product-type-simple"},"aioseo_notices":[],"_links":{"self":[{"href":"https:\/\/amaldis.md\/ro\/wp-json\/wp\/v2\/product\/42516","targetHints":{"allow":["GET"]}}],"collection":[{"href":"https:\/\/amaldis.md\/ro\/wp-json\/wp\/v2\/product"}],"about":[{"href":"https:\/\/amaldis.md\/ro\/wp-json\/wp\/v2\/types\/product"}],"replies":[{"embeddable":true,"href":"https:\/\/amaldis.md\/ro\/wp-json\/wp\/v2\/comments?post=42516"}],"wp:featuredmedia":[{"embeddable":true,"href":"https:\/\/amaldis.md\/ro\/wp-json\/wp\/v2\/media\/46071"}],"wp:attachment":[{"href":"https:\/\/amaldis.md\/ro\/wp-json\/wp\/v2\/media?parent=42516"}],"wp:term":[{"taxonomy":"product_brand","embeddable":true,"href":"https:\/\/amaldis.md\/ro\/wp-json\/wp\/v2\/product_brand?post=42516"},{"taxonomy":"product_cat","embeddable":true,"href":"https:\/\/amaldis.md\/ro\/wp-json\/wp\/v2\/product_cat?post=42516"},{"taxonomy":"product_tag","embeddable":true,"href":"https:\/\/amaldis.md\/ro\/wp-json\/wp\/v2\/product_tag?post=42516"}],"curies":[{"name":"wp","href":"https:\/\/api.w.org\/{rel}","templated":true}]}}