{"id":42520,"date":"2024-02-08T19:29:19","date_gmt":"2024-02-08T16:29:19","guid":{"rendered":"https:\/\/amaldis.md\/product\/vitamina-c-1000-mg-100-comprimate\/"},"modified":"2025-03-06T20:50:16","modified_gmt":"2025-03-06T17:50:16","slug":"vitamina-c-1000-mg-100-comprimate","status":"publish","type":"product","link":"https:\/\/amaldis.md\/ro\/produs\/vitamina-c-1000-mg-100-comprimate\/","title":{"rendered":"VITAMINA C 1000 mg 100 comprimate"},"content":{"rendered":"<h3>VITAMINA C 1000 mg 100 comprimate<\/h3>\n<p class=\"title_style_1\">DESCRIEREA PRODUSULUI <span class=\"label label-info\">Cea mai popular\u0103 dintre toate vitaminele<\/span>, ceea ce nu este surprinz\u0103tor. \u00ce\u021bi ajut\u0103 corpul s\u0103 \u00eendeplineasc\u0103 diverse sarcini \u0219i s\u0103 fac\u0103 fa\u021b\u0103 provoc\u0103rilor care \u00ee\u021bi testeaz\u0103 sistemul imunitar. Medicamentul promoveaz\u0103 func\u021bionarea normal\u0103 a sistemului imunitar \u00een timpul \u0219i dup\u0103 antrenamentul fizic intens. Este implicat \u00een sinteza colagenului, care este necesar pentru men\u021binerea oaselor, cartilajelor, din\u021bilor, gingiilor \u0219i pielii \u00een stare normal\u0103.\u0438. Asigur\u0103 func\u021bionarea normal\u0103 a sistemului nervos, ajut\u0103 la reducerea oboselii \u0219i, \u00een acela\u0219i timp, protejeaz\u0103 \u00eentregul organism de deteriorarea oxidativ\u0103 la nivel celular. <strong>Medicamentul este \u00eembog\u0103\u021bit cu bioflavonoide \u0219i extracte de m\u0103ce\u0219.<\/strong><\/p>\n<p>Suplimentele nutritive nu trebuie s\u0103 \u00eenlocuiasc\u0103 o diet\u0103 echilibrat\u0103, variat\u0103 \u0219i un stil de via\u021b\u0103 s\u0103n\u0103tos.<\/p>\n<p class=\"title_style_1\">NUTRIEN\u021aI<\/p>\n<p><code>\u0412 1-\u0439 \u043f\u043e\u0440\u0446\u0438\u0438 = 1 \u0442\u0430\u0431\u043b\u0435\u0442\u043a\u0430:<\/code><\/p>\n<p>Vitamina C 1000 mg<br \/>\npulbere de coaj\u0103 de l\u0103m\u00e2ie 43 mg<br \/>\nm\u0103ce\u0219e 30 mg<br \/>\nsoc 4,3 mg<\/p>\n<p class=\"title_style_1\">RECOMAND\u0102RI DE UTILIZARE<\/p>\n<p>Lua\u021bi 1 tablet\u0103 pe zi ca supliment alimentar.<\/p>\n","protected":false},"excerpt":{"rendered":"<h3>VITAMINA C 1000 mg 100 comprimate <a class=\"manuModal\" href=\"https:\/\/sportpitt.md\/ru\/component\/virtuemart\/manufacturers\/biotech-usa?tmpl=component&amp;Itemid=917\" rel=\"{handler: 'iframe', size: {x: 700, y: 850}}\">BIOTECH USA<\/a><\/h3>\n","protected":false},"featured_media":42348,"comment_status":"open","ping_status":"closed","template":"","meta":{"_et_pb_use_builder":"","_et_pb_old_content":"","_et_gb_content_width":""},"product_brand":[],"product_cat":[675],"product_tag":[786,746,747,748,749,787,745],"class_list":{"0":"post-42520","1":"product","2":"type-product","3":"status-publish","4":"has-post-thumbnail","6":"product_cat-nutritie-sportiva","7":"product_tag-biotech-usa-ro","8":"product_tag-cumpara","9":"product_tag-minerale","10":"product_tag-nutritie","11":"product_tag-sportiv","12":"product_tag-vitamina-c-1000-mg-100-comprimate","13":"product_tag-vitamine","15":"first","16":"instock","17":"shipping-taxable","18":"purchasable","19":"product-type-simple"},"aioseo_notices":[],"_links":{"self":[{"href":"https:\/\/amaldis.md\/ro\/wp-json\/wp\/v2\/product\/42520","targetHints":{"allow":["GET"]}}],"collection":[{"href":"https:\/\/amaldis.md\/ro\/wp-json\/wp\/v2\/product"}],"about":[{"href":"https:\/\/amaldis.md\/ro\/wp-json\/wp\/v2\/types\/product"}],"replies":[{"embeddable":true,"href":"https:\/\/amaldis.md\/ro\/wp-json\/wp\/v2\/comments?post=42520"}],"wp:featuredmedia":[{"embeddable":true,"href":"https:\/\/amaldis.md\/ro\/wp-json\/wp\/v2\/media\/42348"}],"wp:attachment":[{"href":"https:\/\/amaldis.md\/ro\/wp-json\/wp\/v2\/media?parent=42520"}],"wp:term":[{"taxonomy":"product_brand","embeddable":true,"href":"https:\/\/amaldis.md\/ro\/wp-json\/wp\/v2\/product_brand?post=42520"},{"taxonomy":"product_cat","embeddable":true,"href":"https:\/\/amaldis.md\/ro\/wp-json\/wp\/v2\/product_cat?post=42520"},{"taxonomy":"product_tag","embeddable":true,"href":"https:\/\/amaldis.md\/ro\/wp-json\/wp\/v2\/product_tag?post=42520"}],"curies":[{"name":"wp","href":"https:\/\/api.w.org\/{rel}","templated":true}]}}