{"id":42522,"date":"2024-02-07T22:55:54","date_gmt":"2024-02-07T19:55:54","guid":{"rendered":"https:\/\/amaldis.md\/product\/condroitina-glucosamina-60-capsule\/"},"modified":"2026-03-29T11:38:37","modified_gmt":"2026-03-29T08:38:37","slug":"condroitina-glucosamina-60-capsule","status":"publish","type":"product","link":"https:\/\/amaldis.md\/ro\/produs\/condroitina-glucosamina-60-capsule\/","title":{"rendered":"CONDROITINA GLUCOSAMINA 60 capsule"},"content":{"rendered":"<h3>Chondroprotector CHONDROITIN GLUCOSAMINA 60 capsule<\/h3>\n<p class=\"title_style_1\">DESCRIERE PRODUS<\/p>\n<p><span class=\"label label-info\">Produsul principal din categoria sa<\/span>, medicamentul con\u021bine cantit\u0103\u021bi mari de glucozamin\u0103, condroitin\u0103, metilsulfonilmetan \u0219i colagen.. \u00cen plus, \u00eembog\u0103\u021bit cu calciu, magneziu \u0219i mangan, care \u00eent\u0103resc oasele nu numai \u00een articula\u021bii, ci \u0219i \u00een \u00eentregul corp. <strong>Const\u0103 din ingrediente care sunt sigure pentru s\u0103n\u0103tate \u0219i atent selectate.<\/strong><\/p>\n<p class=\"title_style_1\">NUTRIEN\u021aI<\/p>\n<p><code>\u0412 1-\u0439 \u043f\u043e\u0440\u0446\u0438\u0438 = 4 \u043a\u0430\u043f\u0441\u0443\u043b\u044b<\/code><\/p>\n<p class=\"title_style_1\">RECOMAND\u0102RI DE UTILIZARE<\/p>\n<p>Lua\u021bi 4 capsule pe zi cu orice b\u0103utur\u0103.<\/p>\n","protected":false},"excerpt":{"rendered":"<h3>CHONDROITIN GLUCOSAMINE 60 cap.<\/h3>\n","protected":false},"featured_media":46421,"comment_status":"open","ping_status":"closed","template":"","meta":{"_et_pb_use_builder":"","_et_pb_old_content":"","_et_gb_content_width":""},"product_brand":[1344],"product_cat":[675],"product_tag":[786,789,790,746,748,749],"class_list":{"0":"post-42522","1":"product","2":"type-product","3":"status-publish","4":"has-post-thumbnail","6":"product_brand-biotechusa","7":"product_cat-nutritie-sportiva","8":"product_tag-biotech-usa-ro","9":"product_tag-condroitina-glucosamina-60-capsule","10":"product_tag-condroprotectoare","11":"product_tag-cumpara","12":"product_tag-nutritie","13":"product_tag-sportiv","15":"first","16":"outofstock","17":"shipping-taxable","18":"purchasable","19":"product-type-simple"},"aioseo_notices":[],"_links":{"self":[{"href":"https:\/\/amaldis.md\/ro\/wp-json\/wp\/v2\/product\/42522","targetHints":{"allow":["GET"]}}],"collection":[{"href":"https:\/\/amaldis.md\/ro\/wp-json\/wp\/v2\/product"}],"about":[{"href":"https:\/\/amaldis.md\/ro\/wp-json\/wp\/v2\/types\/product"}],"replies":[{"embeddable":true,"href":"https:\/\/amaldis.md\/ro\/wp-json\/wp\/v2\/comments?post=42522"}],"wp:featuredmedia":[{"embeddable":true,"href":"https:\/\/amaldis.md\/ro\/wp-json\/wp\/v2\/media\/46421"}],"wp:attachment":[{"href":"https:\/\/amaldis.md\/ro\/wp-json\/wp\/v2\/media?parent=42522"}],"wp:term":[{"taxonomy":"product_brand","embeddable":true,"href":"https:\/\/amaldis.md\/ro\/wp-json\/wp\/v2\/product_brand?post=42522"},{"taxonomy":"product_cat","embeddable":true,"href":"https:\/\/amaldis.md\/ro\/wp-json\/wp\/v2\/product_cat?post=42522"},{"taxonomy":"product_tag","embeddable":true,"href":"https:\/\/amaldis.md\/ro\/wp-json\/wp\/v2\/product_tag?post=42522"}],"curies":[{"name":"wp","href":"https:\/\/api.w.org\/{rel}","templated":true}]}}