{"id":42524,"date":"2024-02-07T20:01:32","date_gmt":"2024-02-07T17:01:32","guid":{"rendered":"https:\/\/amaldis.md\/product\/malat-citrulin-capace-90-capsule\/"},"modified":"2026-03-29T11:54:55","modified_gmt":"2026-03-29T08:54:55","slug":"malat-citrulin-capace-90-capsule","status":"publish","type":"product","link":"https:\/\/amaldis.md\/ro\/produs\/malat-citrulin-capace-90-capsule\/","title":{"rendered":"MALAT CITRULIN CAPACE 90 capsule"},"content":{"rendered":"<h3>Aminoacid CITRULLINE MALATE CAPS 90 capsule<\/h3>\n<p class=\"title_style_1\">DESCRIERE PRODUS<\/p>\n<p><span class=\"label label-info\">Aminoacid citrulin\u0103 malat sub form\u0103 de capsule.<\/span> Citrulina este un aminoacid neesen\u021bial care joac\u0103 un rol esen\u021bial \u00een ciclul ureei, func\u021bion\u00e2nd al\u0103turi de arginin\u0103 \u0219i ornitin\u0103 pentru a elimina corpul nostru de amoniac, un produs secundar al sintezei proteinelor. Citrulina este un precursor al argininei \u0219i furnizeaz\u0103 materialele necesare pentru producerea argininei, ajut\u00e2nd astfel organismul s\u0103 men\u021bin\u0103 un nivel s\u0103n\u0103tos de arginin\u0103. De asemenea, contribuie la procesul de men\u021binere a s\u0103n\u0103t\u0103\u021bii \u0219i a imunit\u0103\u021bii.<\/p>\n<h3>EFECTE BIOLOGICE ALE CITRULINEI:<\/h3>\n<ul>\n<li>Arginina, principalul donor de azot, care \u00eembun\u0103t\u0103\u021be\u0219te fluxul sanguin \u00een mu\u0219chi, poate fi format\u0103 din citrulin\u0103;<\/li>\n<li>Ofer\u0103 pompare;<\/li>\n<li>Cre\u0219te rezisten\u021ba \u0219i \u00eembun\u0103t\u0103\u021be\u0219te nutri\u021bia muscular\u0103;<\/li>\n<li>Intareste functia imunitara si creste potentialul energetic al organismului;<\/li>\n<li>Citrulina se g\u0103se\u0219te \u00een enzimele specializate \u0219i face parte din piele, p\u0103r \u0219i teaca nervoas\u0103;<\/li>\n<li>Necesar pentru men\u021binerea unui echilibru pozitiv de azot \u00een organism;<\/li>\n<li>\u00cembun\u0103t\u0103\u021be\u0219te func\u021bia erectil\u0103.<\/li>\n<\/ul>\n<p><strong>Citrulina este utilizat\u0103 pe scar\u0103 larg\u0103 \u00een sport, inclusiv \u00een culturism, ca supliment pentru cre\u0219terea performan\u021bei, accelerarea recuper\u0103rii \u0219i \u00eembun\u0103t\u0103\u021birea fluxului sanguin c\u0103tre mu\u0219chi.<\/strong> Citrulina vine cel mai adesea sub form\u0103 de malat de citrulin\u0103. Deoarece citrulina este implicat\u0103 \u00een utilizarea ureei, promoveaz\u0103 eliminarea rapid\u0103 a toxinelor precum ureea \u0219i acidul lactic. Aceste de\u0219euri se formeaz\u0103 \u00een timpul activit\u0103\u021bii fizice, metabolismului proteinelor \u0219i reac\u021biilor catabolice, \u00eencetinesc recuperarea \u0219i reduc performan\u021ba fizic\u0103 a sportivului.<\/p>\n<p><span class=\"label label-info\">Oamenii de \u0219tiin\u021b\u0103 au stabilit c\u0103 citrulina poate fi folosit\u0103 ca alternativ\u0103 la arginin\u0103, deoarece organismul inverseaz\u0103 un aminoacid \u00een altul.<\/span> Aceasta \u00eenseamn\u0103 c\u0103 citrulina poate cre\u0219te produc\u021bia de hormon de cre\u0219tere, secre\u021bia de insulin\u0103 \u0219i produc\u021bia de creatin\u0103. De asemenea, \u00een studii s-a constatat c\u0103 citrulin\u0103 malat \u00een doz\u0103 de aproximativ 6 g. pe zi reduce oboseala muscular\u0103, cre\u0219te nivelul de produc\u021bie de ATP cu 34% \u0219i, de asemenea, cre\u0219te concentra\u021bia de fosfocreatina cu 20% dup\u0103 exerci\u021biu, ceea ce o face un puternic restaurator \u0219i amplificator de energie care poate \u00eembun\u0103t\u0103\u021bi semnificativ rezultatele \u00een culturism, powerlifting \u0219i alte for\u021be. sport. Citrulina v\u0103 permite s\u0103 v\u0103 face\u021bi antrenamentele mai intense \u0219i, de asemenea, s\u0103 reduce\u021bi timpul de recuperare. Poate fi folosit cu succes si in sporturile aerobe &#8211; alergare, ciclism, inot etc. pentru recuperarea rapid\u0103 \u0219i prevenirea supraantrenamentului.<\/p>\n<p><strong>Exist\u0103 opinia c\u0103 citrulina are mai multe avantaje fa\u021b\u0103 de arginina ca donor de azot, deoarece este mai bine absorbit\u0103 \u0219i poate inhiba enzimele care distrug oxidul nitric.<\/strong> Cea mai bun\u0103 op\u021biune este o combina\u021bie de arginin\u0103 \u0219i citrulin\u0103.<\/p>\n<p>Efectul maxim al citrulinei apare \u00een a 15-a zi de administrare, dar primele senza\u021bii pozitive apar deja \u00een a 3-4-a zi de administrare. Durata recomandat\u0103 a cursului este de 1-2 luni. Citrulina poate fi luat\u0103 \u00een mod continuu &#8211; f\u0103r\u0103 pauze.<\/p>\n<p class=\"title_style_1\">NUTRIEN\u021aI<\/p>\n<p><code>\u0412 1-\u0439 \u043f\u043e\u0440\u0446\u0438\u0438 = 2 \u043a\u0430\u043f\u0441\u0443\u043b\u044b:<\/code><\/p>\n<ul>\n<li>L-citrulin\u0103 malat \u2013 2200 mg.<\/li>\n<\/ul>\n<p class=\"title_style_1\">RECOMAND\u0102RI DE UTILIZARE<\/p>\n<p>Lua\u021bi 2 capsule cu 30 de minute \u00eenainte de antrenament cu ap\u0103 sau o b\u0103utur\u0103 r\u0103coritoare. Nu dep\u0103\u0219i\u021bi doza zilnic\u0103 recomandat\u0103.<\/p>\n","protected":false},"excerpt":{"rendered":"<h3>CITRULLINE MALATE CAPS 90 capsule BIOTECH USA<a class=\"manuModal\" href=\"https:\/\/www.sportpitt.md\/ru\/component\/virtuemart\/manufacturers\/biotech-usa?tmpl=component&amp;Itemid=928\" rel=\"{handler: 'iframe', size: {x: 700, y: 850}}\"><\/a><\/h3>\n","protected":false},"featured_media":46427,"comment_status":"open","ping_status":"closed","template":"","meta":{"_et_pb_use_builder":"","_et_pb_old_content":"","_et_gb_content_width":""},"product_brand":[1344],"product_cat":[675],"product_tag":[779,786,746,791,748,749],"class_list":{"0":"post-42524","1":"product","2":"type-product","3":"status-publish","4":"has-post-thumbnail","6":"product_brand-biotechusa","7":"product_cat-nutritie-sportiva","8":"product_tag-aminoacizi","9":"product_tag-biotech-usa-ro","10":"product_tag-cumpara","11":"product_tag-malat-citrulin-capace-90-capsule","12":"product_tag-nutritie","13":"product_tag-sportiv","15":"first","16":"instock","17":"shipping-taxable","18":"purchasable","19":"product-type-simple"},"aioseo_notices":[],"_links":{"self":[{"href":"https:\/\/amaldis.md\/ro\/wp-json\/wp\/v2\/product\/42524","targetHints":{"allow":["GET"]}}],"collection":[{"href":"https:\/\/amaldis.md\/ro\/wp-json\/wp\/v2\/product"}],"about":[{"href":"https:\/\/amaldis.md\/ro\/wp-json\/wp\/v2\/types\/product"}],"replies":[{"embeddable":true,"href":"https:\/\/amaldis.md\/ro\/wp-json\/wp\/v2\/comments?post=42524"}],"wp:featuredmedia":[{"embeddable":true,"href":"https:\/\/amaldis.md\/ro\/wp-json\/wp\/v2\/media\/46427"}],"wp:attachment":[{"href":"https:\/\/amaldis.md\/ro\/wp-json\/wp\/v2\/media?parent=42524"}],"wp:term":[{"taxonomy":"product_brand","embeddable":true,"href":"https:\/\/amaldis.md\/ro\/wp-json\/wp\/v2\/product_brand?post=42524"},{"taxonomy":"product_cat","embeddable":true,"href":"https:\/\/amaldis.md\/ro\/wp-json\/wp\/v2\/product_cat?post=42524"},{"taxonomy":"product_tag","embeddable":true,"href":"https:\/\/amaldis.md\/ro\/wp-json\/wp\/v2\/product_tag?post=42524"}],"curies":[{"name":"wp","href":"https:\/\/api.w.org\/{rel}","templated":true}]}}