{"id":42525,"date":"2024-02-07T19:52:38","date_gmt":"2024-02-07T16:52:38","guid":{"rendered":"https:\/\/amaldis.md\/product\/l-arginina-90-capsule\/"},"modified":"2025-03-06T20:57:52","modified_gmt":"2025-03-06T17:57:52","slug":"l-arginina-90-capsule","status":"publish","type":"product","link":"https:\/\/amaldis.md\/ro\/produs\/l-arginina-90-capsule\/","title":{"rendered":"L-ARGININA 90 capsule"},"content":{"rendered":"<h3>Aminoacizi arginin\u0103 L-ARGININA 90 capsule<\/h3>\n<p class=\"title_style_1\">DESCRIERE PRODUS<\/p>\n<p><span class=\"label label-info\">Arginina este un aminoacid care este produs \u00een glanda pituitar\u0103 \u0219i, prin urmare, nu este un nutrient critic; cu toate acestea, \u00een perioadele de activitate fizic\u0103 intens\u0103, organismul poate deveni deficitar de arginin\u0103, caz \u00een care va necesita suplimente din surse externe (ceea ce este critic), cum ar fi sub form\u0103 convenabil\u0103 de suplimente alimentare.<strong><\/strong><\/span><\/p>\n<p>Joac\u0103 un rol cheie \u00een sinteza monoxidului de azot (cunoscut \u0219i sub numele de oxid nitric, NO).<\/p>\n<p class=\"title_style_1\">NUTRIEN\u021aI<\/p>\n<p><code>\u0412 1-\u0439 \u043f\u043e\u0440\u0446\u0438\u0438 = 2 \u043a\u0430\u043f\u0441\u0443\u043b\u044b:<\/code><\/p>\n<ul>\n<li>L-arginina HCI \u2013 1650 mg.<\/li>\n<\/ul>\n<p class=\"title_style_1\">RECOMAND\u0102RI DE UTILIZARE<\/p>\n<p>2 capsule pe zi: 1 capsula inainte de antrenament si 1 capsula inainte de culcare.<\/p>\n","protected":false},"excerpt":{"rendered":"<h3>L-ARGININE 90 capsule BIOTECH USA<a class=\"manuModal\" href=\"https:\/\/www.sportpitt.md\/ru\/component\/virtuemart\/manufacturers\/biotech-usa?tmpl=component&amp;Itemid=927\" rel=\"{handler: 'iframe', size: {x: 700, y: 850}}\"><\/a><\/h3>\n","protected":false},"featured_media":46459,"comment_status":"open","ping_status":"closed","template":"","meta":{"_et_pb_use_builder":"","_et_pb_old_content":"","_et_gb_content_width":""},"product_brand":[],"product_cat":[675],"product_tag":[779,793,786,746,792,748,749],"class_list":{"0":"post-42525","1":"product","2":"type-product","3":"status-publish","4":"has-post-thumbnail","6":"product_cat-nutritie-sportiva","7":"product_tag-aminoacizi","8":"product_tag-arginina","9":"product_tag-biotech-usa-ro","10":"product_tag-cumpara","11":"product_tag-l-arginina-90-capsule","12":"product_tag-nutritie","13":"product_tag-sportiv","15":"first","16":"instock","17":"shipping-taxable","18":"purchasable","19":"product-type-simple"},"aioseo_notices":[],"_links":{"self":[{"href":"https:\/\/amaldis.md\/ro\/wp-json\/wp\/v2\/product\/42525","targetHints":{"allow":["GET"]}}],"collection":[{"href":"https:\/\/amaldis.md\/ro\/wp-json\/wp\/v2\/product"}],"about":[{"href":"https:\/\/amaldis.md\/ro\/wp-json\/wp\/v2\/types\/product"}],"replies":[{"embeddable":true,"href":"https:\/\/amaldis.md\/ro\/wp-json\/wp\/v2\/comments?post=42525"}],"wp:featuredmedia":[{"embeddable":true,"href":"https:\/\/amaldis.md\/ro\/wp-json\/wp\/v2\/media\/46459"}],"wp:attachment":[{"href":"https:\/\/amaldis.md\/ro\/wp-json\/wp\/v2\/media?parent=42525"}],"wp:term":[{"taxonomy":"product_brand","embeddable":true,"href":"https:\/\/amaldis.md\/ro\/wp-json\/wp\/v2\/product_brand?post=42525"},{"taxonomy":"product_cat","embeddable":true,"href":"https:\/\/amaldis.md\/ro\/wp-json\/wp\/v2\/product_cat?post=42525"},{"taxonomy":"product_tag","embeddable":true,"href":"https:\/\/amaldis.md\/ro\/wp-json\/wp\/v2\/product_tag?post=42525"}],"curies":[{"name":"wp","href":"https:\/\/api.w.org\/{rel}","templated":true}]}}