{"id":42529,"date":"2024-02-07T18:58:17","date_gmt":"2024-02-07T15:58:17","guid":{"rendered":"https:\/\/amaldis.md\/product\/omega-3-90-capsule\/"},"modified":"2024-02-07T18:58:17","modified_gmt":"2024-02-07T15:58:17","slug":"omega-3-90-capsule","status":"publish","type":"product","link":"https:\/\/amaldis.md\/ro\/produs\/omega-3-90-capsule\/","title":{"rendered":"OMEGA 3 90 capsule"},"content":{"rendered":"<h4>OMEGA 3 90 capsule<\/h4>\n<h5>MEDICAMENTUL INIMA<\/h5>\n<p class=\"title_style_1\">DESCRIERE PRODUS<\/p>\n<p><span class=\"label label-info\">Acizi gra\u0219i Omega-3 cu ulei de pe\u0219te \u00een capsule de gelatin\u0103.<\/span><\/p>\n<p><strong>Acizii eicosapentaenoic \u0219i docosahexaenoic contribuie la func\u021bionarea normal\u0103 a inimii.<\/strong> Acidul docosahexaenoic ajut\u0103 la men\u021binerea vederii \u0219i a func\u021biei creierului.. Uleiul de pe\u0219te purificat, f\u0103r\u0103 colesterol, furnizeaz\u0103 organismului acid eicosapentaenoic \u0219i acid dosohexaenoic. Fiecare capsul\u0103 con\u021bine ulei de pe\u0219te, care furnizeaz\u0103 organismului acid eicosapentaenoic, care este esen\u021bial pentru circula\u021bia s\u00e2ngelui, \u0219i acid dosohexaenoic, vital pentru s\u0103n\u0103tatea inimii. Uleiul de pe\u0219te este, de asemenea, o surs\u0103 de acid aminolevulinic, care men\u021bine nivelul normal de colesterol din s\u00e2nge.<\/p>\n<p>Efectul benefic se ob\u021bine prin consumul a 250 mg de acizi eicosapentaenoic \u0219i dosohexaenoic pe zi.<\/p>\n<p>Suplimentele nutritive nu trebuie s\u0103 \u00eenlocuiasc\u0103 o diet\u0103 echilibrat\u0103, variat\u0103 \u0219i un stil de via\u021b\u0103 s\u0103n\u0103tos<\/p>\n<p class=\"title_style_1\">NUTRIEN\u021aI<\/p>\n<p><code>\u0412 1-\u0439 \u043f\u043e\u0440\u0446\u0438\u0438 = 2 \u043a\u0430\u043f\u0441\u0443\u043b\u044b:<\/code><\/p>\n<table style=\"width: 643px;\">\n<tbody>\n<tr>\n<td style=\"width: 248.391px;\">Gr\u0103sime de pe\u0219te<\/td>\n<td style=\"width: 378.609px;\">1000 mg<\/td>\n<\/tr>\n<tr>\n<td style=\"width: 248.391px;\">Acid eicosapentaenoic (EPA)<\/td>\n<td style=\"width: 378.609px;\">400 mg<\/td>\n<\/tr>\n<tr>\n<td style=\"width: 248.391px;\">Acid decohexanoic (DHA)<\/td>\n<td style=\"width: 378.609px;\">300 mg<\/td>\n<\/tr>\n<tr>\n<td style=\"width: 248.391px;\">Vitamina E<\/td>\n<td style=\"width: 378.609px;\">2 mg<\/td>\n<\/tr>\n<\/tbody>\n<\/table>\n<p class=\"title_style_1\">INGREDIENTE UTILIZATE<\/p>\n<p>Gelatina, glicerina, extract de frunze de rozmarin (rozmarin officinalis), ulei de peste si vitamina E.<\/p>\n<p class=\"title_style_1\">RECOMAND\u0102RI DE UTILIZARE<\/p>\n<p>Ca supliment alimentar, lua\u021bi dou\u0103 capsule pe zi cu ap\u0103.<\/p>\n<p><code><\/code><\/p>\n","protected":false},"excerpt":{"rendered":"<h3>OMEGA 3 90 capsule BIOTECH SUA<a class=\"manuModal\" href=\"https:\/\/www.sportpitt.md\/ru\/component\/virtuemart\/manufacturers\/biotech-usa?tmpl=component&amp;Itemid=631\" rel=\"{handler: 'iframe', size: {x: 700, y: 850}}\"><\/a><\/h3>\n","protected":false},"featured_media":42335,"comment_status":"open","ping_status":"closed","template":"","meta":{"_et_pb_use_builder":"","_et_pb_old_content":"","_et_gb_content_width":""},"product_brand":[],"product_cat":[675,664],"product_tag":[786,746,748,799,749],"class_list":{"0":"post-42529","1":"product","2":"type-product","3":"status-publish","4":"has-post-thumbnail","6":"product_cat-nutritie-sportiva","7":"product_cat-sanatate","8":"product_tag-biotech-usa-ro","9":"product_tag-cumpara","10":"product_tag-nutritie","11":"product_tag-omega-3-90-capsule","12":"product_tag-sportiv","14":"first","15":"instock","16":"shipping-taxable","17":"purchasable","18":"product-type-simple"},"aioseo_notices":[],"_links":{"self":[{"href":"https:\/\/amaldis.md\/ro\/wp-json\/wp\/v2\/product\/42529","targetHints":{"allow":["GET"]}}],"collection":[{"href":"https:\/\/amaldis.md\/ro\/wp-json\/wp\/v2\/product"}],"about":[{"href":"https:\/\/amaldis.md\/ro\/wp-json\/wp\/v2\/types\/product"}],"replies":[{"embeddable":true,"href":"https:\/\/amaldis.md\/ro\/wp-json\/wp\/v2\/comments?post=42529"}],"wp:featuredmedia":[{"embeddable":true,"href":"https:\/\/amaldis.md\/ro\/wp-json\/wp\/v2\/media\/42335"}],"wp:attachment":[{"href":"https:\/\/amaldis.md\/ro\/wp-json\/wp\/v2\/media?parent=42529"}],"wp:term":[{"taxonomy":"product_brand","embeddable":true,"href":"https:\/\/amaldis.md\/ro\/wp-json\/wp\/v2\/product_brand?post=42529"},{"taxonomy":"product_cat","embeddable":true,"href":"https:\/\/amaldis.md\/ro\/wp-json\/wp\/v2\/product_cat?post=42529"},{"taxonomy":"product_tag","embeddable":true,"href":"https:\/\/amaldis.md\/ro\/wp-json\/wp\/v2\/product_tag?post=42529"}],"curies":[{"name":"wp","href":"https:\/\/api.w.org\/{rel}","templated":true}]}}