{"id":42535,"date":"2024-02-07T16:16:26","date_gmt":"2024-02-07T13:16:26","guid":{"rendered":"https:\/\/amaldis.md\/product\/nitrox-therapy-340-gr\/"},"modified":"2026-03-06T17:20:58","modified_gmt":"2026-03-06T14:20:58","slug":"nitrox-therapy-340-gr","status":"publish","type":"product","link":"https:\/\/amaldis.md\/ro\/produs\/nitrox-therapy-340-gr\/","title":{"rendered":"B Nitrox Therapy 340 gr. 8458"},"content":{"rendered":"<h4>B Nitrox Therapy 340 gr. 8458<\/h4>\n<h6>ENERGETIK<\/h6>\n<p><strong>B\u0103uturile energizante \u00eembun\u0103t\u0103\u021besc rezultatele antrenamentului: b\u0103uturile energizante pentru sport v\u0103 permit s\u0103 dep\u0103\u0219i\u021bi starea energetic\u0103 normal\u0103 a corpului. Adesea, produc\u0103torii adaug\u0103 diferite substan\u021be stimulatoare b\u0103uturilor energizante, precum extractul de guarana, cofeina, yohimbe, inozina etc., care au efect tonic. B\u0103uturile energizante excelente sunt \u00eembog\u0103\u021bite cu vitamine, minerale, aminoacizi, gr\u0103simi polinesaturate etc.<\/strong><\/p>\n<p>Este ra\u021bional s\u0103 absorbi b\u0103uturile energizante \u00eentre mese \u00eenainte de antrenament. Nu este indicat s\u0103 le lua\u021bi \u00eenainte de culcare \u0219i \u00een zilele f\u0103r\u0103 antrenament, deoarece&#8230; acest lucru poate duce la cre\u0219terea form\u0103rii de gr\u0103sime.<\/p>\n<p><strong>Complexe pre-antrenament: un tip de nutri\u021bie sportiv\u0103 folosit\u0103 \u00een culturism, care con\u021bine o serie de componente care fac antrenamentul mai productiv \u0219i, \u00een plus, favorizeaz\u0103 recuperarea rapid\u0103 \u0219i cre\u0219terea muscular\u0103.<\/strong><\/p>\n<p>Complexele pot fi cu mai multe componente sau cu componente sc\u0103zute. \u00cen complexe unice pute\u021bi num\u0103ra p\u00e2n\u0103 la 100 de componente. Fiecare component\u0103 a pre-antrenamentului \u00eendepline\u0219te func\u021bii specifice: stimularea sistemului nervos, pomparea s\u00e2ngelui, cre\u0219terea for\u021bei \u0219i a rezisten\u021bei.<\/p>\n<p>Nu recomand\u0103m s\u0103 lua\u021bi suplimente \u00eenainte de antrenament \u00een zilele f\u0103r\u0103 antrenament; acest lucru este considerat inadecvat at\u00e2t din motive economice, c\u00e2t \u0219i din cauza eficacit\u0103\u021bii lor sc\u0103zute \u00een aceste zile.<\/p>\n<p class=\"title_style_1\">DESCRIERE PRODUS<\/p>\n<p>Acesta este un shake \u00eenainte de antrenament care v\u0103 va ajuta s\u0103 v\u0103 energiza\u021bi \u00eenainte de a merge la sal\u0103 \u0219i de a v\u0103 sim\u021bi ca un arunc\u0103tor de discuri.<\/p>\n<p>Activatorii \u0219i stimulatorii de oxid nitric (NO) din aceast\u0103 formul\u0103 \u00ee\u021bi vor oferi energie, ajut\u00e2nd s\u0103 dai mu\u0219chilor t\u0103i un aspect vascular \u0219i s\u0103 construie\u0219ti mult\u0103 mas\u0103 muscular\u0103. Este posibil s\u0103 fi folosit \u0219i alte suplimente, dar <strong>NitroX Therapy<\/strong> este diferit de orice a\u021bi \u00eencercat vreodat\u0103. Acesta este un produs revolu\u021bionar \u00een \u00eentreaga industrie a suplimentelor sportive.<\/p>\n<p><span class=\"label label-info\">La ce v\u0103 pute\u021bi a\u0219tepta de la terapia NitroX?<\/span> Pur \u0219i simplu, cel mai bun antrenament din via\u021ba ta. Activatorii \u0219i stimulatorii sintezei de oxid nitric din acest medicament v\u0103 vor umple de energie \u0219i, \u00een acela\u0219i timp, v\u0103 vor \u00eembun\u0103t\u0103\u021bi alimentarea cu s\u00e2nge a corpului \u0219i v\u0103 vor cre\u0219te dimensiunea mu\u0219chilor. Nu folosim zah\u0103r, a\u0219a c\u0103 nu v\u0103 face\u021bi griji pentru greutatea \u00een plus.<\/p>\n<p>Nu ne zg\u00e2rim niciodat\u0103 cu dozele produselor noastre. Folosim doze adecvate de ingrediente active \u0219i suntem absolut \u00eencrez\u0103tori c\u0103 produsul nostru va satisface a\u0219tept\u0103rile dumneavoastr\u0103. Men\u021bine un nivel ridicat constant de intensitate a antrenamentului. Acesta nu este cazul c\u00e2nd alte produse de pe pia\u021b\u0103 pur \u0219i simplu supradoz\u0103 de cofein\u0103.<\/p>\n<p><span class=\"label label-info\">Scut de siguran\u021b\u0103 antioxidant.<\/span> Cocktailul include, de asemenea, un complex antioxidant, care este esen\u021bial \u00een aportul de ingrediente stimulatoare de oxid nitric datorit\u0103 efectelor lor oxidative asupra celulelor umane. Ve\u021bi ob\u021bine un plus de energie \u0219i motiva\u021bie pentru sal\u0103 \u0219i v\u0103 ve\u021bi proteja corpul de radicalii liberi care se formeaz\u0103 ca efect secundar al procesului de activare a azotului.<\/p>\n<p class=\"title_style_1\">NUTRIEN\u021aI<\/p>\n<p><code>100 \u0433\u0440. | \u0432 1-\u0439 \u043f\u043e\u0440\u0446\u0438\u0438 = 1 \u043c\u0435\u0440\u043d\u0430\u044f \u043b\u043e\u0436\u043a\u0430 = 17 \u0433\u0440.:<\/code><\/p>\n<p class=\"title_style_1\">INGREDIENTE UTILIZATE<\/p>\n<p><code><\/code><\/p>\n<p>Maltodextrin\u0103, arome naturale \u0219i artificiale, dioxid de siliciu, L-lizin\u0103 HCI, izolat proteic din lapte, sucraloz\u0103, acesulfam de potasiu.<\/p>\n<p><code><\/code><\/p>\n<p class=\"title_style_1\">RECOMAND\u0102RI DE UTILIZARE<\/p>\n<p><code><\/code><\/p>\n<p>Ad\u0103uga\u021bi 20 de grame la 300 ml de lichid rece. Lua\u021bi o por\u021bie cu 30 de minute \u00eenainte de antrenament.<\/p>\n<p><code><\/code><\/p>\n","protected":false},"excerpt":{"rendered":"<h3>B Nitrox Therapy 340 gr. 8458<\/h3>\n","protected":false},"featured_media":46086,"comment_status":"open","ping_status":"closed","template":"","meta":{"_et_pb_use_builder":"","_et_pb_old_content":"","_et_gb_content_width":""},"product_brand":[1344],"product_cat":[675],"product_tag":[797,786,746,807,808,749],"class_list":{"0":"post-42535","1":"product","2":"type-product","3":"status-publish","4":"has-post-thumbnail","6":"product_brand-biotechusa","7":"product_cat-nutritie-sportiva","8":"product_tag-bautura-energizanta","9":"product_tag-biotech-usa-ro","10":"product_tag-cumpara","11":"product_tag-nitrox-therapy-340-gr","12":"product_tag-nutritie-ro","13":"product_tag-sportiv","15":"first","16":"instock","17":"shipping-taxable","18":"purchasable","19":"product-type-simple"},"aioseo_notices":[],"_links":{"self":[{"href":"https:\/\/amaldis.md\/ro\/wp-json\/wp\/v2\/product\/42535","targetHints":{"allow":["GET"]}}],"collection":[{"href":"https:\/\/amaldis.md\/ro\/wp-json\/wp\/v2\/product"}],"about":[{"href":"https:\/\/amaldis.md\/ro\/wp-json\/wp\/v2\/types\/product"}],"replies":[{"embeddable":true,"href":"https:\/\/amaldis.md\/ro\/wp-json\/wp\/v2\/comments?post=42535"}],"wp:featuredmedia":[{"embeddable":true,"href":"https:\/\/amaldis.md\/ro\/wp-json\/wp\/v2\/media\/46086"}],"wp:attachment":[{"href":"https:\/\/amaldis.md\/ro\/wp-json\/wp\/v2\/media?parent=42535"}],"wp:term":[{"taxonomy":"product_brand","embeddable":true,"href":"https:\/\/amaldis.md\/ro\/wp-json\/wp\/v2\/product_brand?post=42535"},{"taxonomy":"product_cat","embeddable":true,"href":"https:\/\/amaldis.md\/ro\/wp-json\/wp\/v2\/product_cat?post=42535"},{"taxonomy":"product_tag","embeddable":true,"href":"https:\/\/amaldis.md\/ro\/wp-json\/wp\/v2\/product_tag?post=42535"}],"curies":[{"name":"wp","href":"https:\/\/api.w.org\/{rel}","templated":true}]}}