{"id":42537,"date":"2024-02-07T15:54:45","date_gmt":"2024-02-07T12:54:45","guid":{"rendered":"https:\/\/amaldis.md\/product\/bcaa-b6-100-tablete\/"},"modified":"2026-02-22T15:28:05","modified_gmt":"2026-02-22T12:28:05","slug":"bcaa-b6-100-tablete","status":"publish","type":"product","link":"https:\/\/amaldis.md\/ro\/produs\/bcaa-b6-100-tablete\/","title":{"rendered":"B BCAA + B6 100 tab.8460"},"content":{"rendered":"<h4>B BCAA + B6 100 tab.8460<\/h4>\n<p class=\"title_style_1\">DESCRIERE PRODUS<\/p>\n<p><span class=\"label label-info\">Leucin\u0103, izoleucin\u0103 \u0219i valin\u0103 \u00een raport de 2:1:1.<\/span> \u00cen plus, medicamentul este suplimentat cu vitamina B6, care promoveaz\u0103 metabolismul normal al proteinelor \u0219i glicogenului \u0219i, de asemenea, reduce oboseala. La fel ca toate produsele <strong>BioTech<\/strong> USA, BCAA + B6 const\u0103 din ingrediente atent selectate care sunt sigure pentru s\u0103n\u0103tatea dumneavoastr\u0103.<\/p>\n<p class=\"title_style_1\">NUTRIEN\u021aI<\/p>\n<p><code>100 \u0433\u0440. | \u0432 1-\u0439 \u043f\u043e\u0440\u0446\u0438\u0438 = 4 \u0442\u0430\u0431\u043b\u0435\u0442\u043a\u0438:<\/code><\/p>\n<p class=\"title_style_1\">INGREDIENTE UTILIZATE<\/p>\n<p><code><\/code><\/p>\n<p>Leucine, microcrystalline cellulose, isoleucine, valine, hydroxypropyl methyl cellulose, magnesium stearate, stearic acid, pyridoxine hydrochloride (vitamin B6).<\/p>\n<p><code><\/code><\/p>\n<p class=\"title_style_1\">RECOMAND\u0102RI DE UTILIZARE<\/p>\n<p><code><\/code><\/p>\n<p>Lua\u021bi 4 tablete pe zi ca supliment alimentar. Pentru a \u00eembun\u0103t\u0103\u021bi rezultatele, lua\u021bi 2 comprimate cu 30 de minute \u00eenainte \u0219i imediat dup\u0103 antrenament.<\/p>\n<p><code><\/code><\/p>\n<table style=\"height: 474px;\" width=\"456\">\n<tbody>\n<tr>\n<td style=\"width: 446px;\" colspan=\"3\">\n<p dir=\"ltr\">Por\u021bie 4 tablete<\/p>\n<\/td>\n<\/tr>\n<tr>\n<td style=\"width: 446px;\" colspan=\"3\">\n<p dir=\"ltr\">Num\u0103rul de por\u021bii per pachet 25<\/p>\n<\/td>\n<\/tr>\n<tr>\n<td style=\"width: 446px;\" colspan=\"3\">\n<p dir=\"ltr\">Ingrediente per por\u021bie<\/p>\n<\/td>\n<\/tr>\n<tr>\n<td style=\"width: 277.609px;\">\n<p dir=\"ltr\">Total de aminoacizi BCAA<\/p>\n<\/td>\n<td style=\"width: 85.1562px;\">\n<p dir=\"ltr\">4000 mg<\/p>\n<\/td>\n<td style=\"width: 71.2344px;\">\n<p dir=\"ltr\">***<\/p>\n<\/td>\n<\/tr>\n<tr>\n<td style=\"width: 277.609px;\">\n<p dir=\"ltr\">leucina<\/p>\n<\/td>\n<td style=\"width: 85.1562px;\">\n<p dir=\"ltr\">2000 mg<\/p>\n<\/td>\n<td style=\"width: 71.2344px;\">\n<p dir=\"ltr\">***<\/p>\n<\/td>\n<\/tr>\n<tr>\n<td style=\"width: 277.609px;\">\n<p dir=\"ltr\">izoleucina<\/p>\n<\/td>\n<td style=\"width: 85.1562px;\">\n<p dir=\"ltr\">1000 mg<\/p>\n<\/td>\n<td style=\"width: 71.2344px;\">\n<p dir=\"ltr\">***<\/p>\n<\/td>\n<\/tr>\n<tr>\n<td style=\"width: 277.609px;\">\n<p dir=\"ltr\">Valin<\/p>\n<\/td>\n<td style=\"width: 85.1562px;\">\n<p dir=\"ltr\">1000 mg<\/p>\n<\/td>\n<td style=\"width: 71.2344px;\">\n<p dir=\"ltr\">***<\/p>\n<\/td>\n<\/tr>\n<tr>\n<td style=\"width: 277.609px;\">\n<p dir=\"ltr\">Vitamina B6<\/p>\n<\/td>\n<td style=\"width: 85.1562px;\">\n<p dir=\"ltr\">1,5 mg<\/p>\n<\/td>\n<td style=\"width: 71.2344px;\">\n<p dir=\"ltr\">*106<\/p>\n<\/td>\n<\/tr>\n<\/tbody>\n<\/table>\n","protected":false},"excerpt":{"rendered":"<h3>B BCAA + B6 100 tab.8460<\/h3>\n","protected":false},"featured_media":45942,"comment_status":"open","ping_status":"closed","template":"","meta":{"_et_pb_use_builder":"","_et_pb_old_content":"","_et_gb_content_width":""},"product_brand":[1344],"product_cat":[675],"product_tag":[779,794,810,786,746,748,749],"class_list":{"0":"post-42537","1":"product","2":"type-product","3":"status-publish","4":"has-post-thumbnail","6":"product_brand-biotechusa","7":"product_cat-nutritie-sportiva","8":"product_tag-aminoacizi","9":"product_tag-bcaa-ro","10":"product_tag-bcaa-b6-100-tablete","11":"product_tag-biotech-usa-ro","12":"product_tag-cumpara","13":"product_tag-nutritie","14":"product_tag-sportiv","16":"first","17":"instock","18":"shipping-taxable","19":"purchasable","20":"product-type-simple"},"aioseo_notices":[],"_links":{"self":[{"href":"https:\/\/amaldis.md\/ro\/wp-json\/wp\/v2\/product\/42537","targetHints":{"allow":["GET"]}}],"collection":[{"href":"https:\/\/amaldis.md\/ro\/wp-json\/wp\/v2\/product"}],"about":[{"href":"https:\/\/amaldis.md\/ro\/wp-json\/wp\/v2\/types\/product"}],"replies":[{"embeddable":true,"href":"https:\/\/amaldis.md\/ro\/wp-json\/wp\/v2\/comments?post=42537"}],"wp:featuredmedia":[{"embeddable":true,"href":"https:\/\/amaldis.md\/ro\/wp-json\/wp\/v2\/media\/45942"}],"wp:attachment":[{"href":"https:\/\/amaldis.md\/ro\/wp-json\/wp\/v2\/media?parent=42537"}],"wp:term":[{"taxonomy":"product_brand","embeddable":true,"href":"https:\/\/amaldis.md\/ro\/wp-json\/wp\/v2\/product_brand?post=42537"},{"taxonomy":"product_cat","embeddable":true,"href":"https:\/\/amaldis.md\/ro\/wp-json\/wp\/v2\/product_cat?post=42537"},{"taxonomy":"product_tag","embeddable":true,"href":"https:\/\/amaldis.md\/ro\/wp-json\/wp\/v2\/product_tag?post=42537"}],"curies":[{"name":"wp","href":"https:\/\/api.w.org\/{rel}","templated":true}]}}