{"id":42538,"date":"2024-02-07T15:20:14","date_gmt":"2024-02-07T12:20:14","guid":{"rendered":"https:\/\/amaldis.md\/product\/multivitamina-pentru-femei-60-comprimate\/"},"modified":"2026-02-22T15:18:59","modified_gmt":"2026-02-22T12:18:59","slug":"multivitamina-pentru-femei-60-comprimate","status":"publish","type":"product","link":"https:\/\/amaldis.md\/ro\/produs\/multivitamina-pentru-femei-60-comprimate\/","title":{"rendered":"B Multivitamin For Women 60 tab. 8457"},"content":{"rendered":"<h4>B Multivitamin For Women 60 tab. 8457<\/h4>\n<h6>VITAMINE SI MINERALE<\/h6>\n<p class=\"title_style_1\">DESCRIERE PRODUS<\/p>\n<p><span class=\"label label-info\">Conceput special pentru femei.<\/span> Aceast\u0103 multivitamin\u0103 ofer\u0103 o nutri\u021bie echilibrat\u0103 \u00een primul r\u00e2nd prin antioxidan\u021bi, vitamine \u0219i minerale pentru a completa o diet\u0103 s\u0103n\u0103toas\u0103.<\/p>\n<h3>\u00ceN PRIMA TABLET\u0102:<\/h3>\n<ul>\n<li>12 vitamine, 11 minerale \u0219i 14 antioxidan\u021bi.<\/li>\n<\/ul>\n<p>Suplimentele nutritive nu trebuie s\u0103 \u00eenlocuiasc\u0103 o diet\u0103 echilibrat\u0103, variat\u0103 \u0219i un stil de via\u021b\u0103 s\u0103n\u0103tos.<\/p>\n<p class=\"title_style_1\">NUTRIEN\u021aI<\/p>\n<p><code>\u0412 1-\u0439 \u043f\u043e\u0440\u0446\u0438\u0438 = 2 \u0442\u0430\u0431\u043b\u0435\u0442\u043a\u0438:<\/code><\/p>\n<p>CARACTERISTICI<br \/>\nValoarea zilnic\u0103, %<br \/>\nDimensiunea por\u021biei: 2 tablete.<br \/>\nVitamina A 1500 UI 188%<br \/>\nVitamina C 200 mg 250%<br \/>\nVitamina E 100 mg 833%<br \/>\nVitamina D 10 UI 200%<br \/>\nVitamina B1 80 mg 7273%<br \/>\nVitamina B2 40 mg 2857%<br \/>\nVitamina B3 35 mg 219%<br \/>\nVitamina B5 80 mg 1333%<br \/>\nVitamina B6 25 mg 1786%<br \/>\nVitamina B12 80 UI 3200%<br \/>\nAcid folic 400 UI 200%<br \/>\nBiotin\u0103 300 UI 600%<br \/>\nCalciu 500 mg 63%<br \/>\nMagneziu 250 mg 67%<br \/>\nFier 17 mg 121%<br \/>\nBor 2 mg<br \/>\nZinc 15 mg 150%<br \/>\nCupru 2 mg 200%<br \/>\nMangan 2 mg 100%<br \/>\nSilicon 4 mg<br \/>\nChrome 120 UI 300%<br \/>\nSeleniu 200 UI 364%<br \/>\nIod 150 UI 100%<br \/>\nColina 10 mg<br \/>\nAcid alfa lipoic 25 mg<br \/>\nInozitol 10 mg<br \/>\nExtract din frunze de ceai verde 10 mg<br \/>\niarba de grau 20 mg<br \/>\nSpirulina 20 mg<br \/>\npatrunjel 20 mg<br \/>\nExtract de afine 20 mg<br \/>\nLicopen 950 UI<br \/>\nLutein\u0103 950 UI<br \/>\nBioflavonoide citrice 10 mg<\/p>\n<p class=\"title_style_1\">INGREDIENTE UTILIZATE<\/p>\n<p>Maltodextrin\u0103, acid L-ascorbic, fosfat dicalcic, carbonat de calciu, oxid de magneziu, acetat de D-alfa tocoferol, acid stearic, mononitrat de tiamin\u0103, riboflavin\u0103, nicotinamid\u0103, piridoxin\u0103 HCI, D-pantotenat de calciu, aminoacizi (taurin\u0103, DL-methionin\u0103, L-glutamina, L-arginina), agent de ingrosare (stearat de magneziu), oxid de zinc, acid alfa lipoic, bioflavonoide din citrice si stearat de magneziu.<\/p>\n<p class=\"title_style_1\">RECOMAND\u0102RI DE UTILIZARE<\/p>\n<p>Lua\u021bi dou\u0103 comprimate pe zi cu mese ca supliment alimentar.<\/p>\n<p><code><\/code><\/p>\n<p><code><\/code><\/p>\n<p><code><\/code><\/p>\n","protected":false},"excerpt":{"rendered":"<h3>B Multivitamin For Women 60 tab. 8457<\/h3>\n","protected":false},"featured_media":45939,"comment_status":"open","ping_status":"closed","template":"","meta":{"_et_pb_use_builder":"","_et_pb_old_content":"","_et_gb_content_width":""},"product_brand":[],"product_cat":[675],"product_tag":[786,746,747,811,748,749,745],"class_list":{"0":"post-42538","1":"product","2":"type-product","3":"status-publish","4":"has-post-thumbnail","6":"product_cat-nutritie-sportiva","7":"product_tag-biotech-usa-ro","8":"product_tag-cumpara","9":"product_tag-minerale","10":"product_tag-multivitamina-pentru-femei-60-comprimate","11":"product_tag-nutritie","12":"product_tag-sportiv","13":"product_tag-vitamine","15":"first","16":"instock","17":"shipping-taxable","18":"purchasable","19":"product-type-simple"},"aioseo_notices":[],"_links":{"self":[{"href":"https:\/\/amaldis.md\/ro\/wp-json\/wp\/v2\/product\/42538","targetHints":{"allow":["GET"]}}],"collection":[{"href":"https:\/\/amaldis.md\/ro\/wp-json\/wp\/v2\/product"}],"about":[{"href":"https:\/\/amaldis.md\/ro\/wp-json\/wp\/v2\/types\/product"}],"replies":[{"embeddable":true,"href":"https:\/\/amaldis.md\/ro\/wp-json\/wp\/v2\/comments?post=42538"}],"wp:featuredmedia":[{"embeddable":true,"href":"https:\/\/amaldis.md\/ro\/wp-json\/wp\/v2\/media\/45939"}],"wp:attachment":[{"href":"https:\/\/amaldis.md\/ro\/wp-json\/wp\/v2\/media?parent=42538"}],"wp:term":[{"taxonomy":"product_brand","embeddable":true,"href":"https:\/\/amaldis.md\/ro\/wp-json\/wp\/v2\/product_brand?post=42538"},{"taxonomy":"product_cat","embeddable":true,"href":"https:\/\/amaldis.md\/ro\/wp-json\/wp\/v2\/product_cat?post=42538"},{"taxonomy":"product_tag","embeddable":true,"href":"https:\/\/amaldis.md\/ro\/wp-json\/wp\/v2\/product_tag?post=42538"}],"curies":[{"name":"wp","href":"https:\/\/api.w.org\/{rel}","templated":true}]}}