{"id":42539,"date":"2024-02-07T14:36:02","date_gmt":"2024-02-07T11:36:02","guid":{"rendered":"https:\/\/amaldis.md\/product\/multivitamina-pentru-barbati-60-comprimate\/"},"modified":"2026-02-26T17:43:04","modified_gmt":"2026-02-26T14:43:04","slug":"multivitamina-pentru-barbati-60-comprimate","status":"publish","type":"product","link":"https:\/\/amaldis.md\/ro\/produs\/multivitamina-pentru-barbati-60-comprimate\/","title":{"rendered":"B Multivitamin For Man 60 tab. 8456"},"content":{"rendered":"<h4>B Multivitamin For Man 60 tab. 8456<\/h4>\n<h6>VITAMINE SI MINERALE<\/h6>\n<p class=\"title_style_1\">DESCRIERE PRODUS<\/p>\n<p>Multivitaminele ofer\u0103 o nutri\u021bie echilibrat\u0103 \u00een primul r\u00e2nd prin aminoacizii esen\u021biali, antioxidan\u021bii din extracte de fructe \u0219i legume \u0219i o gam\u0103 de vitamine B pentru a completa o diet\u0103 s\u0103n\u0103toas\u0103, <strong>conceput special pentru b\u0103rba\u021bi.<\/strong><\/p>\n<h3>\u00ceN PRIMA TABLET\u0102:<\/h3>\n<ul>\n<li>12 vitamine, 10 minerale, 14 antioxidan\u021bi \u0219i 5 aminoacizi esen\u021biali.<\/li>\n<\/ul>\n<p>Suplimentele nutritive nu trebuie s\u0103 \u00eenlocuiasc\u0103 o diet\u0103 echilibrat\u0103, variat\u0103 \u0219i un stil de via\u021b\u0103 s\u0103n\u0103tos.<\/p>\n<p class=\"title_style_1\">NUTRIEN\u021aI<\/p>\n<p><code>\u0412 1-\u0439 \u043f\u043e\u0440\u0446\u0438\u0438 = 2 \u0442\u0430\u0431\u043b\u0435\u0442\u043a\u0438:<\/code><\/p>\n<p>INGREDIENTE UTILIZATE<\/p>\n<p>Maltodextrin\u0103, acid L-ascorbic, fosfat dicalcic, carbonat de calciu, oxid de magneziu, acetat de D-alfa tocoferol, acid stearic, mononitrat de tiamin\u0103, riboflavin\u0103, nicotinamid\u0103, piridoxin\u0103 HCI, D-pantotenat de calciu, aminoacizi (taurin\u0103, DL-methionin\u0103, L-glutamina, L-arginina), agent de ingrosare (stearat de magneziu), oxid de zinc, acid alfa lipoic, bioflavonoide din citrice si stearat de magneziu.<\/p>\n<p class=\"title_style_1\">RECOMAND\u0102RI DE UTILIZARE<\/p>\n<p>Lua\u021bi dou\u0103 comprimate pe zi cu mese ca supliment alimentar.<\/p>\n<p>CARACTERISTICI<br \/>\nValoarea zilnic\u0103, %<br \/>\nDimensiunea por\u021biei: 2 tablete.<br \/>\nVitamina A 1500 UI 188%<br \/>\nVitamina C 300 mg 375%<br \/>\nVitamina E 100 mg 833%<br \/>\nVitamina D 5 UI 100%<br \/>\nVitamina B1 50 mg 4545%<br \/>\nVitamina B2 40 mg 2857%<br \/>\nVitamina B3 50 mg 313%<br \/>\nVitamina B5 50 mg 833%<br \/>\nVitamina B6 25 mg 1786%<br \/>\nVitamina B12 50 UI 2000%<br \/>\nAcid folic 400 UI 200%<br \/>\nBiotin\u0103 300 UI 600%<br \/>\nCalciu 200 mg 25%<br \/>\n\u041c\u0430\u0433\u043d\u0438\u0439 100 \u043c\u0433 27 %<br \/>\nBor 2 mg<br \/>\nZinc 25 mg 250%<br \/>\nCupru 2 mg 200%<br \/>\nMangan 2 mg 100%<br \/>\nSilicon 4 mg<br \/>\nChrome 120 UI 300%<br \/>\nSeleniu 200 UI 364%<br \/>\nIod 150 UI 100%<br \/>\nGlutamina 60 mg<br \/>\nDL-metionin\u0103 10 mg<br \/>\nArginin\u0103 10 mg<br \/>\nTartrat de carnitin\u0103 10 mg<br \/>\nTaurin\u0103 10 mg<br \/>\nColina 10 mg<br \/>\nAcid alfa lipoic 25 mg<br \/>\nInozitol 10 mg<br \/>\nExtract de ceai verde 10 mg<br \/>\niarba de grau 20 mg<br \/>\nSpirulina 20 mg<br \/>\npatrunjel 20 mg<br \/>\nExtract de afine 20 mg<br \/>\nLicopen 950 UI<br \/>\nLutein\u0103 950 UI<br \/>\nBioflavonoide citrice 10 mg<\/p>\n<p>&nbsp;<\/p>\n","protected":false},"excerpt":{"rendered":"<h3>B Multivitamin For Man 60 tab. 8456<\/h3>\n","protected":false},"featured_media":45937,"comment_status":"open","ping_status":"closed","template":"","meta":{"_et_pb_use_builder":"","_et_pb_old_content":"","_et_gb_content_width":""},"product_brand":[1344],"product_cat":[675],"product_tag":[786,746,747,812,748,749,745],"class_list":{"0":"post-42539","1":"product","2":"type-product","3":"status-publish","4":"has-post-thumbnail","6":"product_brand-biotechusa","7":"product_cat-nutritie-sportiva","8":"product_tag-biotech-usa-ro","9":"product_tag-cumpara","10":"product_tag-minerale","11":"product_tag-multivitamina-pentru-barbati-60-comprimate","12":"product_tag-nutritie","13":"product_tag-sportiv","14":"product_tag-vitamine","16":"first","17":"instock","18":"shipping-taxable","19":"purchasable","20":"product-type-simple"},"aioseo_notices":[],"_links":{"self":[{"href":"https:\/\/amaldis.md\/ro\/wp-json\/wp\/v2\/product\/42539","targetHints":{"allow":["GET"]}}],"collection":[{"href":"https:\/\/amaldis.md\/ro\/wp-json\/wp\/v2\/product"}],"about":[{"href":"https:\/\/amaldis.md\/ro\/wp-json\/wp\/v2\/types\/product"}],"replies":[{"embeddable":true,"href":"https:\/\/amaldis.md\/ro\/wp-json\/wp\/v2\/comments?post=42539"}],"wp:featuredmedia":[{"embeddable":true,"href":"https:\/\/amaldis.md\/ro\/wp-json\/wp\/v2\/media\/45937"}],"wp:attachment":[{"href":"https:\/\/amaldis.md\/ro\/wp-json\/wp\/v2\/media?parent=42539"}],"wp:term":[{"taxonomy":"product_brand","embeddable":true,"href":"https:\/\/amaldis.md\/ro\/wp-json\/wp\/v2\/product_brand?post=42539"},{"taxonomy":"product_cat","embeddable":true,"href":"https:\/\/amaldis.md\/ro\/wp-json\/wp\/v2\/product_cat?post=42539"},{"taxonomy":"product_tag","embeddable":true,"href":"https:\/\/amaldis.md\/ro\/wp-json\/wp\/v2\/product_tag?post=42539"}],"curies":[{"name":"wp","href":"https:\/\/api.w.org\/{rel}","templated":true}]}}