{"id":42544,"date":"2024-02-07T13:16:15","date_gmt":"2024-02-07T10:16:15","guid":{"rendered":"https:\/\/amaldis.md\/product\/100-pure-whey-1000-g\/"},"modified":"2026-02-21T18:05:12","modified_gmt":"2026-02-21T15:05:12","slug":"100-pure-whey-1000-g","status":"publish","type":"product","link":"https:\/\/amaldis.md\/ro\/produs\/100-pure-whey-1000-g\/","title":{"rendered":"Proteine \u200b\u200bB 100% ZER PUR 1000 gr. 8450"},"content":{"rendered":"<h5>Proteine \u200b\u200bB 100% ZER PUR 1000 gr. 8450 PROTEINE CU DIGERA\u021aIE RAPID\u0102<\/h5>\n<h6 class=\"title_style_1\">DESCRIERE PRODUS<\/h6>\n<p><span class=\"label label-info\">R\u0103sf\u0103\u021ba\u021bi-v\u0103 mu\u0219chii<\/span>: aprovizionarea mu\u0219chilor cu nutrien\u021bi de \u00eenalt\u0103 calitate este esen\u021bial\u0103 pentru func\u021bionarea normal\u0103 a mu\u0219chilor, men\u021binerea \u0219i cre\u0219terea masei musculare. La fel ca \u0219i nou\u0103, mu\u0219chilor no\u0219tri le place s\u0103 m\u0103n\u00e2nce bine. <strong>Ofer\u0103-le \u0219i pe tine \u00eensu\u021bi cu o pudr\u0103 proteic\u0103 delicioas\u0103 \u0219i cremoas\u0103.<\/strong><\/p>\n<h5>100% PURE WHEY:<\/h5>\n<ul>\n<li>Con\u021binut ridicat de proteine: 78%;<\/li>\n<li>6 g BCAA per por\u021bie (versiunea nearomatizat\u0103 con\u021bine 4,8 g);<\/li>\n<li>Fara gluten, fara zahar adaugat, fara aspartam, fara conservanti;<\/li>\n<li>O gam\u0103 larg\u0103 de arome;<\/li>\n<li>Este disponibil\u0103 \u0219i o versiune f\u0103r\u0103 arome (pentru pachete de 454 \u0219i 1000 de grame).<\/li>\n<\/ul>\n<h6>RECOMAND\u0102M SER 100% PUR DAC\u0102:<\/h6>\n<ul>\n<li>Dori\u021bi s\u0103 utiliza\u021bi o surs\u0103 excelent\u0103 de proteine, deoarece proteinele con\u021binute \u00een acest produs ajut\u0103 la cre\u0219terea \u0219i men\u021binerea masei musculare, precum \u0219i a oaselor s\u0103n\u0103toase;<\/li>\n<li>Cau\u021bi o solu\u021bie rapid\u0103 pentru recuperarea dup\u0103 antrenament;<\/li>\n<li>Suferi de boala celiaca:<\/li>\n<li>Prefer\u0103 arome rafinate, variate \u0219i cremoase.<\/li>\n<\/ul>\n<h6>RECOMAND\u0102M VERSIUNEA NEARROMAT\u0102 A PRODUSULUI DAC\u0102:<\/h6>\n<ul>\n<li>Iube\u0219te s\u0103 g\u0103te\u0219ti, deoarece con\u021binutul s\u0103u ridicat de proteine \u200b\u200b\u0219i gustul neutru pot fi folosite pentru a preg\u0103ti m\u00e2nc\u0103ruri s\u0103n\u0103toase \u0219i dulciuri bogate \u00een calorii s\u0103n\u0103toase;<\/li>\n<li>Sensibil la aditivi\n<p class=\"title_style_1\">RECOMAND\u0102RI DE UTILIZARE<\/p>\n<p>Se amestec\u0103 o por\u021bie de pudr\u0103 (28 g = 1 lingur\u0103 = 2 linguri) cu 250 ml ap\u0103 sau lapte degresat. Lua\u021bi 2 por\u021bii pe zi. Lua\u021bi prima por\u021bie \u00een 45 de minute dup\u0103 antrenament, a doua &#8211; \u00eentre mese. Folose\u0219te un agitator!<\/li>\n<\/ul>\n","protected":false},"excerpt":{"rendered":"<h3>B \u041f\u0440\u043e\u0442\u0435\u0438\u043d 100% PURE WHEY 1000 gr.8450<\/h3>\n","protected":false},"featured_media":45912,"comment_status":"open","ping_status":"closed","template":"","meta":{"_et_pb_use_builder":"","_et_pb_old_content":"","_et_gb_content_width":""},"product_brand":[1344],"product_cat":[675],"product_tag":[819,786,746,748,785,818,749],"class_list":{"0":"post-42544","1":"product","2":"type-product","3":"status-publish","4":"has-post-thumbnail","6":"product_brand-biotechusa","7":"product_cat-nutritie-sportiva","8":"product_tag-100-pure-whey-1000-g-ro","9":"product_tag-biotech-usa-ro","10":"product_tag-cumpara","11":"product_tag-nutritie","12":"product_tag-proteine","13":"product_tag-pure-whey-ro","14":"product_tag-sportiv","16":"first","17":"instock","18":"shipping-taxable","19":"purchasable","20":"product-type-simple"},"aioseo_notices":[],"_links":{"self":[{"href":"https:\/\/amaldis.md\/ro\/wp-json\/wp\/v2\/product\/42544","targetHints":{"allow":["GET"]}}],"collection":[{"href":"https:\/\/amaldis.md\/ro\/wp-json\/wp\/v2\/product"}],"about":[{"href":"https:\/\/amaldis.md\/ro\/wp-json\/wp\/v2\/types\/product"}],"replies":[{"embeddable":true,"href":"https:\/\/amaldis.md\/ro\/wp-json\/wp\/v2\/comments?post=42544"}],"wp:featuredmedia":[{"embeddable":true,"href":"https:\/\/amaldis.md\/ro\/wp-json\/wp\/v2\/media\/45912"}],"wp:attachment":[{"href":"https:\/\/amaldis.md\/ro\/wp-json\/wp\/v2\/media?parent=42544"}],"wp:term":[{"taxonomy":"product_brand","embeddable":true,"href":"https:\/\/amaldis.md\/ro\/wp-json\/wp\/v2\/product_brand?post=42544"},{"taxonomy":"product_cat","embeddable":true,"href":"https:\/\/amaldis.md\/ro\/wp-json\/wp\/v2\/product_cat?post=42544"},{"taxonomy":"product_tag","embeddable":true,"href":"https:\/\/amaldis.md\/ro\/wp-json\/wp\/v2\/product_tag?post=42544"}],"curies":[{"name":"wp","href":"https:\/\/api.w.org\/{rel}","templated":true}]}}