{"id":42546,"date":"2024-02-03T12:59:38","date_gmt":"2024-02-03T09:59:38","guid":{"rendered":"https:\/\/amaldis.md\/product\/bandaj-elastic-pentru-glezne-cu-insertie-din-silicon\/"},"modified":"2024-02-03T12:59:38","modified_gmt":"2024-02-03T09:59:38","slug":"bandaj-elastic-pentru-glezne-cu-insertie-din-silicon","status":"publish","type":"product","link":"https:\/\/amaldis.md\/ro\/produs\/bandaj-elastic-pentru-glezne-cu-insertie-din-silicon\/","title":{"rendered":"Bandaj elastic pentru glezne cu inser\u021bie din silicon"},"content":{"rendered":"<h4 class=\"product-intro__title\">Bandaj elastic pentru glezne cu inser\u021bie din silicon<\/h4>\n<p><strong>Materia<\/strong>l: poliester, spandex, silicon <strong>                       <\/strong><br \/>\n<strong>Culoare<\/strong>: negru-gri<br \/>\n<strong>Scop<\/strong>: prevenirea accident\u0103rilor \u00een timpul sportului<\/p>\n<p>Marime: S,M,L<\/p>\n<p><strong>Scop<\/strong><br \/>\nPansament elastic pentru glezn\u0103 cu inser\u021bie de silicon SIBOTE ST-2590 este conceput pentru a fi utilizat \u00een situa\u021bii care necesit\u0103 o stabilizare suplimentar\u0103 a articula\u021biei, cum ar fi activitatea fizic\u0103, antrenamentul sportiv, reabilitarea dup\u0103 accidentare sau pentru prevenirea eventualelor leziuni.<\/p>\n<p><strong>Descriere<\/strong><br \/>\nSIBOTE ST-2590 este un bandaj elastic conceput \u021bin\u00e2nd cont de caracteristicile anatomice ale gleznei. Ofer\u0103 o potrivire perfect\u0103 \u0219i o compresie reglabil\u0103 datorit\u0103 materialelor de \u00eenalt\u0103 calitate \u0219i designului inovator. O caracteristic\u0103 special\u0103 a acestui bandaj este prezen\u021ba unei inser\u021bii de silicon, care asigur\u0103 o fixare \u00eembun\u0103t\u0103\u021bit\u0103 \u00een loc \u0219i previne alunecarea \u00een timpul mi\u0219c\u0103rii.<\/p>\n","protected":false},"excerpt":{"rendered":"<h3 class=\"product-intro__title\">Pansament elastic pentru glezne cu inser\u021bie de silicon SIBOTE ST-2590 m\u0103rimea S, M, L 1buc negru-gri<\/h3>\n","protected":false},"featured_media":42314,"comment_status":"open","ping_status":"closed","template":"","meta":{"_et_pb_use_builder":"","_et_pb_old_content":"","_et_gb_content_width":""},"product_brand":[],"product_cat":[665,664,667],"product_tag":[820,823,821,822],"class_list":{"0":"post-42546","1":"product","2":"type-product","3":"status-publish","4":"has-post-thumbnail","6":"product_cat-aparari","7":"product_cat-sanatate","8":"product_cat-sustinatori","9":"product_tag-bandaj-elastic-pentru-glezne","10":"product_tag-etriere","11":"product_tag-glezna","12":"product_tag-protectie","14":"first","15":"instock","16":"shipping-taxable","17":"purchasable","18":"product-type-simple"},"aioseo_notices":[],"_links":{"self":[{"href":"https:\/\/amaldis.md\/ro\/wp-json\/wp\/v2\/product\/42546","targetHints":{"allow":["GET"]}}],"collection":[{"href":"https:\/\/amaldis.md\/ro\/wp-json\/wp\/v2\/product"}],"about":[{"href":"https:\/\/amaldis.md\/ro\/wp-json\/wp\/v2\/types\/product"}],"replies":[{"embeddable":true,"href":"https:\/\/amaldis.md\/ro\/wp-json\/wp\/v2\/comments?post=42546"}],"wp:featuredmedia":[{"embeddable":true,"href":"https:\/\/amaldis.md\/ro\/wp-json\/wp\/v2\/media\/42314"}],"wp:attachment":[{"href":"https:\/\/amaldis.md\/ro\/wp-json\/wp\/v2\/media?parent=42546"}],"wp:term":[{"taxonomy":"product_brand","embeddable":true,"href":"https:\/\/amaldis.md\/ro\/wp-json\/wp\/v2\/product_brand?post=42546"},{"taxonomy":"product_cat","embeddable":true,"href":"https:\/\/amaldis.md\/ro\/wp-json\/wp\/v2\/product_cat?post=42546"},{"taxonomy":"product_tag","embeddable":true,"href":"https:\/\/amaldis.md\/ro\/wp-json\/wp\/v2\/product_tag?post=42546"}],"curies":[{"name":"wp","href":"https:\/\/api.w.org\/{rel}","templated":true}]}}