{"id":42550,"date":"2024-02-02T19:49:01","date_gmt":"2024-02-02T16:49:01","guid":{"rendered":"https:\/\/amaldis.md\/product\/kettlebell-6-kg\/"},"modified":"2024-02-02T19:49:01","modified_gmt":"2024-02-02T16:49:01","slug":"kettlebell-6-kg","status":"publish","type":"product","link":"https:\/\/amaldis.md\/ro\/produs\/kettlebell-6-kg\/","title":{"rendered":"Kettlebell 6 kg"},"content":{"rendered":"<h4>Kettlebell 6 kg<\/h4>\n<p>&#8211; Greutate: 6 kg<br \/>\n\u2013 M\u00e2ner ergonomic<br \/>\n&#8211; Material: umplutur\u0103 compozit\u0103 mineral\u0103, material polimeric de \u00eenalt\u0103 calitate (PP)<br \/>\n\u2013 Circumferin\u021ba m\u00e2nerului: 11 cm (+\/-)<br \/>\n\u2013 Design robust<br \/>\n\u2013 Materialul este rezistent la deterior\u0103ri mecanice<\/p>\n<p>&nbsp;<\/p>\n<p>&nbsp;<\/p>\n<p>&nbsp;<\/p>\n","protected":false},"excerpt":{"rendered":"<h2 class=\"product_title entry-title wd-entities-title\">Kettlebell, 1 buc. * 6 kg<\/h2>\n","protected":false},"featured_media":42308,"comment_status":"open","ping_status":"closed","template":"","meta":{"_et_pb_use_builder":"","_et_pb_old_content":"","_et_gb_content_width":""},"product_brand":[],"product_cat":[678,680],"product_tag":[826,825,827],"class_list":{"0":"post-42550","1":"product","2":"type-product","3":"status-publish","4":"has-post-thumbnail","6":"product_cat-formare","7":"product_cat-tyazhelaya-atletika","8":"product_tag-instruire","9":"product_tag-kettlebell","10":"product_tag-ridicare-de-greutati","12":"first","13":"instock","14":"shipping-taxable","15":"purchasable","16":"product-type-simple"},"aioseo_notices":[],"_links":{"self":[{"href":"https:\/\/amaldis.md\/ro\/wp-json\/wp\/v2\/product\/42550","targetHints":{"allow":["GET"]}}],"collection":[{"href":"https:\/\/amaldis.md\/ro\/wp-json\/wp\/v2\/product"}],"about":[{"href":"https:\/\/amaldis.md\/ro\/wp-json\/wp\/v2\/types\/product"}],"replies":[{"embeddable":true,"href":"https:\/\/amaldis.md\/ro\/wp-json\/wp\/v2\/comments?post=42550"}],"wp:featuredmedia":[{"embeddable":true,"href":"https:\/\/amaldis.md\/ro\/wp-json\/wp\/v2\/media\/42308"}],"wp:attachment":[{"href":"https:\/\/amaldis.md\/ro\/wp-json\/wp\/v2\/media?parent=42550"}],"wp:term":[{"taxonomy":"product_brand","embeddable":true,"href":"https:\/\/amaldis.md\/ro\/wp-json\/wp\/v2\/product_brand?post=42550"},{"taxonomy":"product_cat","embeddable":true,"href":"https:\/\/amaldis.md\/ro\/wp-json\/wp\/v2\/product_cat?post=42550"},{"taxonomy":"product_tag","embeddable":true,"href":"https:\/\/amaldis.md\/ro\/wp-json\/wp\/v2\/product_tag?post=42550"}],"curies":[{"name":"wp","href":"https:\/\/api.w.org\/{rel}","templated":true}]}}