{"id":42554,"date":"2024-02-02T19:26:53","date_gmt":"2024-02-02T16:26:53","guid":{"rendered":"https:\/\/amaldis.md\/product\/manusi-pentru-fitness-si-antrenament\/"},"modified":"2024-02-02T19:26:53","modified_gmt":"2024-02-02T16:26:53","slug":"manusi-pentru-fitness-si-antrenament","status":"publish","type":"product","link":"https:\/\/amaldis.md\/ro\/produs\/manusi-pentru-fitness-si-antrenament\/","title":{"rendered":"M\u0103nu\u0219i pentru fitness \u0219i antrenament"},"content":{"rendered":"<p><strong>M\u0103nu\u0219i pentru fitness \u0219i antrenament <\/strong><\/p>\n<p> <strong>Material:<\/strong> poliester PL, clorur\u0103 de polivinil PVC.<br \/>\n<strong>Caracteristici<\/strong>: degetele deschise.<br \/>\n<strong>Dimensiunea<\/strong> <strong>palmei\/Grimea<\/strong>: M.L<br \/>\n<strong>\u00cenchidere<\/strong>: Velcro.<br \/>\n<strong>Scop<\/strong>: aerobic, echipament de antrenament, fitness.<\/p>\n<p>M\u0103nu\u0219ile fitness pentru femei Sport BC-307 sunt o op\u021biune elegant\u0103 pentru antrenament \u00een sal\u0103 \u0219i pe strad\u0103. Un model luminos \u0219i o croial\u0103 de \u00eenalt\u0103 calitate v\u0103 vor ajuta s\u0103 v\u0103 eviden\u021bia\u021bi din mul\u021bimea de sportivi, s\u0103 ar\u0103ta\u021bi elegant \u0219i la mod\u0103 \u0219i s\u0103 purta\u021bi m\u0103nu\u0219i f\u0103r\u0103 a v\u0103 pierde aspectul timp de c\u00e2\u021biva ani.<\/p>\n<p>M\u00e2inile puternice ale femeilor sunt frumoase, dar calusurile care apar \u00een urma lucrului cu echipamente nu sunt deloc frumoase pentru doamnele frumoase. Pentru a le evita, ai nevoie doar de m\u0103nu\u0219i fitness dam\u0103 Sport BC-307.<\/p>\n","protected":false},"excerpt":{"rendered":"<h3 class=\"product-intro__title\">M\u0103nu\u0219i pentru fitness \u0219i antrenament Sport BC-307 M.L<\/h3>\n","protected":false},"featured_media":42301,"comment_status":"open","ping_status":"closed","template":"","meta":{"_et_pb_use_builder":"","_et_pb_old_content":"","_et_gb_content_width":""},"product_brand":[],"product_cat":[681,678],"product_tag":[830,833,831,834],"class_list":{"0":"post-42554","1":"product","2":"type-product","3":"status-publish","4":"has-post-thumbnail","6":"product_cat-fitness-si-yoga","7":"product_cat-formare","8":"product_tag-a-face-exercitii-fizice","9":"product_tag-femei","10":"product_tag-fitness","11":"product_tag-manusi","13":"first","14":"instock","15":"shipping-taxable","16":"purchasable","17":"product-type-simple"},"aioseo_notices":[],"_links":{"self":[{"href":"https:\/\/amaldis.md\/ro\/wp-json\/wp\/v2\/product\/42554","targetHints":{"allow":["GET"]}}],"collection":[{"href":"https:\/\/amaldis.md\/ro\/wp-json\/wp\/v2\/product"}],"about":[{"href":"https:\/\/amaldis.md\/ro\/wp-json\/wp\/v2\/types\/product"}],"replies":[{"embeddable":true,"href":"https:\/\/amaldis.md\/ro\/wp-json\/wp\/v2\/comments?post=42554"}],"wp:featuredmedia":[{"embeddable":true,"href":"https:\/\/amaldis.md\/ro\/wp-json\/wp\/v2\/media\/42301"}],"wp:attachment":[{"href":"https:\/\/amaldis.md\/ro\/wp-json\/wp\/v2\/media?parent=42554"}],"wp:term":[{"taxonomy":"product_brand","embeddable":true,"href":"https:\/\/amaldis.md\/ro\/wp-json\/wp\/v2\/product_brand?post=42554"},{"taxonomy":"product_cat","embeddable":true,"href":"https:\/\/amaldis.md\/ro\/wp-json\/wp\/v2\/product_cat?post=42554"},{"taxonomy":"product_tag","embeddable":true,"href":"https:\/\/amaldis.md\/ro\/wp-json\/wp\/v2\/product_tag?post=42554"}],"curies":[{"name":"wp","href":"https:\/\/api.w.org\/{rel}","templated":true}]}}