{"id":42557,"date":"2024-02-02T19:08:48","date_gmt":"2024-02-02T16:08:48","guid":{"rendered":"https:\/\/amaldis.md\/product\/genunchiera-de-compresie-pentru-baschet-cu-tampoane-de-protectie-pentru-genunchi\/"},"modified":"2024-02-19T10:11:21","modified_gmt":"2024-02-19T07:11:21","slug":"genunchiera-de-compresie-pentru-baschet-cu-tampoane-de-protectie-pentru-genunchi","status":"publish","type":"product","link":"https:\/\/amaldis.md\/ro\/produs\/genunchiera-de-compresie-pentru-baschet-cu-tampoane-de-protectie-pentru-genunchi\/","title":{"rendered":"Genunchier\u0103 de compresie pentru baschet cu tampoane de protec\u021bie pentru genunchi"},"content":{"rendered":"<h4><strong>Genunchier\u0103 de compresie pentru baschet cu tampoane de protec\u021bie pentru genunchi <\/strong><\/h4>\n<p><strong>Material<\/strong>: Lycra<br \/>\n<strong>Marime<\/strong>: S<br \/>\n<strong>Culoare<\/strong> neagr\u0103.<br \/>\n<strong>Scop:<\/strong> pentru a proteja articula\u021bia genunchiului \u00een timpul antrenamentului de baschet.<\/p>\n<p>Genunchierul de compresie este conceput pentru a proteja articula\u021bia de r\u0103ni \u00een timpul antrenamentului la baschet \u0219i alte sporturi. Echipamentul de protec\u021bie poate fi folosit pentru orice sport extrem.<\/p>\n<p>Genunchiera de compresie nu serve\u0219te doar ca protec\u021bie fiabil\u0103 \u00een caz de c\u0103dere, ci sus\u021bine perfect articula\u021bia, ligamentele \u0219i mu\u0219chii din jur. Echipamentul este fixat pe picior datorit\u0103 propriet\u0103\u021bilor de compresie ale \u021bes\u0103turii. Pernu\u021ba de pe rotula va atenua impactul \u00een caz de c\u0103dere.<\/p>\n<p>Genunchierul nu limiteaz\u0103 gama de mi\u0219care a articula\u021biei \u0219i nu interfereaz\u0103 cu manevrele \u0219i accelera\u021biile. Echipamentul este realizat din lycra. Materialul sintetic rezist\u0103 la antrenamente intense regulate.<\/p>\n","protected":false},"excerpt":{"rendered":"<h3 class=\"product-intro__title\">Genunchier de compresie baschet cu tampoane de protec\u021bie pentru genunchi Sport 3065 S 1buc<\/h3>\n","protected":false},"featured_media":42296,"comment_status":"open","ping_status":"closed","template":"","meta":{"_et_pb_use_builder":"","_et_pb_old_content":"","_et_gb_content_width":""},"product_brand":[],"product_cat":[665,654,667],"product_tag":[837,835,836,822],"class_list":{"0":"post-42557","1":"product","2":"type-product","3":"status-publish","4":"has-post-thumbnail","6":"product_cat-aparari","7":"product_cat-baschet","8":"product_cat-sustinatori","9":"product_tag-aparatoare-de-genunchi","10":"product_tag-baschet","11":"product_tag-comprimare","12":"product_tag-protectie","14":"first","15":"instock","16":"shipping-taxable","17":"purchasable","18":"product-type-simple"},"aioseo_notices":[],"_links":{"self":[{"href":"https:\/\/amaldis.md\/ro\/wp-json\/wp\/v2\/product\/42557","targetHints":{"allow":["GET"]}}],"collection":[{"href":"https:\/\/amaldis.md\/ro\/wp-json\/wp\/v2\/product"}],"about":[{"href":"https:\/\/amaldis.md\/ro\/wp-json\/wp\/v2\/types\/product"}],"replies":[{"embeddable":true,"href":"https:\/\/amaldis.md\/ro\/wp-json\/wp\/v2\/comments?post=42557"}],"wp:featuredmedia":[{"embeddable":true,"href":"https:\/\/amaldis.md\/ro\/wp-json\/wp\/v2\/media\/42296"}],"wp:attachment":[{"href":"https:\/\/amaldis.md\/ro\/wp-json\/wp\/v2\/media?parent=42557"}],"wp:term":[{"taxonomy":"product_brand","embeddable":true,"href":"https:\/\/amaldis.md\/ro\/wp-json\/wp\/v2\/product_brand?post=42557"},{"taxonomy":"product_cat","embeddable":true,"href":"https:\/\/amaldis.md\/ro\/wp-json\/wp\/v2\/product_cat?post=42557"},{"taxonomy":"product_tag","embeddable":true,"href":"https:\/\/amaldis.md\/ro\/wp-json\/wp\/v2\/product_tag?post=42557"}],"curies":[{"name":"wp","href":"https:\/\/api.w.org\/{rel}","templated":true}]}}