{"id":42561,"date":"2024-02-02T18:47:43","date_gmt":"2024-02-02T15:47:43","guid":{"rendered":"https:\/\/amaldis.md\/product\/curele-pentru-deadlift\/"},"modified":"2024-02-02T18:47:43","modified_gmt":"2024-02-02T15:47:43","slug":"curele-pentru-deadlift","status":"publish","type":"product","link":"https:\/\/amaldis.md\/ro\/produs\/curele-pentru-deadlift\/","title":{"rendered":"Curele pentru deadlift"},"content":{"rendered":"<h5><strong>Curele pentru deadlift<\/strong><\/h5>\n<p><strong>Material<\/strong>: poliester, nailon<br \/>\n<strong>Lungime<\/strong>: 550 mm.<br \/>\n<strong>Culoare<\/strong> neagr\u0103.<br \/>\n<strong>Scop<\/strong>: reducerea stresului asupra degetelor.<\/p>\n<p>Efectuarea deadlift-urilor \u0219i a r\u00e2ndurilor cu greut\u0103\u021bi maxime \u0219i submaximale necesit\u0103 ca sportivul s\u0103 se concentreze extrem de mult asupra tehnicii exerci\u021biului. Curelele de deadlift VALEO TA-4418 v\u0103 vor ajuta s\u0103 realiza\u021bi acest lucru, deoarece nu numai c\u0103 reduc sarcina de pe degete, dar, datorit\u0103 unei mici \u00eembun\u0103t\u0103\u021biri, nu exercit\u0103 presiune asupra \u00eencheieturilor.<\/p>\n<p>Acest efect se realizeaz\u0103 datorit\u0103 man\u0219etelor cu care sunt echipate curelele. Sunt fabricate din nailon moale durabil \u0219i servesc ca un tampon de \u00eencredere \u00eentre curele \u0219i m\u00e2n\u0103. Acest lucru permite sportivului s\u0103 se concentreze pe deplin asupra exerci\u021biului, ceea ce \u00eei cre\u0219te eficacitatea \u0219i nivelul de siguran\u021b\u0103 &#8211; riscul de accidentare a spatelui este redus semnificativ.<\/p>\n<p>Materialul pentru curele \u00een sine este o \u021bes\u0103tur\u0103 din fibr\u0103 de poliester de \u00eenalt\u0103 calitate, care este foarte rezistent\u0103 la deformare \u0219i uzur\u0103. Pe o parte, cureaua este pliat\u0103 \u00eentr-o bucl\u0103, cusat\u0103 cu cus\u0103turi duble, \u00een care cap\u0103tul liber este b\u0103gat pentru a fixa curelele de pe bra\u021be.<\/p>\n<p>Curelele sunt u\u0219or de p\u0103strat curate &#8211; nu necesit\u0103 condi\u021bii speciale pentru sp\u0103lare \u0219i se usuc\u0103 destul de repede.<\/p>\n","protected":false},"excerpt":{"rendered":"<h3 class=\"product-intro__title\">Curele (curele) pentru deadlift VALEO TA-4418 2buc negru<\/h3>\n","protected":false},"featured_media":42293,"comment_status":"open","ping_status":"closed","template":"","meta":{"_et_pb_use_builder":"","_et_pb_old_content":"","_et_gb_content_width":""},"product_brand":[],"product_cat":[680],"product_tag":[838,839,840,827],"class_list":{"0":"post-42561","1":"product","2":"type-product","3":"status-publish","4":"has-post-thumbnail","6":"product_cat-tyazhelaya-atletika","7":"product_tag-curele","8":"product_tag-curele-ro","9":"product_tag-mreana","10":"product_tag-ridicare-de-greutati","12":"first","13":"instock","14":"shipping-taxable","15":"purchasable","16":"product-type-simple"},"aioseo_notices":[],"_links":{"self":[{"href":"https:\/\/amaldis.md\/ro\/wp-json\/wp\/v2\/product\/42561","targetHints":{"allow":["GET"]}}],"collection":[{"href":"https:\/\/amaldis.md\/ro\/wp-json\/wp\/v2\/product"}],"about":[{"href":"https:\/\/amaldis.md\/ro\/wp-json\/wp\/v2\/types\/product"}],"replies":[{"embeddable":true,"href":"https:\/\/amaldis.md\/ro\/wp-json\/wp\/v2\/comments?post=42561"}],"wp:featuredmedia":[{"embeddable":true,"href":"https:\/\/amaldis.md\/ro\/wp-json\/wp\/v2\/media\/42293"}],"wp:attachment":[{"href":"https:\/\/amaldis.md\/ro\/wp-json\/wp\/v2\/media?parent=42561"}],"wp:term":[{"taxonomy":"product_brand","embeddable":true,"href":"https:\/\/amaldis.md\/ro\/wp-json\/wp\/v2\/product_brand?post=42561"},{"taxonomy":"product_cat","embeddable":true,"href":"https:\/\/amaldis.md\/ro\/wp-json\/wp\/v2\/product_cat?post=42561"},{"taxonomy":"product_tag","embeddable":true,"href":"https:\/\/amaldis.md\/ro\/wp-json\/wp\/v2\/product_tag?post=42561"}],"curies":[{"name":"wp","href":"https:\/\/api.w.org\/{rel}","templated":true}]}}