{"id":42583,"date":"2024-01-30T21:54:26","date_gmt":"2024-01-30T18:54:26","guid":{"rendered":"https:\/\/amaldis.md\/product\/racheta-de-tenis-de-masa-intr-o-cutie-4\/"},"modified":"2024-01-30T21:54:26","modified_gmt":"2024-01-30T18:54:26","slug":"racheta-de-tenis-de-masa-intr-o-cutie-4","status":"publish","type":"product","link":"https:\/\/amaldis.md\/ro\/produs\/racheta-de-tenis-de-masa-intr-o-cutie-4\/","title":{"rendered":"Rachet\u0103 de tenis de mas\u0103 \u00eentr-o cutie"},"content":{"rendered":"<h5>Rachet\u0103 de tenis de mas\u0103 \u00eentr-o cutie<\/h5>\n<p><strong>Material<\/strong>: lemn, cauciuc (RB).<br \/>\n<strong>Forma m\u00e2nerului<\/strong>: conic.<br \/>\n<strong>Echipament<\/strong>: racheta, carcasa.<br \/>\n<strong>Scop<\/strong>: pentru a juca tenis de mas\u0103.<\/p>\n<p>Racheta de tenis de masa CIMA este un echipament sportiv conceput tinand cont de nevoile jucatorilor experimentati. Racheta are caracteristici unice \u0219i un design practic.<\/p>\n<p>Racheta combin\u0103 u\u0219urin\u021ba \u0219i puterea. Este din lemn. Acest echipament permite juc\u0103torului s\u0103 controleze cu precizie direc\u021bia \u0219i viteza mingii. Suprafa\u021ba rachetei este acoperit\u0103 cu un strat de material cauciucat, care asigur\u0103 o aderen\u021b\u0103 optim\u0103 a mingii. Acest lucru permite juc\u0103torului s\u0103 efectueze rotiri precise \u0219i lovituri puternice.<\/p>\n<p>Manerul rachetei este proiectat tinand cont de anatomia mainii si are o forma conica. Acest m\u00e2ner \u00een form\u0103 permite juc\u0103torului s\u0103 prind\u0103 confortabil racheta \u0219i s\u0103 comute rapid \u00eentre diferite tipuri de lovituri.<\/p>\n","protected":false},"excerpt":{"rendered":"<h3 class=\"product-intro__title\">Racheta tenis de masa in carcasa CIMA CM-C300 3*<\/h3>\n","protected":false},"featured_media":42259,"comment_status":"open","ping_status":"closed","template":"","meta":{"_et_pb_use_builder":"","_et_pb_old_content":"","_et_gb_content_width":""},"product_brand":[],"product_cat":[669],"product_tag":[853,854,852],"class_list":{"0":"post-42583","1":"product","2":"type-product","3":"status-publish","4":"has-post-thumbnail","6":"product_cat-tenis-de-masa","7":"product_tag-racheta","8":"product_tag-tenis","9":"product_tag-tenis-de-masa","11":"first","12":"instock","13":"shipping-taxable","14":"purchasable","15":"product-type-simple"},"aioseo_notices":[],"_links":{"self":[{"href":"https:\/\/amaldis.md\/ro\/wp-json\/wp\/v2\/product\/42583","targetHints":{"allow":["GET"]}}],"collection":[{"href":"https:\/\/amaldis.md\/ro\/wp-json\/wp\/v2\/product"}],"about":[{"href":"https:\/\/amaldis.md\/ro\/wp-json\/wp\/v2\/types\/product"}],"replies":[{"embeddable":true,"href":"https:\/\/amaldis.md\/ro\/wp-json\/wp\/v2\/comments?post=42583"}],"wp:featuredmedia":[{"embeddable":true,"href":"https:\/\/amaldis.md\/ro\/wp-json\/wp\/v2\/media\/42259"}],"wp:attachment":[{"href":"https:\/\/amaldis.md\/ro\/wp-json\/wp\/v2\/media?parent=42583"}],"wp:term":[{"taxonomy":"product_brand","embeddable":true,"href":"https:\/\/amaldis.md\/ro\/wp-json\/wp\/v2\/product_brand?post=42583"},{"taxonomy":"product_cat","embeddable":true,"href":"https:\/\/amaldis.md\/ro\/wp-json\/wp\/v2\/product_cat?post=42583"},{"taxonomy":"product_tag","embeddable":true,"href":"https:\/\/amaldis.md\/ro\/wp-json\/wp\/v2\/product_tag?post=42583"}],"curies":[{"name":"wp","href":"https:\/\/api.w.org\/{rel}","templated":true}]}}