{"id":42588,"date":"2024-01-30T16:42:33","date_gmt":"2024-01-30T13:42:33","guid":{"rendered":"https:\/\/amaldis.md\/product\/rachete-pentru-tenis-de-masa-4\/"},"modified":"2024-02-19T14:58:37","modified_gmt":"2024-02-19T11:58:37","slug":"rachete-pentru-tenis-de-masa-4","status":"publish","type":"product","link":"https:\/\/amaldis.md\/ro\/produs\/rachete-pentru-tenis-de-masa-4\/","title":{"rendered":"Rachete pentru tenis de masa"},"content":{"rendered":"<h4>Rachete pentru tenis de masa<\/h4>\n<p><strong>Material placa<\/strong>: lemn multistrat.<br \/>\n<strong>Material c\u0103ptu\u0219eal\u0103:<\/strong> cauciuc.<br \/>\n<strong>Forma m\u00e2nerului:<\/strong> conic.<br \/>\n<strong>Scop<\/strong>: pentru a juca tenis de mas\u0103.<br \/>\n<strong>Continut:<\/strong> 1 buc.<\/p>\n<p>Preferi o tehnic\u0103 de atac \u00een tenis de mas\u0103 \u0219i cau\u021bi o rachet\u0103 care s\u0103 te ajute s\u0103 o \u00eembun\u0103t\u0103\u021be\u0219ti semnificativ? Racheta originala de tenis de masa DUNLOP 679206 D TT BT RAGE PREDATOR este ideala in acest scop.<\/p>\n","protected":false},"excerpt":{"rendered":"<h3 class=\"product-intro__title\">Racheta tenis de masa DUNLOP 679206 D TT BT RAGE PREDATOR<\/h3>\n","protected":false},"featured_media":42239,"comment_status":"open","ping_status":"closed","template":"","meta":{"_et_pb_use_builder":"","_et_pb_old_content":"","_et_gb_content_width":""},"product_brand":[],"product_cat":[669],"product_tag":[853,854,852],"class_list":{"0":"post-42588","1":"product","2":"type-product","3":"status-publish","4":"has-post-thumbnail","6":"product_cat-tenis-de-masa","7":"product_tag-racheta","8":"product_tag-tenis","9":"product_tag-tenis-de-masa","11":"first","12":"instock","13":"shipping-taxable","14":"purchasable","15":"product-type-simple"},"aioseo_notices":[],"_links":{"self":[{"href":"https:\/\/amaldis.md\/ro\/wp-json\/wp\/v2\/product\/42588","targetHints":{"allow":["GET"]}}],"collection":[{"href":"https:\/\/amaldis.md\/ro\/wp-json\/wp\/v2\/product"}],"about":[{"href":"https:\/\/amaldis.md\/ro\/wp-json\/wp\/v2\/types\/product"}],"replies":[{"embeddable":true,"href":"https:\/\/amaldis.md\/ro\/wp-json\/wp\/v2\/comments?post=42588"}],"wp:featuredmedia":[{"embeddable":true,"href":"https:\/\/amaldis.md\/ro\/wp-json\/wp\/v2\/media\/42239"}],"wp:attachment":[{"href":"https:\/\/amaldis.md\/ro\/wp-json\/wp\/v2\/media?parent=42588"}],"wp:term":[{"taxonomy":"product_brand","embeddable":true,"href":"https:\/\/amaldis.md\/ro\/wp-json\/wp\/v2\/product_brand?post=42588"},{"taxonomy":"product_cat","embeddable":true,"href":"https:\/\/amaldis.md\/ro\/wp-json\/wp\/v2\/product_cat?post=42588"},{"taxonomy":"product_tag","embeddable":true,"href":"https:\/\/amaldis.md\/ro\/wp-json\/wp\/v2\/product_tag?post=42588"}],"curies":[{"name":"wp","href":"https:\/\/api.w.org\/{rel}","templated":true}]}}