{"id":42591,"date":"2023-12-22T14:29:51","date_gmt":"2023-12-22T11:29:51","guid":{"rendered":"https:\/\/amaldis.md\/product\/minge-de-fotbal-2\/"},"modified":"2023-12-22T14:29:51","modified_gmt":"2023-12-22T11:29:51","slug":"minge-de-fotbal-2","status":"publish","type":"product","link":"https:\/\/amaldis.md\/ro\/produs\/minge-de-fotbal-2\/","title":{"rendered":"Minge de fotbal"},"content":{"rendered":"<h4>Minge de fotbal<\/h4>\n<p>Material: poliuretan<\/p>\n<p>Designul cu 32 de panouri al mingii de antrenament JAKO PERFOMANS LIGHT protejeaz\u0103 tubul interior din cauciuc natural \u0219i este ideal pentru sesiunile de antrenament consistente \u00een care mingea men\u021bine performan\u021ba constant\u0103. Certificatul FIFA BASIC asigur\u0103 c\u0103 aceast\u0103 minge \u00eendepline\u0219te cele mai importante propriet\u0103\u021bi precum performan\u021b\u0103, precizie, siguran\u021b\u0103 \u0219i durabilitate.<\/p>\n","protected":false},"excerpt":{"rendered":"<h3>Minge de fotbal Jako PERFOMANS LIGHT rosu-alb 2308\/702 290g.<\/h3>\n","protected":false},"featured_media":42237,"comment_status":"open","ping_status":"closed","template":"","meta":{"_et_pb_use_builder":"","_et_pb_old_content":"","_et_gb_content_width":""},"product_brand":[],"product_cat":[682],"product_tag":[857,856],"class_list":{"0":"post-42591","1":"product","2":"type-product","3":"status-publish","4":"has-post-thumbnail","6":"product_cat-fotbal","7":"product_tag-fotbal","8":"product_tag-minge","10":"first","11":"instock","12":"shipping-taxable","13":"purchasable","14":"product-type-simple"},"aioseo_notices":[],"_links":{"self":[{"href":"https:\/\/amaldis.md\/ro\/wp-json\/wp\/v2\/product\/42591","targetHints":{"allow":["GET"]}}],"collection":[{"href":"https:\/\/amaldis.md\/ro\/wp-json\/wp\/v2\/product"}],"about":[{"href":"https:\/\/amaldis.md\/ro\/wp-json\/wp\/v2\/types\/product"}],"replies":[{"embeddable":true,"href":"https:\/\/amaldis.md\/ro\/wp-json\/wp\/v2\/comments?post=42591"}],"wp:featuredmedia":[{"embeddable":true,"href":"https:\/\/amaldis.md\/ro\/wp-json\/wp\/v2\/media\/42237"}],"wp:attachment":[{"href":"https:\/\/amaldis.md\/ro\/wp-json\/wp\/v2\/media?parent=42591"}],"wp:term":[{"taxonomy":"product_brand","embeddable":true,"href":"https:\/\/amaldis.md\/ro\/wp-json\/wp\/v2\/product_brand?post=42591"},{"taxonomy":"product_cat","embeddable":true,"href":"https:\/\/amaldis.md\/ro\/wp-json\/wp\/v2\/product_cat?post=42591"},{"taxonomy":"product_tag","embeddable":true,"href":"https:\/\/amaldis.md\/ro\/wp-json\/wp\/v2\/product_tag?post=42591"}],"curies":[{"name":"wp","href":"https:\/\/api.w.org\/{rel}","templated":true}]}}