{"id":42593,"date":"2023-12-22T14:06:23","date_gmt":"2023-12-22T11:06:23","guid":{"rendered":"https:\/\/amaldis.md\/product\/scara-de-coordonare\/"},"modified":"2023-12-22T14:06:23","modified_gmt":"2023-12-22T11:06:23","slug":"scara-de-coordonare","status":"publish","type":"product","link":"https:\/\/amaldis.md\/ro\/produs\/scara-de-coordonare\/","title":{"rendered":"Scara de coordonare"},"content":{"rendered":"<h4>Scara de coordonare<\/h4>\n<p><strong>Dimensiuni totale<\/strong>: 6mx0,52mx4 mm<br \/>\n<strong>Lungime:<\/strong> 6 m<br \/>\n<strong>Num\u0103r de bare transversale<\/strong>: 12<br \/>\n<strong>Material:<\/strong> plastic<br \/>\n<strong>Culoare<\/strong>: asortat<br \/>\n<strong>Scop:<\/strong> dezvoltarea coordon\u0103rii \u0219i vitezei<\/p>\n<p><strong>Scop<\/strong><br \/>\nConceput pentru antrenamentul activ \u0219i dezvoltarea coordon\u0103rii mi\u0219c\u0103rilor \u0219i cre\u0219terea vitezei. Indiferent de nivelul t\u0103u de fitness sau disciplina sportiv\u0103, folosirea sc\u0103rii de coordonare te va ajuta s\u0103-\u021bi cre\u0219ti fitness-ul, s\u0103-\u021bi \u00eembun\u0103t\u0103\u021be\u0219ti tehnica de mi\u0219care, s\u0103-\u021bi m\u0103re\u0219ti viteza de mi\u0219care \u0219i s\u0103 devii mai flexibil \u0219i mai fluid \u00een mi\u0219c\u0103ri. Poate fi folosit \u0219i \u00een scopuri de reabilitare.<\/p>\n","protected":false},"excerpt":{"rendered":"<h3 class=\"product-intro__title\">Pista scar\u0103 de coordonare pentru antrenament de vitez\u0103 C-4111 6m<\/h3>\n","protected":false},"featured_media":42230,"comment_status":"open","ping_status":"closed","template":"","meta":{"_et_pb_use_builder":"","_et_pb_old_content":"","_et_gb_content_width":""},"product_brand":[],"product_cat":[678],"product_tag":[863,826,864,862],"class_list":{"0":"post-42593","1":"product","2":"type-product","3":"status-publish","4":"has-post-thumbnail","6":"product_cat-formare","7":"product_tag-coordonare","8":"product_tag-instruire","9":"product_tag-scara","10":"product_tag-urmari","12":"first","13":"instock","14":"shipping-taxable","15":"purchasable","16":"product-type-simple"},"aioseo_notices":[],"_links":{"self":[{"href":"https:\/\/amaldis.md\/ro\/wp-json\/wp\/v2\/product\/42593","targetHints":{"allow":["GET"]}}],"collection":[{"href":"https:\/\/amaldis.md\/ro\/wp-json\/wp\/v2\/product"}],"about":[{"href":"https:\/\/amaldis.md\/ro\/wp-json\/wp\/v2\/types\/product"}],"replies":[{"embeddable":true,"href":"https:\/\/amaldis.md\/ro\/wp-json\/wp\/v2\/comments?post=42593"}],"wp:featuredmedia":[{"embeddable":true,"href":"https:\/\/amaldis.md\/ro\/wp-json\/wp\/v2\/media\/42230"}],"wp:attachment":[{"href":"https:\/\/amaldis.md\/ro\/wp-json\/wp\/v2\/media?parent=42593"}],"wp:term":[{"taxonomy":"product_brand","embeddable":true,"href":"https:\/\/amaldis.md\/ro\/wp-json\/wp\/v2\/product_brand?post=42593"},{"taxonomy":"product_cat","embeddable":true,"href":"https:\/\/amaldis.md\/ro\/wp-json\/wp\/v2\/product_cat?post=42593"},{"taxonomy":"product_tag","embeddable":true,"href":"https:\/\/amaldis.md\/ro\/wp-json\/wp\/v2\/product_tag?post=42593"}],"curies":[{"name":"wp","href":"https:\/\/api.w.org\/{rel}","templated":true}]}}