{"id":42594,"date":"2023-12-22T14:02:39","date_gmt":"2023-12-22T11:02:39","guid":{"rendered":"https:\/\/amaldis.md\/product\/sosete-de-fotbal-pentru-juniori\/"},"modified":"2025-09-19T13:24:26","modified_gmt":"2025-09-19T10:24:26","slug":"sosete-de-fotbal-pentru-juniori","status":"publish","type":"product","link":"https:\/\/amaldis.md\/ro\/produs\/sosete-de-fotbal-pentru-juniori\/","title":{"rendered":"\u0218osete de fotbal pentru juniori MJM661"},"content":{"rendered":"<h4>\u0218osete de fotbal pentru juniori MJM661<\/h4>\n<p><strong>Material:<\/strong> poliester, nailon.<br \/>\n<strong>Marime<\/strong>: M (34-38).<br \/>\n<strong>Culoare:<\/strong> alb-negru<br \/>\n<strong>Scop:<\/strong> element al uniformei de fotbalist.<\/p>\n<p>Jambierele pentru juniori pot fi folosite de baieti si fete, reprezentanti ai diverselor sporturi de echipa. Echipamentul are un design luminos \u0219i v\u0103 permite s\u0103 ata\u0219a\u021bi tampoane de fotbal. Folosind ghetre, juc\u0103torii \u00ee\u0219i pot proteja picioarele de abraziuni \u0219i zg\u00e2rieturi datorate contactului cu suprafa\u021ba c\u00e2mpului \u0219i \u00eentre ei. Ghetele sus\u021bin, de asemenea, articula\u021biile \u0219i ligamentele \u0219i mu\u0219chii caldi.<\/p>\n<p>Ghetele sunt concepute pentru a fi folosite toamna \u0219i iarna. Se deosebesc de modelele de var\u0103 prin \u021bes\u0103tura mai dens\u0103 \u0219i mai cald\u0103. Materialul sintetic elimin\u0103 rapid umezeala din corp, \u00eempiedic\u00e2nd picioarele juc\u0103torului s\u0103 se r\u0103ceasc\u0103 prea mult. \u00cen timpul celor mai intense antrenamente, ghetrele vor oferi o senza\u021bie de confort. Au inser\u021bii din material respirabil.<\/p>\n<p>Este important s\u0103 alege\u021bi m\u0103rimea potrivit\u0103 pentru \u00eenc\u0103lzitoarele pentru picioare pentru juniori. Aceast\u0103 versiune a echipamentului ar trebui s\u0103 se potriveasc\u0103 perfect pe picioare, singurul mod \u00een care va ajuta la fixarea scuturilor. Ghetele au, de asemenea, un efect pozitiv asupra fluxului de s\u00e2nge venos datorit\u0103 efectului compresiv al \u021bes\u0103turii asupra picioarelor.<\/p>\n","protected":false},"excerpt":{"rendered":"<h3 class=\"product-intro__title\">\u0218osete de fotbal pentru juniori MJM661 m\u0103rimea M\/34-38 alb-negru<\/h3>\n","protected":false},"featured_media":42229,"comment_status":"open","ping_status":"closed","template":"","meta":{"_et_pb_use_builder":"","_et_pb_old_content":"","_et_gb_content_width":""},"product_brand":[],"product_cat":[682],"product_tag":[857,865,866,822],"class_list":{"0":"post-42594","1":"product","2":"type-product","3":"status-publish","4":"has-post-thumbnail","6":"product_cat-fotbal","7":"product_tag-fotbal","8":"product_tag-ghetre","9":"product_tag-junior","10":"product_tag-protectie","12":"first","13":"instock","14":"shipping-taxable","15":"purchasable","16":"product-type-simple"},"aioseo_notices":[],"_links":{"self":[{"href":"https:\/\/amaldis.md\/ro\/wp-json\/wp\/v2\/product\/42594","targetHints":{"allow":["GET"]}}],"collection":[{"href":"https:\/\/amaldis.md\/ro\/wp-json\/wp\/v2\/product"}],"about":[{"href":"https:\/\/amaldis.md\/ro\/wp-json\/wp\/v2\/types\/product"}],"replies":[{"embeddable":true,"href":"https:\/\/amaldis.md\/ro\/wp-json\/wp\/v2\/comments?post=42594"}],"wp:featuredmedia":[{"embeddable":true,"href":"https:\/\/amaldis.md\/ro\/wp-json\/wp\/v2\/media\/42229"}],"wp:attachment":[{"href":"https:\/\/amaldis.md\/ro\/wp-json\/wp\/v2\/media?parent=42594"}],"wp:term":[{"taxonomy":"product_brand","embeddable":true,"href":"https:\/\/amaldis.md\/ro\/wp-json\/wp\/v2\/product_brand?post=42594"},{"taxonomy":"product_cat","embeddable":true,"href":"https:\/\/amaldis.md\/ro\/wp-json\/wp\/v2\/product_cat?post=42594"},{"taxonomy":"product_tag","embeddable":true,"href":"https:\/\/amaldis.md\/ro\/wp-json\/wp\/v2\/product_tag?post=42594"}],"curies":[{"name":"wp","href":"https:\/\/api.w.org\/{rel}","templated":true}]}}