{"id":42598,"date":"2023-12-01T17:00:03","date_gmt":"2023-12-01T14:00:03","guid":{"rendered":"https:\/\/amaldis.md\/product\/expansor-manual-135-kg\/"},"modified":"2023-12-01T17:00:03","modified_gmt":"2023-12-01T14:00:03","slug":"expansor-manual-135-kg","status":"publish","type":"product","link":"https:\/\/amaldis.md\/ro\/produs\/expansor-manual-135-kg\/","title":{"rendered":"Expansor manual 135 kg"},"content":{"rendered":"<h5>Expansor manual 135 kg<\/h5>\n<p><strong>Material<\/strong>: metal.<br \/>\n<strong>Sarcina<\/strong>: 135 kg.<\/p>\n<p><strong>Scop:<\/strong> pentru dezvoltarea \u0219i \u00eent\u0103rirea m\u00e2inilor.<\/p>\n","protected":false},"excerpt":{"rendered":"<h4 class=\"product-intro__title\">Expansor profesional pentru \u00eencheietura m\u00e2inii Foarfece Concasor de oase FI-4125-300LB sarcin\u0103 135kg<\/h4>\n","protected":false},"featured_media":41684,"comment_status":"open","ping_status":"closed","template":"","meta":{"_et_pb_use_builder":"","_et_pb_old_content":"","_et_gb_content_width":""},"product_brand":[],"product_cat":[678,680],"product_tag":[869,868,826],"class_list":{"0":"post-42598","1":"product","2":"type-product","3":"status-publish","4":"has-post-thumbnail","6":"product_cat-formare","7":"product_cat-tyazhelaya-atletika","8":"product_tag-expander","9":"product_tag-incheietura","10":"product_tag-instruire","12":"first","13":"instock","14":"shipping-taxable","15":"purchasable","16":"product-type-simple"},"aioseo_notices":[],"_links":{"self":[{"href":"https:\/\/amaldis.md\/ro\/wp-json\/wp\/v2\/product\/42598","targetHints":{"allow":["GET"]}}],"collection":[{"href":"https:\/\/amaldis.md\/ro\/wp-json\/wp\/v2\/product"}],"about":[{"href":"https:\/\/amaldis.md\/ro\/wp-json\/wp\/v2\/types\/product"}],"replies":[{"embeddable":true,"href":"https:\/\/amaldis.md\/ro\/wp-json\/wp\/v2\/comments?post=42598"}],"wp:featuredmedia":[{"embeddable":true,"href":"https:\/\/amaldis.md\/ro\/wp-json\/wp\/v2\/media\/41684"}],"wp:attachment":[{"href":"https:\/\/amaldis.md\/ro\/wp-json\/wp\/v2\/media?parent=42598"}],"wp:term":[{"taxonomy":"product_brand","embeddable":true,"href":"https:\/\/amaldis.md\/ro\/wp-json\/wp\/v2\/product_brand?post=42598"},{"taxonomy":"product_cat","embeddable":true,"href":"https:\/\/amaldis.md\/ro\/wp-json\/wp\/v2\/product_cat?post=42598"},{"taxonomy":"product_tag","embeddable":true,"href":"https:\/\/amaldis.md\/ro\/wp-json\/wp\/v2\/product_tag?post=42598"}],"curies":[{"name":"wp","href":"https:\/\/api.w.org\/{rel}","templated":true}]}}