{"id":42617,"date":"2023-10-20T11:14:06","date_gmt":"2023-10-20T08:14:06","guid":{"rendered":"https:\/\/amaldis.md\/product\/manusi-de-box-hi-force-10-oz\/"},"modified":"2026-03-14T12:50:21","modified_gmt":"2026-03-14T09:50:21","slug":"manusi-de-box-hi-force-10-oz","status":"publish","type":"product","link":"https:\/\/amaldis.md\/ro\/produs\/manusi-de-box-hi-force-10-oz\/","title":{"rendered":"M\u0103nu\u0219i de box Hi-Force din PVC, albastre, 10 oz, 6009"},"content":{"rendered":"<h5>M\u0103nu\u0219i de box Hi-Force din PVC, albastre, 10 oz, 6009<\/h5>\n<p>M\u0103nu\u0219ile de box \u0219i kickboxing HI FORCE sunt m\u0103nu\u0219i de antrenament durabile \u0219i confortabile pentru saci de box, pad-uri \u0219i sparring. C\u0103ptu\u0219eala dens\u0103 protejeaz\u0103 m\u00e2inile de impacturi, \u00een timp ce suportul sigur pentru \u00eencheietura m\u00e2inii asigur\u0103 confort \u0219i siguran\u021b\u0103 \u00een timpul antrenamentelor. O alegere excelent\u0103 pentru box, kickboxing \u0219i alte arte mar\u021biale.<\/p>\n<p>Material: PVC Productie: Pakistan\u0430\u043d<\/p>\n","protected":false},"excerpt":{"rendered":"<h3>M\u0103nu\u0219i de box Hi-Force din PVC, albastre, 10 oz, 6009<\/h3>\n","protected":false},"featured_media":46185,"comment_status":"open","ping_status":"closed","template":"","meta":{"_et_pb_use_builder":"","_et_pb_old_content":"","_et_gb_content_width":""},"product_brand":[1409],"product_cat":[663,656],"product_tag":[842,851,963,834,1397,1406,1354],"class_list":{"0":"post-42617","1":"product","2":"type-product","3":"status-publish","4":"has-post-thumbnail","6":"product_brand-hi-force","7":"product_cat-arte-martiale","8":"product_cat-box","9":"product_tag-arte-martiale","10":"product_tag-box","11":"product_tag-kickboxing","12":"product_tag-manusi","13":"product_tag-manusi-de-box-ro","14":"product_tag-manusi-de-kickboxing","15":"product_tag-sparring","17":"first","18":"instock","19":"shipping-taxable","20":"purchasable","21":"product-type-simple"},"aioseo_notices":[],"_links":{"self":[{"href":"https:\/\/amaldis.md\/ro\/wp-json\/wp\/v2\/product\/42617","targetHints":{"allow":["GET"]}}],"collection":[{"href":"https:\/\/amaldis.md\/ro\/wp-json\/wp\/v2\/product"}],"about":[{"href":"https:\/\/amaldis.md\/ro\/wp-json\/wp\/v2\/types\/product"}],"replies":[{"embeddable":true,"href":"https:\/\/amaldis.md\/ro\/wp-json\/wp\/v2\/comments?post=42617"}],"wp:featuredmedia":[{"embeddable":true,"href":"https:\/\/amaldis.md\/ro\/wp-json\/wp\/v2\/media\/46185"}],"wp:attachment":[{"href":"https:\/\/amaldis.md\/ro\/wp-json\/wp\/v2\/media?parent=42617"}],"wp:term":[{"taxonomy":"product_brand","embeddable":true,"href":"https:\/\/amaldis.md\/ro\/wp-json\/wp\/v2\/product_brand?post=42617"},{"taxonomy":"product_cat","embeddable":true,"href":"https:\/\/amaldis.md\/ro\/wp-json\/wp\/v2\/product_cat?post=42617"},{"taxonomy":"product_tag","embeddable":true,"href":"https:\/\/amaldis.md\/ro\/wp-json\/wp\/v2\/product_tag?post=42617"}],"curies":[{"name":"wp","href":"https:\/\/api.w.org\/{rel}","templated":true}]}}