{"id":42642,"date":"2023-10-13T16:46:34","date_gmt":"2023-10-13T13:46:34","guid":{"rendered":"https:\/\/amaldis.md\/product\/set-lenjerie-intima-termica-2\/"},"modified":"2023-10-13T16:46:34","modified_gmt":"2023-10-13T13:46:34","slug":"set-lenjerie-intima-termica-2","status":"publish","type":"product","link":"https:\/\/amaldis.md\/ro\/produs\/set-lenjerie-intima-termica-2\/","title":{"rendered":"Set lenjerie intima termica"},"content":{"rendered":"<h5><strong>Set lenjerie intima termica<\/strong><\/h5>\n<p><strong>Material:<\/strong> poliester (PES), polipropilen\u0103 (PP), elastan (EL).<br \/>\n<strong>Genul<\/strong> masculin.<br \/>\n<strong>Marime:<\/strong> S-M<br \/>\n<strong>Culoare<\/strong> neagr\u0103.<br \/>\n<strong>Scop:<\/strong> pentru protec\u021bie \u00eempotriva hipotermiei, pentru sporturi de iarn\u0103, recreere activ\u0103.<\/p>\n<p>Setul pentru b\u0103rba\u021bi SIBOTE ST-606 este format din pantaloni \u0219i un tricou cu g\u00e2t deschis \u0219i m\u00e2neci lungi. Lenjeria termic\u0103 u\u0219oar\u0103, prietenoas\u0103 cu corpul, este potrivit\u0103 pentru recreere activ\u0103 (pescuit, schi, snowboarding), turism, alpinism \u0219i sporturi de iarn\u0103.<\/p>\n<p>La producerea setului s-a folosit \u021bes\u0103tur\u0103 sintetic\u0103 pe baz\u0103 de fibre de poliester, polipropilen\u0103 \u0219i elastan. Ei fac produse practice, rezistente la uzur\u0103, u\u0219or de utilizat \u0219i \u00een acela\u0219i timp ieftine.<\/p>\n<p>Combina\u021bia de poliester \u0219i polipropilen\u0103 face ca materialul s\u0103 fie rezistent la radia\u021biile ultraviolete, pete \u0219i deteriorarea moliei. Materialul \u00ee\u0219i p\u0103streaz\u0103 culoarea pentru o lung\u0103 perioad\u0103 de timp \u0219i poate rezista la sarcini mecanice grele. Lasa aerul sa treaca si absoarbe rapid umezeala, dupa care se usuca la fel de repede.<\/p>\n<p>Datorit\u0103 elastanului, produsele se potrivesc bine, \u00ee\u0219i iau rapid forma ini\u021bial\u0103 atunci c\u00e2nd sunt \u00eentinse \u0219i practic nu se \u00eencre\u021besc.<\/p>\n","protected":false},"excerpt":{"rendered":"<h3 class=\"product-intro__title\">Set lenjerie intima termica pentru sport activ pentru barbati Longslive SIBOTE ST-606 S-M<\/h3>\n","protected":false},"featured_media":42159,"comment_status":"open","ping_status":"closed","template":"","meta":{"_et_pb_use_builder":"","_et_pb_old_content":"","_et_gb_content_width":""},"product_brand":[],"product_cat":[671],"product_tag":[895,880,896],"class_list":{"0":"post-42642","1":"product","2":"type-product","3":"status-publish","4":"has-post-thumbnail","6":"product_cat-imbracaminte","7":"product_tag-costum","8":"product_tag-lenjerie-termica","9":"product_tag-panza","11":"first","12":"instock","13":"shipping-taxable","14":"purchasable","15":"product-type-simple"},"aioseo_notices":[],"_links":{"self":[{"href":"https:\/\/amaldis.md\/ro\/wp-json\/wp\/v2\/product\/42642","targetHints":{"allow":["GET"]}}],"collection":[{"href":"https:\/\/amaldis.md\/ro\/wp-json\/wp\/v2\/product"}],"about":[{"href":"https:\/\/amaldis.md\/ro\/wp-json\/wp\/v2\/types\/product"}],"replies":[{"embeddable":true,"href":"https:\/\/amaldis.md\/ro\/wp-json\/wp\/v2\/comments?post=42642"}],"wp:featuredmedia":[{"embeddable":true,"href":"https:\/\/amaldis.md\/ro\/wp-json\/wp\/v2\/media\/42159"}],"wp:attachment":[{"href":"https:\/\/amaldis.md\/ro\/wp-json\/wp\/v2\/media?parent=42642"}],"wp:term":[{"taxonomy":"product_brand","embeddable":true,"href":"https:\/\/amaldis.md\/ro\/wp-json\/wp\/v2\/product_brand?post=42642"},{"taxonomy":"product_cat","embeddable":true,"href":"https:\/\/amaldis.md\/ro\/wp-json\/wp\/v2\/product_cat?post=42642"},{"taxonomy":"product_tag","embeddable":true,"href":"https:\/\/amaldis.md\/ro\/wp-json\/wp\/v2\/product_tag?post=42642"}],"curies":[{"name":"wp","href":"https:\/\/api.w.org\/{rel}","templated":true}]}}