{"id":42644,"date":"2023-10-13T16:36:51","date_gmt":"2023-10-13T13:36:51","guid":{"rendered":"https:\/\/amaldis.md\/product\/set-lenjerie-intima-termica-4\/"},"modified":"2023-10-13T16:36:51","modified_gmt":"2023-10-13T13:36:51","slug":"set-lenjerie-intima-termica-4","status":"publish","type":"product","link":"https:\/\/amaldis.md\/ro\/produs\/set-lenjerie-intima-termica-4\/","title":{"rendered":"Set lenjerie intima termica"},"content":{"rendered":"<h5><strong>Set lenjerie intima termica<\/strong><\/h5>\n<p><strong>Material<\/strong>: Polartec (poliester, polipropilen\u0103, elastan).<br \/>\n<strong>Marime:<\/strong> XL\/ 50-52<br \/>\n<strong>Culoare<\/strong> neagr\u0103.<br \/>\n<strong>Scop:<\/strong> protejarea organismului de hipotermie.<\/p>\n<p>Setul de lenjerie termic\u0103 5.11 51123 const\u0103 dintr-un tricou cu m\u00e2nec\u0103 lung\u0103 \u0219i pantaloni str\u00e2m\u021bi \u0219i este conceput pentru a proteja \u00eempotriva hipotermiei pe vreme rece. Pentru fabricarea sa, se folose\u0219te \u021bes\u0103tur\u0103 Polartec (un amestec de poliester, polipropilen\u0103 \u0219i elastan), care are o baz\u0103 de gr\u0103mad\u0103. Acest material nu este higroscopic, adic\u0103, av\u00e2nd umiditatea absorbit\u0103, o evapor\u0103 imediat. Drept urmare, apa nu se acumuleaz\u0103 nici pe piele, nici \u00een lenjeria \u00een sine. Acest lucru creeaz\u0103 condi\u021bii optime pentru termoreglarea corpului, astfel \u00eenc\u00e2t chiar \u0219i \u00eenghe\u021bul destul de sever este mai u\u0219or de suportat pentru utilizator, iar \u0219ansele de a r\u0103ci sunt mai mici.<\/p>\n<p>Datorit\u0103 elasticit\u0103\u021bii \u021bes\u0103turii, lenjeria se potrive\u0219te bine pe corp f\u0103r\u0103 a restric\u021biona mi\u0219carea, iar datorit\u0103 cus\u0103turilor plate nu freac\u0103 \u0219i nu irit\u0103 pielea. Culoarea universal\u0103 a lenjeriei va face u\u0219oar\u0103 ascunderea acesteia sub haine.<\/p>\n","protected":false},"excerpt":{"rendered":"<h3 class=\"product-intro__title\">Set lenjerie termic\u0103 5.11 51123 m\u0103rime: XL\/ 50-52<\/h3>\n","protected":false},"featured_media":42154,"comment_status":"open","ping_status":"closed","template":"","meta":{"_et_pb_use_builder":"","_et_pb_old_content":"","_et_gb_content_width":""},"product_brand":[],"product_cat":[671,673,679],"product_tag":[895,880],"class_list":{"0":"post-42644","1":"product","2":"type-product","3":"status-publish","4":"has-post-thumbnail","6":"product_cat-imbracaminte","7":"product_cat-imbracaminte-sport","8":"product_cat-turism-si-recreere","9":"product_tag-costum","10":"product_tag-lenjerie-termica","12":"first","13":"instock","14":"shipping-taxable","15":"purchasable","16":"product-type-simple"},"aioseo_notices":[],"_links":{"self":[{"href":"https:\/\/amaldis.md\/ro\/wp-json\/wp\/v2\/product\/42644","targetHints":{"allow":["GET"]}}],"collection":[{"href":"https:\/\/amaldis.md\/ro\/wp-json\/wp\/v2\/product"}],"about":[{"href":"https:\/\/amaldis.md\/ro\/wp-json\/wp\/v2\/types\/product"}],"replies":[{"embeddable":true,"href":"https:\/\/amaldis.md\/ro\/wp-json\/wp\/v2\/comments?post=42644"}],"wp:featuredmedia":[{"embeddable":true,"href":"https:\/\/amaldis.md\/ro\/wp-json\/wp\/v2\/media\/42154"}],"wp:attachment":[{"href":"https:\/\/amaldis.md\/ro\/wp-json\/wp\/v2\/media?parent=42644"}],"wp:term":[{"taxonomy":"product_brand","embeddable":true,"href":"https:\/\/amaldis.md\/ro\/wp-json\/wp\/v2\/product_brand?post=42644"},{"taxonomy":"product_cat","embeddable":true,"href":"https:\/\/amaldis.md\/ro\/wp-json\/wp\/v2\/product_cat?post=42644"},{"taxonomy":"product_tag","embeddable":true,"href":"https:\/\/amaldis.md\/ro\/wp-json\/wp\/v2\/product_tag?post=42644"}],"curies":[{"name":"wp","href":"https:\/\/api.w.org\/{rel}","templated":true}]}}