{"id":42650,"date":"2023-10-13T12:35:17","date_gmt":"2023-10-13T09:35:17","guid":{"rendered":"https:\/\/amaldis.md\/product\/coarda-de-saritura-de-viteza\/"},"modified":"2023-10-13T12:35:17","modified_gmt":"2023-10-13T09:35:17","slug":"coarda-de-saritura-de-viteza","status":"publish","type":"product","link":"https:\/\/amaldis.md\/ro\/produs\/coarda-de-saritura-de-viteza\/","title":{"rendered":"Coarda de saritura de viteza"},"content":{"rendered":"<h5><strong>Coarda de saritura de viteza<\/strong><\/h5>\n<p><strong>Material<\/strong>: metal, poliuretan (PU), plastic, nailon.<br \/>\n<strong>Lungime ham: 3 m.<\/strong><br \/>\n<strong>Diametrul hamului<\/strong>: 4,5 mm.<br \/>\n<strong>Rulment:<\/strong> da.<strong>strong,<br \/>\nCuloare<\/strong>: asortat.<br \/>\n<strong>Scop: dezvoltarea rezisten\u021bei.<\/strong><\/p>\n<p>Coarda de s\u0103ritur\u0103 clasic\u0103 Jello FI-1798 este de foarte \u00eenalt\u0103 calitate, fr\u00e2nghia sa durabil\u0103 nu se \u00eencurc\u0103 niciodat\u0103, a\u0219a c\u0103 este \u00eentotdeauna preg\u0103tit\u0103 pentru antrenament intens.<\/p>\n<p>&nbsp;<\/p>\n","protected":false},"excerpt":{"rendered":"<h3 class=\"product-intro__title\">Coarda de saritura de viteza cu rulmenti Jello FI-1798 3m<\/h3>\n","protected":false},"featured_media":42147,"comment_status":"open","ping_status":"closed","template":"","meta":{"_et_pb_use_builder":"","_et_pb_old_content":"","_et_gb_content_width":""},"product_brand":[],"product_cat":[678,662,666,664],"product_tag":[830,829,899,898],"class_list":{"0":"post-42650","1":"product","2":"type-product","3":"status-publish","4":"has-post-thumbnail","6":"product_cat-formare","7":"product_cat-pentru-sala-de-sport","8":"product_cat-pierderea-in-greutate","9":"product_cat-sanatate","10":"product_tag-a-face-exercitii-fizice","11":"product_tag-a-sari-coarda","12":"product_tag-expressway","13":"product_tag-pierdere-in-greutate","15":"first","16":"instock","17":"shipping-taxable","18":"purchasable","19":"product-type-simple"},"aioseo_notices":[],"_links":{"self":[{"href":"https:\/\/amaldis.md\/ro\/wp-json\/wp\/v2\/product\/42650","targetHints":{"allow":["GET"]}}],"collection":[{"href":"https:\/\/amaldis.md\/ro\/wp-json\/wp\/v2\/product"}],"about":[{"href":"https:\/\/amaldis.md\/ro\/wp-json\/wp\/v2\/types\/product"}],"replies":[{"embeddable":true,"href":"https:\/\/amaldis.md\/ro\/wp-json\/wp\/v2\/comments?post=42650"}],"wp:featuredmedia":[{"embeddable":true,"href":"https:\/\/amaldis.md\/ro\/wp-json\/wp\/v2\/media\/42147"}],"wp:attachment":[{"href":"https:\/\/amaldis.md\/ro\/wp-json\/wp\/v2\/media?parent=42650"}],"wp:term":[{"taxonomy":"product_brand","embeddable":true,"href":"https:\/\/amaldis.md\/ro\/wp-json\/wp\/v2\/product_brand?post=42650"},{"taxonomy":"product_cat","embeddable":true,"href":"https:\/\/amaldis.md\/ro\/wp-json\/wp\/v2\/product_cat?post=42650"},{"taxonomy":"product_tag","embeddable":true,"href":"https:\/\/amaldis.md\/ro\/wp-json\/wp\/v2\/product_tag?post=42650"}],"curies":[{"name":"wp","href":"https:\/\/api.w.org\/{rel}","templated":true}]}}