{"id":42651,"date":"2023-10-13T12:29:48","date_gmt":"2023-10-13T09:29:48","guid":{"rendered":"https:\/\/amaldis.md\/product\/coarda-de-saritura-de-viteza-2\/"},"modified":"2023-10-13T12:29:48","modified_gmt":"2023-10-13T09:29:48","slug":"coarda-de-saritura-de-viteza-2","status":"publish","type":"product","link":"https:\/\/amaldis.md\/ro\/produs\/coarda-de-saritura-de-viteza-2\/","title":{"rendered":"Coarda de saritura de viteza"},"content":{"rendered":"<h5><strong>Coarda de saritura de viteza<\/strong><\/h5>\n<p><strong>Material:<\/strong> metal, plastic.<br \/>\n<strong>Lungime ham<\/strong>: 3 m.<br \/>\n<strong>Diametrul hamului:<\/strong> 5 mm.<br \/>\n<strong>Rulmen\u021bi:<\/strong> da.<strong>strong,<br \/>\nCuloare:<\/strong> asortate.<br \/>\n<strong>Scop<\/strong>: pentru exerci\u021bii generale de \u00eent\u0103rire.<\/p>\n<p>CIMA CM-582 este o fr\u00e2nghie obi\u0219nuit\u0103, care este similar\u0103 cu mii de altele similare, dar difer\u0103 de acestea prin calitate \u00eenalt\u0103 \u0219i pre\u021b foarte mic.<\/p>\n<p>C\u0103uta\u021bi echipament sportiv care s\u0103 poat\u0103 fi folosit at\u00e2t pentru exerci\u021bii u\u0219oare de diminea\u021b\u0103, c\u00e2t \u0219i pentru antrenamente cardio extreme? Coarda de s\u0103ritur\u0103 de mare vitez\u0103 cu rulment \u0219i cablu de o\u021bel CIMA CM-582 \u00eendepline\u0219te aceste cerin\u021be<\/p>\n","protected":false},"excerpt":{"rendered":"<h3 class=\"product-intro__title\">Coarda de saritura de viteza cu rulmenti si cablu de otel CIMA CM-582<\/h3>\n","protected":false},"featured_media":42144,"comment_status":"open","ping_status":"closed","template":"","meta":{"_et_pb_use_builder":"","_et_pb_old_content":"","_et_gb_content_width":""},"product_brand":[],"product_cat":[678,662,666,664],"product_tag":[830,829,899,898,893],"class_list":{"0":"post-42651","1":"product","2":"type-product","3":"status-publish","4":"has-post-thumbnail","6":"product_cat-formare","7":"product_cat-pentru-sala-de-sport","8":"product_cat-pierderea-in-greutate","9":"product_cat-sanatate","10":"product_tag-a-face-exercitii-fizice","11":"product_tag-a-sari-coarda","12":"product_tag-expressway","13":"product_tag-pierdere-in-greutate","14":"product_tag-sanatate","16":"first","17":"instock","18":"shipping-taxable","19":"purchasable","20":"product-type-simple"},"aioseo_notices":[],"_links":{"self":[{"href":"https:\/\/amaldis.md\/ro\/wp-json\/wp\/v2\/product\/42651","targetHints":{"allow":["GET"]}}],"collection":[{"href":"https:\/\/amaldis.md\/ro\/wp-json\/wp\/v2\/product"}],"about":[{"href":"https:\/\/amaldis.md\/ro\/wp-json\/wp\/v2\/types\/product"}],"replies":[{"embeddable":true,"href":"https:\/\/amaldis.md\/ro\/wp-json\/wp\/v2\/comments?post=42651"}],"wp:featuredmedia":[{"embeddable":true,"href":"https:\/\/amaldis.md\/ro\/wp-json\/wp\/v2\/media\/42144"}],"wp:attachment":[{"href":"https:\/\/amaldis.md\/ro\/wp-json\/wp\/v2\/media?parent=42651"}],"wp:term":[{"taxonomy":"product_brand","embeddable":true,"href":"https:\/\/amaldis.md\/ro\/wp-json\/wp\/v2\/product_brand?post=42651"},{"taxonomy":"product_cat","embeddable":true,"href":"https:\/\/amaldis.md\/ro\/wp-json\/wp\/v2\/product_cat?post=42651"},{"taxonomy":"product_tag","embeddable":true,"href":"https:\/\/amaldis.md\/ro\/wp-json\/wp\/v2\/product_tag?post=42651"}],"curies":[{"name":"wp","href":"https:\/\/api.w.org\/{rel}","templated":true}]}}