{"id":42703,"date":"2023-06-13T15:16:35","date_gmt":"2023-06-13T12:16:35","guid":{"rendered":"https:\/\/amaldis.md\/product\/genunchiere\/"},"modified":"2023-06-13T15:16:35","modified_gmt":"2023-06-13T12:16:35","slug":"genunchiere","status":"publish","type":"product","link":"https:\/\/amaldis.md\/ro\/produs\/genunchiere\/","title":{"rendered":"Genunchiere"},"content":{"rendered":"<h5>Genunchiere<\/h5>\n<p>Suport excelent pentru glezna pentru o protec\u021bie cu adev\u0103rat remarcabil\u0103. Odat\u0103 ce \u00eel vei folosi, nu vei mai putea folosi alte produse!<\/p>\n","protected":false},"excerpt":{"rendered":"<h3>Protectie glezna CHAOBA 2 buc.<\/h3>\n","protected":false},"featured_media":42022,"comment_status":"open","ping_status":"closed","template":"","meta":{"_et_pb_use_builder":"","_et_pb_old_content":"","_et_gb_content_width":""},"product_brand":[],"product_cat":[665,664,667],"product_tag":[823,821,822,930],"class_list":{"0":"post-42703","1":"product","2":"type-product","3":"status-publish","4":"has-post-thumbnail","6":"product_cat-aparari","7":"product_cat-sanatate","8":"product_cat-sustinatori","9":"product_tag-etriere","10":"product_tag-glezna","11":"product_tag-protectie","12":"product_tag-retinator","14":"first","15":"instock","16":"shipping-taxable","17":"purchasable","18":"product-type-simple"},"aioseo_notices":[],"_links":{"self":[{"href":"https:\/\/amaldis.md\/ro\/wp-json\/wp\/v2\/product\/42703","targetHints":{"allow":["GET"]}}],"collection":[{"href":"https:\/\/amaldis.md\/ro\/wp-json\/wp\/v2\/product"}],"about":[{"href":"https:\/\/amaldis.md\/ro\/wp-json\/wp\/v2\/types\/product"}],"replies":[{"embeddable":true,"href":"https:\/\/amaldis.md\/ro\/wp-json\/wp\/v2\/comments?post=42703"}],"wp:featuredmedia":[{"embeddable":true,"href":"https:\/\/amaldis.md\/ro\/wp-json\/wp\/v2\/media\/42022"}],"wp:attachment":[{"href":"https:\/\/amaldis.md\/ro\/wp-json\/wp\/v2\/media?parent=42703"}],"wp:term":[{"taxonomy":"product_brand","embeddable":true,"href":"https:\/\/amaldis.md\/ro\/wp-json\/wp\/v2\/product_brand?post=42703"},{"taxonomy":"product_cat","embeddable":true,"href":"https:\/\/amaldis.md\/ro\/wp-json\/wp\/v2\/product_cat?post=42703"},{"taxonomy":"product_tag","embeddable":true,"href":"https:\/\/amaldis.md\/ro\/wp-json\/wp\/v2\/product_tag?post=42703"}],"curies":[{"name":"wp","href":"https:\/\/api.w.org\/{rel}","templated":true}]}}