{"id":42712,"date":"2023-06-12T20:01:07","date_gmt":"2023-06-12T17:01:07","guid":{"rendered":"https:\/\/amaldis.md\/product\/saltea-de-yoga-3\/"},"modified":"2023-06-12T20:01:07","modified_gmt":"2023-06-12T17:01:07","slug":"saltea-de-yoga-3","status":"publish","type":"product","link":"https:\/\/amaldis.md\/ro\/produs\/saltea-de-yoga-3\/","title":{"rendered":"Saltea de yoga"},"content":{"rendered":"<h5>Saltea de yoga<\/h5>\n<h6>Covora\u0219ul este potrivit pentru yoga sau gimnastic\u0103. Poate fi folosit at\u00e2t \u00een \u200b\u200bsal\u0103, c\u00e2t \u0219i acas\u0103.<br \/>\nMaterial: clorur\u0103 de polivinil<br \/>\nDimensiune: 1730*610*5mm<br \/>\nCulori asortate<\/h6>\n","protected":false},"excerpt":{"rendered":"<h3>Covora\u0219 de yoga PVC 1730*610*5mm<\/h3>\n","protected":false},"featured_media":42012,"comment_status":"open","ping_status":"closed","template":"","meta":{"_et_pb_use_builder":"","_et_pb_old_content":"","_et_gb_content_width":""},"product_brand":[],"product_cat":[681,664],"product_tag":[831,922,923,893,921],"class_list":{"0":"post-42712","1":"product","2":"type-product","3":"status-publish","4":"has-post-thumbnail","6":"product_cat-fitness-si-yoga","7":"product_cat-sanatate","8":"product_tag-fitness","9":"product_tag-saltea","10":"product_tag-saltea-ro","11":"product_tag-sanatate","12":"product_tag-yoga","14":"first","15":"instock","16":"shipping-taxable","17":"purchasable","18":"product-type-simple"},"aioseo_notices":[],"_links":{"self":[{"href":"https:\/\/amaldis.md\/ro\/wp-json\/wp\/v2\/product\/42712","targetHints":{"allow":["GET"]}}],"collection":[{"href":"https:\/\/amaldis.md\/ro\/wp-json\/wp\/v2\/product"}],"about":[{"href":"https:\/\/amaldis.md\/ro\/wp-json\/wp\/v2\/types\/product"}],"replies":[{"embeddable":true,"href":"https:\/\/amaldis.md\/ro\/wp-json\/wp\/v2\/comments?post=42712"}],"wp:featuredmedia":[{"embeddable":true,"href":"https:\/\/amaldis.md\/ro\/wp-json\/wp\/v2\/media\/42012"}],"wp:attachment":[{"href":"https:\/\/amaldis.md\/ro\/wp-json\/wp\/v2\/media?parent=42712"}],"wp:term":[{"taxonomy":"product_brand","embeddable":true,"href":"https:\/\/amaldis.md\/ro\/wp-json\/wp\/v2\/product_brand?post=42712"},{"taxonomy":"product_cat","embeddable":true,"href":"https:\/\/amaldis.md\/ro\/wp-json\/wp\/v2\/product_cat?post=42712"},{"taxonomy":"product_tag","embeddable":true,"href":"https:\/\/amaldis.md\/ro\/wp-json\/wp\/v2\/product_tag?post=42712"}],"curies":[{"name":"wp","href":"https:\/\/api.w.org\/{rel}","templated":true}]}}