{"id":42715,"date":"2023-06-12T15:40:15","date_gmt":"2023-06-12T12:40:15","guid":{"rendered":"https:\/\/amaldis.md\/product\/banda-de-rezistenta-pentru-fitness-si-pilates\/"},"modified":"2023-06-12T15:40:15","modified_gmt":"2023-06-12T12:40:15","slug":"banda-de-rezistenta-pentru-fitness-si-pilates","status":"publish","type":"product","link":"https:\/\/amaldis.md\/ro\/produs\/banda-de-rezistenta-pentru-fitness-si-pilates\/","title":{"rendered":"Banda de rezistenta pentru fitness si Pilates"},"content":{"rendered":"<h5>Banda de rezistenta pentru fitness si Pilates<\/h5>\n<p>Benzile elastice de fitness ofer\u0103 o rezisten\u021b\u0103 bl\u00e2nd\u0103, cresc\u00e2nd\u0103 pentru exerci\u021bii cu impact redus, cum ar fi Pilates, yoga \u0219i antrenament de for\u021b\u0103 pentru bra\u021be \u0219i umeri. Un nou produs \u00een accesorii de fitness care c\u00e2\u0219tig\u0103 rapid popularitate, permi\u021b\u00e2ndu-v\u0103 s\u0103 face\u021bi zeci de exerci\u021bii \u00een orice mediu cu risc minim de r\u0103nire.<\/p>\n","protected":false},"excerpt":{"rendered":"<h3>Banda de rezistenta pentru fitness si Pilates BANDA intr-un balon 1500*150*2.5mm<\/h3>\n","protected":false},"featured_media":42007,"comment_status":"open","ping_status":"closed","template":"","meta":{"_et_pb_use_builder":"","_et_pb_old_content":"","_et_gb_content_width":""},"product_brand":[],"product_cat":[681,678],"product_tag":[830,831,932,933,921],"class_list":{"0":"post-42715","1":"product","2":"type-product","3":"status-publish","4":"has-post-thumbnail","6":"product_cat-fitness-si-yoga","7":"product_cat-formare","8":"product_tag-a-face-exercitii-fizice","9":"product_tag-fitness","10":"product_tag-panglica","11":"product_tag-rezistenta","12":"product_tag-yoga","14":"first","15":"instock","16":"shipping-taxable","17":"purchasable","18":"product-type-simple"},"aioseo_notices":[],"_links":{"self":[{"href":"https:\/\/amaldis.md\/ro\/wp-json\/wp\/v2\/product\/42715","targetHints":{"allow":["GET"]}}],"collection":[{"href":"https:\/\/amaldis.md\/ro\/wp-json\/wp\/v2\/product"}],"about":[{"href":"https:\/\/amaldis.md\/ro\/wp-json\/wp\/v2\/types\/product"}],"replies":[{"embeddable":true,"href":"https:\/\/amaldis.md\/ro\/wp-json\/wp\/v2\/comments?post=42715"}],"wp:featuredmedia":[{"embeddable":true,"href":"https:\/\/amaldis.md\/ro\/wp-json\/wp\/v2\/media\/42007"}],"wp:attachment":[{"href":"https:\/\/amaldis.md\/ro\/wp-json\/wp\/v2\/media?parent=42715"}],"wp:term":[{"taxonomy":"product_brand","embeddable":true,"href":"https:\/\/amaldis.md\/ro\/wp-json\/wp\/v2\/product_brand?post=42715"},{"taxonomy":"product_cat","embeddable":true,"href":"https:\/\/amaldis.md\/ro\/wp-json\/wp\/v2\/product_cat?post=42715"},{"taxonomy":"product_tag","embeddable":true,"href":"https:\/\/amaldis.md\/ro\/wp-json\/wp\/v2\/product_tag?post=42715"}],"curies":[{"name":"wp","href":"https:\/\/api.w.org\/{rel}","templated":true}]}}