{"id":42725,"date":"2023-06-10T19:52:42","date_gmt":"2023-06-10T16:52:42","guid":{"rendered":"https:\/\/amaldis.md\/product\/banda-elastica-de-tragere-2\/"},"modified":"2024-05-20T20:00:11","modified_gmt":"2024-05-20T17:00:11","slug":"banda-elastica-de-tragere-2","status":"publish","type":"product","link":"https:\/\/amaldis.md\/ro\/produs\/banda-elastica-de-tragere-2\/","title":{"rendered":"Band\u0103 elastic\u0103 de tragere"},"content":{"rendered":"<h4><strong>Band\u0103 elastic\u0103 de tragere<\/strong><\/h4>\n<ul>\n<li>Capacitatea de a schimba biomecanica mi\u0219c\u0103rilor<\/li>\n<li>Capacitatea de a u\u0219ura sarcina sau de a o face mai grea<\/li>\n<li>Capacitatea de a folosi benzi \u00een antrenamentul de for\u021b\u0103 a oric\u0103ror grupe musculare<\/li>\n<\/ul>\n","protected":false},"excerpt":{"rendered":"<h4>Banda elastica pentru tragerea in sus POWER BANDS 2008*13*4,5 mm, duritate XXS<\/h4>\n","protected":false},"featured_media":41994,"comment_status":"open","ping_status":"closed","template":"","meta":{"_et_pb_use_builder":"","_et_pb_old_content":"","_et_gb_content_width":""},"product_brand":[],"product_cat":[652,678,662],"product_tag":[830,939,938],"class_list":{"0":"post-42725","1":"product","2":"type-product","3":"status-publish","4":"has-post-thumbnail","6":"product_cat-atletism","7":"product_cat-formare","8":"product_cat-pentru-sala-de-sport","9":"product_tag-a-face-exercitii-fizice","10":"product_tag-cauciuc","11":"product_tag-trage","13":"first","14":"instock","15":"shipping-taxable","16":"purchasable","17":"product-type-simple"},"aioseo_notices":[],"_links":{"self":[{"href":"https:\/\/amaldis.md\/ro\/wp-json\/wp\/v2\/product\/42725","targetHints":{"allow":["GET"]}}],"collection":[{"href":"https:\/\/amaldis.md\/ro\/wp-json\/wp\/v2\/product"}],"about":[{"href":"https:\/\/amaldis.md\/ro\/wp-json\/wp\/v2\/types\/product"}],"replies":[{"embeddable":true,"href":"https:\/\/amaldis.md\/ro\/wp-json\/wp\/v2\/comments?post=42725"}],"wp:featuredmedia":[{"embeddable":true,"href":"https:\/\/amaldis.md\/ro\/wp-json\/wp\/v2\/media\/41994"}],"wp:attachment":[{"href":"https:\/\/amaldis.md\/ro\/wp-json\/wp\/v2\/media?parent=42725"}],"wp:term":[{"taxonomy":"product_brand","embeddable":true,"href":"https:\/\/amaldis.md\/ro\/wp-json\/wp\/v2\/product_brand?post=42725"},{"taxonomy":"product_cat","embeddable":true,"href":"https:\/\/amaldis.md\/ro\/wp-json\/wp\/v2\/product_cat?post=42725"},{"taxonomy":"product_tag","embeddable":true,"href":"https:\/\/amaldis.md\/ro\/wp-json\/wp\/v2\/product_tag?post=42725"}],"curies":[{"name":"wp","href":"https:\/\/api.w.org\/{rel}","templated":true}]}}