{"id":42727,"date":"2023-06-10T19:20:02","date_gmt":"2023-06-10T16:20:02","guid":{"rendered":"https:\/\/amaldis.md\/product\/rola-pentru-yoga-si-pilates\/"},"modified":"2023-06-10T19:20:02","modified_gmt":"2023-06-10T16:20:02","slug":"rola-pentru-yoga-si-pilates","status":"publish","type":"product","link":"https:\/\/amaldis.md\/ro\/produs\/rola-pentru-yoga-si-pilates\/","title":{"rendered":"Rol\u0103 pentru yoga \u0219i Pilates"},"content":{"rendered":"<h4>Rol\u0103 pentru yoga \u0219i Pilates<\/h4>\n<p>Cilindru de masaj cu role \u2013 combin\u0103 avantajele unei role de masaj \u0219i un simulator excelent pentru mu\u0219chi stabilizatori.<br \/>\nPrincipala caracteristic\u0103 a utiliz\u0103rii rolei Pilates \u00een exerci\u021bii este absen\u021ba suportului static pentru corp<br \/>\nUtilizatorul se sprijin\u0103 pe un cilindru mobil.<br \/>\nPentru a men\u021bine echilibrul, trebuie s\u0103 faci eforturi suplimentare, for\u021b\u00e2nd s\u0103 lucreze mu\u0219chii mici \u0219i mari, care sunt \u00eentr-o stare relaxat\u0103 \u00een timpul antrenamentului f\u0103r\u0103 cilindru.<br \/>\n\u0422\u0430\u043a\u0438\u043c \u043e\u0431\u0440\u0430\u0437\u043e\u043c \u0437\u0430\u0434\u0435\u0439\u0441\u0442\u0432\u0443\u044e\u0442 \u043c\u044b\u0448\u0446\u044b \u0441\u043f\u0438\u043d\u044b, \u043a\u043e\u0442\u043e\u0440\u044b\u0435 \u0447\u0430\u0441\u0442\u043e \u043e\u0441\u0442\u0430\u044e\u0442\u0441\u044f \u0431\u0435\u0437 \u0434\u043e\u043b\u0436\u043d\u043e\u0433\u043e \u0432\u043d\u0438\u043c\u0430\u043d\u0438\u044f, \u0438 \u043c\u044b\u0448\u0446\u044b-\u0441\u0442\u0430\u0431\u0438\u043b\u0438\u0437\u0430\u0442\u043e\u0440\u044b \u043f\u043e\u0437\u0432\u043e\u043d\u043e\u0447\u043d\u0438\u043a\u0430, \u0447\u0442\u043e \u0432\u0430\u0436\u043d\u043e \u0434\u043b\u044f \u0437\u0434\u043e\u0440\u043e\u0432\u044c\u044f.<br \/>\nCilindrul de masaj cu role va dura mult timp chiar \u0219i \u00een cazul utiliz\u0103rii intense<\/p>\n","protected":false},"excerpt":{"rendered":"<h3>Rol\u0103 pentru yoga \u0219i Pilates EVA 90*15cm<\/h3>\n","protected":false},"featured_media":41992,"comment_status":"open","ping_status":"closed","template":"","meta":{"_et_pb_use_builder":"","_et_pb_old_content":"","_et_gb_content_width":""},"product_brand":[],"product_cat":[681,664],"product_tag":[937,941,940,893,921],"class_list":{"0":"post-42727","1":"product","2":"type-product","3":"status-publish","4":"has-post-thumbnail","6":"product_cat-fitness-si-yoga","7":"product_cat-sanatate","8":"product_tag-masaj-ro","9":"product_tag-rola-ro","10":"product_tag-rola","11":"product_tag-sanatate","12":"product_tag-yoga","14":"first","15":"instock","16":"shipping-taxable","17":"purchasable","18":"product-type-simple"},"aioseo_notices":[],"_links":{"self":[{"href":"https:\/\/amaldis.md\/ro\/wp-json\/wp\/v2\/product\/42727","targetHints":{"allow":["GET"]}}],"collection":[{"href":"https:\/\/amaldis.md\/ro\/wp-json\/wp\/v2\/product"}],"about":[{"href":"https:\/\/amaldis.md\/ro\/wp-json\/wp\/v2\/types\/product"}],"replies":[{"embeddable":true,"href":"https:\/\/amaldis.md\/ro\/wp-json\/wp\/v2\/comments?post=42727"}],"wp:featuredmedia":[{"embeddable":true,"href":"https:\/\/amaldis.md\/ro\/wp-json\/wp\/v2\/media\/41992"}],"wp:attachment":[{"href":"https:\/\/amaldis.md\/ro\/wp-json\/wp\/v2\/media?parent=42727"}],"wp:term":[{"taxonomy":"product_brand","embeddable":true,"href":"https:\/\/amaldis.md\/ro\/wp-json\/wp\/v2\/product_brand?post=42727"},{"taxonomy":"product_cat","embeddable":true,"href":"https:\/\/amaldis.md\/ro\/wp-json\/wp\/v2\/product_cat?post=42727"},{"taxonomy":"product_tag","embeddable":true,"href":"https:\/\/amaldis.md\/ro\/wp-json\/wp\/v2\/product_tag?post=42727"}],"curies":[{"name":"wp","href":"https:\/\/api.w.org\/{rel}","templated":true}]}}