{"id":42732,"date":"2023-06-10T18:34:05","date_gmt":"2023-06-10T15:34:05","guid":{"rendered":"https:\/\/amaldis.md\/product\/expansor-manual-cu-contor\/"},"modified":"2023-06-10T18:34:05","modified_gmt":"2023-06-10T15:34:05","slug":"expansor-manual-cu-contor","status":"publish","type":"product","link":"https:\/\/amaldis.md\/ro\/produs\/expansor-manual-cu-contor\/","title":{"rendered":"Expansor manual cu contor"},"content":{"rendered":"<h5>Expansor manual cu contor<\/h5>\n<p>Expansorul manual cu arc cu contor JT-36 are dimensiuni compacte. Acest lucru v\u0103 permite s\u0103 \u00eel purta\u021bi \u00een mod constant cu dvs. \u0219i s\u0103 efectua\u021bi exerci\u021bii pentru a v\u0103 dezvolta mu\u0219chii \u00eencheieturii m\u00e2inii oriunde \u0219i \u00een orice moment convenabil. Are un design ergonomic modern. Gama de \u00eenc\u0103rcare este reglabil\u0103 de la 10 kg la 60 kg pentru a asigura un antrenament eficient. \u00cen acest caz, nu trebuie s\u0103 num\u0103ra\u021bi.<\/p>\n","protected":false},"excerpt":{"rendered":"<h3>Expansor manual cu contor JT-36 de la 10 la 60 kg<\/h3>\n","protected":false},"featured_media":41985,"comment_status":"open","ping_status":"closed","template":"","meta":{"_et_pb_use_builder":"","_et_pb_old_content":"","_et_gb_content_width":""},"product_brand":[],"product_cat":[678,664],"product_tag":[942,869,826,943],"class_list":{"0":"post-42732","1":"product","2":"type-product","3":"status-publish","4":"has-post-thumbnail","6":"product_cat-formare","7":"product_cat-sanatate","8":"product_tag-expandator-de-mana","9":"product_tag-expander","10":"product_tag-instruire","11":"product_tag-tejghea","13":"first","14":"instock","15":"shipping-taxable","16":"purchasable","17":"product-type-simple"},"aioseo_notices":[],"_links":{"self":[{"href":"https:\/\/amaldis.md\/ro\/wp-json\/wp\/v2\/product\/42732","targetHints":{"allow":["GET"]}}],"collection":[{"href":"https:\/\/amaldis.md\/ro\/wp-json\/wp\/v2\/product"}],"about":[{"href":"https:\/\/amaldis.md\/ro\/wp-json\/wp\/v2\/types\/product"}],"replies":[{"embeddable":true,"href":"https:\/\/amaldis.md\/ro\/wp-json\/wp\/v2\/comments?post=42732"}],"wp:featuredmedia":[{"embeddable":true,"href":"https:\/\/amaldis.md\/ro\/wp-json\/wp\/v2\/media\/41985"}],"wp:attachment":[{"href":"https:\/\/amaldis.md\/ro\/wp-json\/wp\/v2\/media?parent=42732"}],"wp:term":[{"taxonomy":"product_brand","embeddable":true,"href":"https:\/\/amaldis.md\/ro\/wp-json\/wp\/v2\/product_brand?post=42732"},{"taxonomy":"product_cat","embeddable":true,"href":"https:\/\/amaldis.md\/ro\/wp-json\/wp\/v2\/product_cat?post=42732"},{"taxonomy":"product_tag","embeddable":true,"href":"https:\/\/amaldis.md\/ro\/wp-json\/wp\/v2\/product_tag?post=42732"}],"curies":[{"name":"wp","href":"https:\/\/api.w.org\/{rel}","templated":true}]}}