{"id":42776,"date":"2023-03-23T11:39:44","date_gmt":"2023-03-23T08:39:44","guid":{"rendered":"https:\/\/amaldis.md\/product\/genunchiere-de-volei-2\/"},"modified":"2026-04-08T16:09:22","modified_gmt":"2026-04-08T13:09:22","slug":"genunchiere-de-volei-2","status":"publish","type":"product","link":"https:\/\/amaldis.md\/ro\/produs\/genunchiere-de-volei-2\/","title":{"rendered":"Genunchiere volei (2) DIKES 0835 Negru L"},"content":{"rendered":"<h4 class=\"specification__item\">Genunchiere volei (2) DIKES 0835 Negru L<\/h4>\n<div class=\"specification__item\">\n<div class=\"specification\">\n<div class=\"specification__item\">\n<div class=\"typo read-more\" data-read-more-btn-text=\"\u041f\u043e\u0434\u0440\u043e\u0431\u043d\u0435\u0435\">\n<div class=\"read-more__content\">\n<ul>\n<li>Poate fi folosit pentru gimnastic\u0103, coregrafie \u0219i sporturi de echip\u0103.<\/li>\n<li>Protejeaz\u0103 articula\u021biile genunchiului de v\u00e2n\u0103t\u0103i \u0219i entorse.<\/li>\n<li>Fabricat din material u\u0219or \u0219i respirabil.<\/li>\n<\/ul>\n<\/div>\n<\/div>\n<div class=\"specification\">\n<p class=\"specification__title\">Caracteristici<\/p>\n<div class=\"specification__item\">Tip: Genunchiere<\/div>\n<div class=\"specification__item\">Set de 2 buc.<\/div>\n<div class=\"specification__item\">Sporturi: Gimnastic\u0103, Dans, Coregrafie, Majorete, Handbal, Volei<\/div>\n<div class=\"specification__item\">Grup\u0103 de v\u00e2rst\u0103: Pentru copii \/ Pentru adul\u021bi<\/div>\n<div class=\"specification__item\">Protec\u021bie: Pern\u0103 moale de protec\u021bie rezistent\u0103 la \u0219ocuri<\/div>\n<div class=\"specification__item\">Material: Poliester \/ Elastan<\/div>\n<\/div>\n<\/div>\n<\/div>\n<\/div>\n","protected":false},"excerpt":{"rendered":"<h3 class=\"specification__item\">Genunchiere volei (2) DIKES 0835 Negru L<\/h3>\n","protected":false},"featured_media":46549,"comment_status":"open","ping_status":"closed","template":"","meta":{"_et_pb_use_builder":"","_et_pb_old_content":"","_et_gb_content_width":""},"product_brand":[1372],"product_cat":[659,658],"product_tag":[837,892,1073,1473,931,887],"class_list":{"0":"post-42776","1":"product","2":"type-product","3":"status-publish","4":"has-post-thumbnail","6":"product_brand-zelart","7":"product_cat-gimnastica-si-dans","8":"product_cat-volei","9":"product_tag-aparatoare-de-genunchi","10":"product_tag-bandaj-ro","11":"product_tag-dans","12":"product_tag-genunchiere-ro","13":"product_tag-gimnastica","14":"product_tag-volei","16":"first","17":"instock","18":"shipping-taxable","19":"purchasable","20":"product-type-simple"},"aioseo_notices":[],"_links":{"self":[{"href":"https:\/\/amaldis.md\/ro\/wp-json\/wp\/v2\/product\/42776","targetHints":{"allow":["GET"]}}],"collection":[{"href":"https:\/\/amaldis.md\/ro\/wp-json\/wp\/v2\/product"}],"about":[{"href":"https:\/\/amaldis.md\/ro\/wp-json\/wp\/v2\/types\/product"}],"replies":[{"embeddable":true,"href":"https:\/\/amaldis.md\/ro\/wp-json\/wp\/v2\/comments?post=42776"}],"wp:featuredmedia":[{"embeddable":true,"href":"https:\/\/amaldis.md\/ro\/wp-json\/wp\/v2\/media\/46549"}],"wp:attachment":[{"href":"https:\/\/amaldis.md\/ro\/wp-json\/wp\/v2\/media?parent=42776"}],"wp:term":[{"taxonomy":"product_brand","embeddable":true,"href":"https:\/\/amaldis.md\/ro\/wp-json\/wp\/v2\/product_brand?post=42776"},{"taxonomy":"product_cat","embeddable":true,"href":"https:\/\/amaldis.md\/ro\/wp-json\/wp\/v2\/product_cat?post=42776"},{"taxonomy":"product_tag","embeddable":true,"href":"https:\/\/amaldis.md\/ro\/wp-json\/wp\/v2\/product_tag?post=42776"}],"curies":[{"name":"wp","href":"https:\/\/api.w.org\/{rel}","templated":true}]}}