{"id":42807,"date":"2023-03-10T18:19:28","date_gmt":"2023-03-10T15:19:28","guid":{"rendered":"https:\/\/amaldis.md\/product\/bandaj-elastic-pentru-genunchi-2\/"},"modified":"2026-04-18T14:07:31","modified_gmt":"2026-04-18T11:07:31","slug":"bandaj-elastic-pentru-genunchi-2","status":"publish","type":"product","link":"https:\/\/amaldis.md\/ro\/produs\/bandaj-elastic-pentru-genunchi-2\/","title":{"rendered":"Genunchiera MUTE 9060"},"content":{"rendered":"<h4 class=\"specification__item\">Genunchiere MUTE 1 bucat\u0103<\/h4>\n<p>Avantaje:<\/p>\n<p>Ofer\u0103 suport \u0219i compresie articula\u021biei.<br \/>\nAjut\u0103 la reducerea durerii \u0219i inflama\u021biei.<br \/>\nPrevine leziunile.<br \/>\nDurabil \u0219i de lung\u0103 durat\u0103.<br \/>\nCaracteristici<\/p>\n<p>Tip: Orteze sport<br \/>\nTip: Genunchi<br \/>\nPachet: 1 bucat\u0103<br \/>\nGrup\u0103 de v\u00e2rst\u0103: Adul\u021bi<br \/>\nScop: Fixare, Compresie, Sport<br \/>\nMaterial: Poliester \/ Nailon<\/p>\n","protected":false},"excerpt":{"rendered":"<h3 class=\"product-intro__title\">Genunchiera MUTE 9060<\/h3>\n","protected":false},"featured_media":46838,"comment_status":"open","ping_status":"closed","template":"","meta":{"_et_pb_use_builder":"","_et_pb_old_content":"","_et_gb_content_width":""},"product_brand":[],"product_cat":[665,663,662,667],"product_tag":[837,823,962,1498,930],"class_list":{"0":"post-42807","1":"product","2":"type-product","3":"status-publish","4":"has-post-thumbnail","6":"product_cat-aparari","7":"product_cat-arte-martiale","8":"product_cat-pentru-sala-de-sport","9":"product_cat-sustinatori","10":"product_tag-aparatoare-de-genunchi","11":"product_tag-etriere","12":"product_tag-genunchi","13":"product_tag-genunchi-de-compresie","14":"product_tag-retinator","16":"first","17":"instock","18":"shipping-taxable","19":"purchasable","20":"product-type-simple"},"aioseo_notices":[],"_links":{"self":[{"href":"https:\/\/amaldis.md\/ro\/wp-json\/wp\/v2\/product\/42807","targetHints":{"allow":["GET"]}}],"collection":[{"href":"https:\/\/amaldis.md\/ro\/wp-json\/wp\/v2\/product"}],"about":[{"href":"https:\/\/amaldis.md\/ro\/wp-json\/wp\/v2\/types\/product"}],"replies":[{"embeddable":true,"href":"https:\/\/amaldis.md\/ro\/wp-json\/wp\/v2\/comments?post=42807"}],"wp:featuredmedia":[{"embeddable":true,"href":"https:\/\/amaldis.md\/ro\/wp-json\/wp\/v2\/media\/46838"}],"wp:attachment":[{"href":"https:\/\/amaldis.md\/ro\/wp-json\/wp\/v2\/media?parent=42807"}],"wp:term":[{"taxonomy":"product_brand","embeddable":true,"href":"https:\/\/amaldis.md\/ro\/wp-json\/wp\/v2\/product_brand?post=42807"},{"taxonomy":"product_cat","embeddable":true,"href":"https:\/\/amaldis.md\/ro\/wp-json\/wp\/v2\/product_cat?post=42807"},{"taxonomy":"product_tag","embeddable":true,"href":"https:\/\/amaldis.md\/ro\/wp-json\/wp\/v2\/product_tag?post=42807"}],"curies":[{"name":"wp","href":"https:\/\/api.w.org\/{rel}","templated":true}]}}