{"id":42808,"date":"2023-03-10T15:22:05","date_gmt":"2023-03-10T12:22:05","guid":{"rendered":"https:\/\/amaldis.md\/product\/bandaj-elastic-pentru-genunchi-3\/"},"modified":"2023-03-10T15:22:05","modified_gmt":"2023-03-10T12:22:05","slug":"bandaj-elastic-pentru-genunchi-3","status":"publish","type":"product","link":"https:\/\/amaldis.md\/ro\/produs\/bandaj-elastic-pentru-genunchi-3\/","title":{"rendered":"Bandaj elastic pentru genunchi"},"content":{"rendered":"<h4 class=\"specification__item\">Bandaj elastic pentru genunchi<\/h4>\n<div class=\"specification__item\">Tip Bandaje (dispozitive de fixare)<\/div>\n<div class=\"specification__item\">Partea corpului Genunchi<\/div>\n<div class=\"specification__item\">Material Polister<\/div>\n","protected":false},"excerpt":{"rendered":"<h4 class=\"product-intro__title\">Genunchier\u0103 elastic\u0103 MATSA MA-0026 m\u0103rime: L 2buc<\/h4>\n","protected":false},"featured_media":41825,"comment_status":"open","ping_status":"closed","template":"","meta":{"_et_pb_use_builder":"","_et_pb_old_content":"","_et_gb_content_width":""},"product_brand":[],"product_cat":[665,667],"product_tag":[837,823],"class_list":{"0":"post-42808","1":"product","2":"type-product","3":"status-publish","4":"has-post-thumbnail","6":"product_cat-aparari","7":"product_cat-sustinatori","8":"product_tag-aparatoare-de-genunchi","9":"product_tag-etriere","11":"first","12":"instock","13":"shipping-taxable","14":"purchasable","15":"product-type-simple"},"aioseo_notices":[],"_links":{"self":[{"href":"https:\/\/amaldis.md\/ro\/wp-json\/wp\/v2\/product\/42808","targetHints":{"allow":["GET"]}}],"collection":[{"href":"https:\/\/amaldis.md\/ro\/wp-json\/wp\/v2\/product"}],"about":[{"href":"https:\/\/amaldis.md\/ro\/wp-json\/wp\/v2\/types\/product"}],"replies":[{"embeddable":true,"href":"https:\/\/amaldis.md\/ro\/wp-json\/wp\/v2\/comments?post=42808"}],"wp:featuredmedia":[{"embeddable":true,"href":"https:\/\/amaldis.md\/ro\/wp-json\/wp\/v2\/media\/41825"}],"wp:attachment":[{"href":"https:\/\/amaldis.md\/ro\/wp-json\/wp\/v2\/media?parent=42808"}],"wp:term":[{"taxonomy":"product_brand","embeddable":true,"href":"https:\/\/amaldis.md\/ro\/wp-json\/wp\/v2\/product_brand?post=42808"},{"taxonomy":"product_cat","embeddable":true,"href":"https:\/\/amaldis.md\/ro\/wp-json\/wp\/v2\/product_cat?post=42808"},{"taxonomy":"product_tag","embeddable":true,"href":"https:\/\/amaldis.md\/ro\/wp-json\/wp\/v2\/product_tag?post=42808"}],"curies":[{"name":"wp","href":"https:\/\/api.w.org\/{rel}","templated":true}]}}