{"id":42855,"date":"2023-02-10T13:06:19","date_gmt":"2023-02-10T10:06:19","guid":{"rendered":"https:\/\/amaldis.md\/product\/manson-de-compresie-sport-2\/"},"modified":"2026-04-16T13:08:27","modified_gmt":"2026-04-16T10:08:27","slug":"manson-de-compresie-sport-2","status":"publish","type":"product","link":"https:\/\/amaldis.md\/ro\/produs\/manson-de-compresie-sport-2\/","title":{"rendered":"Man\u0219on de compresie EXCEED 871CA = 1 buc = L"},"content":{"rendered":"<h4 class=\"specification__item\">Man\u0219on de compresie EXCEED 871CA = 1 buc = L<\/h4>\n<div class=\"specification__item\">\n<p>Dac\u0103 sunte\u021bi \u00een c\u0103utarea solu\u021biei optime de sus\u021binere a cotului pentru antrenament, competi\u021bie sau recuperare, EXCEED 871CA este exact ceea ce ave\u021bi nevoie. Compresia confortabil\u0103, materialele durabile \u0219i lungimea versatil\u0103 \u00eel fac un companion indispensabil \u00een c\u0103l\u0103toria dumneavoastr\u0103 c\u0103tre noi realiz\u0103ri atletice. <\/p>\n<h5>Caracteristici<\/h5>\n<p>Tip: Bandaje sportive<br \/>\n\u0422\u0438\u043f: \u041b\u043e\u043a\u0442\u0435\u0432\u044b\u0435<br \/>\nCon\u021binutul pachetului: 1 bucat\u0103<br \/>\nScop: Fixare, Sport, Modelare<br \/>\nMaterial: Nailon \/ Poliester \/ Cauciuc<br \/>\nCompozi\u021bia materialului: Nailon 70%<br \/>\nPoliester 15%<br \/>\nCauciuc 15%<\/p>\n<\/div>\n","protected":false},"excerpt":{"rendered":"<h3 class=\"product-intro__title\">Man\u0219on de compresie EXCEED 871CA = 1 buc = L<\/h3>\n","protected":false},"featured_media":41716,"comment_status":"open","ping_status":"closed","template":"","meta":{"_et_pb_use_builder":"","_et_pb_old_content":"","_et_gb_content_width":""},"product_brand":[],"product_cat":[678,662,664,667],"product_tag":[823,826,1495,917],"class_list":{"0":"post-42855","1":"product","2":"type-product","3":"status-publish","4":"has-post-thumbnail","6":"product_cat-formare","7":"product_cat-pentru-sala-de-sport","8":"product_cat-sanatate","9":"product_cat-sustinatori","10":"product_tag-etriere","11":"product_tag-instruire","12":"product_tag-sala-de-gimnastica-ro","13":"product_tag-supramaneca","15":"first","16":"instock","17":"shipping-taxable","18":"purchasable","19":"product-type-simple"},"aioseo_notices":[],"_links":{"self":[{"href":"https:\/\/amaldis.md\/ro\/wp-json\/wp\/v2\/product\/42855","targetHints":{"allow":["GET"]}}],"collection":[{"href":"https:\/\/amaldis.md\/ro\/wp-json\/wp\/v2\/product"}],"about":[{"href":"https:\/\/amaldis.md\/ro\/wp-json\/wp\/v2\/types\/product"}],"replies":[{"embeddable":true,"href":"https:\/\/amaldis.md\/ro\/wp-json\/wp\/v2\/comments?post=42855"}],"wp:featuredmedia":[{"embeddable":true,"href":"https:\/\/amaldis.md\/ro\/wp-json\/wp\/v2\/media\/41716"}],"wp:attachment":[{"href":"https:\/\/amaldis.md\/ro\/wp-json\/wp\/v2\/media?parent=42855"}],"wp:term":[{"taxonomy":"product_brand","embeddable":true,"href":"https:\/\/amaldis.md\/ro\/wp-json\/wp\/v2\/product_brand?post=42855"},{"taxonomy":"product_cat","embeddable":true,"href":"https:\/\/amaldis.md\/ro\/wp-json\/wp\/v2\/product_cat?post=42855"},{"taxonomy":"product_tag","embeddable":true,"href":"https:\/\/amaldis.md\/ro\/wp-json\/wp\/v2\/product_tag?post=42855"}],"curies":[{"name":"wp","href":"https:\/\/api.w.org\/{rel}","templated":true}]}}