{"id":42862,"date":"2023-02-10T12:23:05","date_gmt":"2023-02-10T09:23:05","guid":{"rendered":"https:\/\/amaldis.md\/product\/maneca-de-baschet-de-compresie-l\/"},"modified":"2026-04-16T11:09:18","modified_gmt":"2026-04-16T08:09:18","slug":"maneca-de-baschet-de-compresie-l","status":"publish","type":"product","link":"https:\/\/amaldis.md\/ro\/produs\/maneca-de-baschet-de-compresie-l\/","title":{"rendered":"Bandol\u0103 baschet = 1 bucat\u0103 = 5666"},"content":{"rendered":"<h4 class=\"specification__item\">Bandol\u0103 baschet = 1 bucat\u0103 = 5666<\/h4>\n<p>Avantaje:<\/p>\n<p>Protejeaz\u0103 pielea de arsurile solare<br \/>\nInser\u021bia de amortizare a \u0219ocurilor de pe articula\u021bia cotului protejeaz\u0103 \u00eempotriva r\u0103nilor \u00een caz de c\u0103deri.<br \/>\nPoate fi folosit pentru diverse sporturi de echip\u0103.<\/p>\n<h5>Caracteristici<\/h5>\n<p>Con\u021binutul pachetului: 1 bucat\u0103<br \/>\nCompresie: efect de compresie<br \/>\n\u0421\u043f\u043e\u0440\u0442: \u0424\u0443\u0442\u0431\u043e\u043b, \u0424\u0443\u0442\u0437\u0430\u043b, \u0413\u0430\u043d\u0434\u0431\u043e\u043b, \u0424\u043b\u043e\u0440\u0431\u043e\u043b, \u0420\u0435\u0433\u0431\u0438, \u0410\u043c\u0435\u0440\u0438\u043a\u0430\u043d\u0441\u043a\u0438\u0439 \u0444\u0443\u0442\u0431\u043e\u043b<br \/>\nProtec\u021bie: Inser\u021bie tip fagure de miere rezistent\u0103 la \u0219ocuri<br \/>\nScop: Compresie muscular\u0103, sus\u021binere \u00een timpul exerci\u021biilor fizice, termoreglare, protec\u021bie UV \u00een timpul sporturilor active<br \/>\nMaterial: poliester<br \/>\nMaterial de umplutur\u0103: Acetat de etilen vinil (EVA)<\/p>\n<p>&nbsp;<\/p>\n","protected":false},"excerpt":{"rendered":"<h3 class=\"product-intro__title\">Bandol\u0103 baschet = 1 bucat\u0103 = 5666<\/h3>\n","protected":false},"featured_media":46706,"comment_status":"open","ping_status":"closed","template":"","meta":{"_et_pb_use_builder":"","_et_pb_old_content":"","_et_gb_content_width":""},"product_brand":[],"product_cat":[1298,654,682,658],"product_tag":[835,836,823,822,917],"class_list":{"0":"post-42862","1":"product","2":"type-product","3":"status-publish","4":"has-post-thumbnail","6":"product_cat-handbal","7":"product_cat-baschet","8":"product_cat-fotbal","9":"product_cat-volei","10":"product_tag-baschet","11":"product_tag-comprimare","12":"product_tag-etriere","13":"product_tag-protectie","14":"product_tag-supramaneca","16":"first","17":"instock","18":"shipping-taxable","19":"purchasable","20":"product-type-simple"},"aioseo_notices":[],"_links":{"self":[{"href":"https:\/\/amaldis.md\/ro\/wp-json\/wp\/v2\/product\/42862","targetHints":{"allow":["GET"]}}],"collection":[{"href":"https:\/\/amaldis.md\/ro\/wp-json\/wp\/v2\/product"}],"about":[{"href":"https:\/\/amaldis.md\/ro\/wp-json\/wp\/v2\/types\/product"}],"replies":[{"embeddable":true,"href":"https:\/\/amaldis.md\/ro\/wp-json\/wp\/v2\/comments?post=42862"}],"wp:featuredmedia":[{"embeddable":true,"href":"https:\/\/amaldis.md\/ro\/wp-json\/wp\/v2\/media\/46706"}],"wp:attachment":[{"href":"https:\/\/amaldis.md\/ro\/wp-json\/wp\/v2\/media?parent=42862"}],"wp:term":[{"taxonomy":"product_brand","embeddable":true,"href":"https:\/\/amaldis.md\/ro\/wp-json\/wp\/v2\/product_brand?post=42862"},{"taxonomy":"product_cat","embeddable":true,"href":"https:\/\/amaldis.md\/ro\/wp-json\/wp\/v2\/product_cat?post=42862"},{"taxonomy":"product_tag","embeddable":true,"href":"https:\/\/amaldis.md\/ro\/wp-json\/wp\/v2\/product_tag?post=42862"}],"curies":[{"name":"wp","href":"https:\/\/api.w.org\/{rel}","templated":true}]}}