{"id":42877,"date":"2023-02-04T20:03:53","date_gmt":"2023-02-04T17:03:53","guid":{"rendered":"https:\/\/amaldis.md\/product\/expansor-manual-90-kg\/"},"modified":"2023-02-04T20:03:53","modified_gmt":"2023-02-04T17:03:53","slug":"expansor-manual-90-kg","status":"publish","type":"product","link":"https:\/\/amaldis.md\/ro\/produs\/expansor-manual-90-kg\/","title":{"rendered":"Expansor manual 90 kg"},"content":{"rendered":"<h4>Expansor manual 90 kg<\/h4>\n<p>Material: metal.<br \/>\nSarcina: 90 kg.<\/p>\n<p>Scop: pentru dezvoltarea \u0219i \u00eent\u0103rirea m\u00e2inilor<\/p>\n","protected":false},"excerpt":{"rendered":"<h4 class=\"product-intro__title\">Carpian expander 90 kg foarfece profesionale Bone Crusher FI-4125-200LB sarcin\u0103 90 kg<\/h4>\n","protected":false},"featured_media":41684,"comment_status":"open","ping_status":"closed","template":"","meta":{"_et_pb_use_builder":"","_et_pb_old_content":"","_et_gb_content_width":""},"product_brand":[],"product_cat":[678,680],"product_tag":[869,974,868],"class_list":{"0":"post-42877","1":"product","2":"type-product","3":"status-publish","4":"has-post-thumbnail","6":"product_cat-formare","7":"product_cat-tyazhelaya-atletika","8":"product_tag-expander","9":"product_tag-foarfece","10":"product_tag-incheietura","12":"first","13":"instock","14":"shipping-taxable","15":"purchasable","16":"product-type-simple"},"aioseo_notices":[],"_links":{"self":[{"href":"https:\/\/amaldis.md\/ro\/wp-json\/wp\/v2\/product\/42877","targetHints":{"allow":["GET"]}}],"collection":[{"href":"https:\/\/amaldis.md\/ro\/wp-json\/wp\/v2\/product"}],"about":[{"href":"https:\/\/amaldis.md\/ro\/wp-json\/wp\/v2\/types\/product"}],"replies":[{"embeddable":true,"href":"https:\/\/amaldis.md\/ro\/wp-json\/wp\/v2\/comments?post=42877"}],"wp:featuredmedia":[{"embeddable":true,"href":"https:\/\/amaldis.md\/ro\/wp-json\/wp\/v2\/media\/41684"}],"wp:attachment":[{"href":"https:\/\/amaldis.md\/ro\/wp-json\/wp\/v2\/media?parent=42877"}],"wp:term":[{"taxonomy":"product_brand","embeddable":true,"href":"https:\/\/amaldis.md\/ro\/wp-json\/wp\/v2\/product_brand?post=42877"},{"taxonomy":"product_cat","embeddable":true,"href":"https:\/\/amaldis.md\/ro\/wp-json\/wp\/v2\/product_cat?post=42877"},{"taxonomy":"product_tag","embeddable":true,"href":"https:\/\/amaldis.md\/ro\/wp-json\/wp\/v2\/product_tag?post=42877"}],"curies":[{"name":"wp","href":"https:\/\/api.w.org\/{rel}","templated":true}]}}