{"id":42904,"date":"2023-02-03T17:17:21","date_gmt":"2023-02-03T14:17:21","guid":{"rendered":"https:\/\/amaldis.md\/product\/banda-elastica-de-fitness-6\/"},"modified":"2023-02-03T17:17:21","modified_gmt":"2023-02-03T14:17:21","slug":"banda-elastica-de-fitness-6","status":"publish","type":"product","link":"https:\/\/amaldis.md\/ro\/produs\/banda-elastica-de-fitness-6\/","title":{"rendered":"Banda elastica de fitness"},"content":{"rendered":"<h4>Banda elastica de fitness<\/h4>\n<p>Material: PL, latex.<br \/>\nDimensiune: 600&#215;50 mm.<br \/>\nSarcin\u0103: S (sc\u0103zut\u0103).<br \/>\nCuloare: galben, portocaliu<br \/>\nScop: pentru fitness \u0219i antrenament de for\u021b\u0103.<\/p>\n","protected":false},"excerpt":{"rendered":"<h4 class=\"product-intro__title\">Banda elastic\u0103 de fitness HIP LOOP Zelart FI-1969-S S<\/h4>\n","protected":false},"featured_media":41629,"comment_status":"open","ping_status":"closed","template":"","meta":{"_et_pb_use_builder":"","_et_pb_old_content":"","_et_gb_content_width":""},"product_brand":[],"product_cat":[681,678],"product_tag":[830,831],"class_list":{"0":"post-42904","1":"product","2":"type-product","3":"status-publish","4":"has-post-thumbnail","6":"product_cat-fitness-si-yoga","7":"product_cat-formare","8":"product_tag-a-face-exercitii-fizice","9":"product_tag-fitness","11":"first","12":"instock","13":"shipping-taxable","14":"purchasable","15":"product-type-simple"},"aioseo_notices":[],"_links":{"self":[{"href":"https:\/\/amaldis.md\/ro\/wp-json\/wp\/v2\/product\/42904","targetHints":{"allow":["GET"]}}],"collection":[{"href":"https:\/\/amaldis.md\/ro\/wp-json\/wp\/v2\/product"}],"about":[{"href":"https:\/\/amaldis.md\/ro\/wp-json\/wp\/v2\/types\/product"}],"replies":[{"embeddable":true,"href":"https:\/\/amaldis.md\/ro\/wp-json\/wp\/v2\/comments?post=42904"}],"wp:featuredmedia":[{"embeddable":true,"href":"https:\/\/amaldis.md\/ro\/wp-json\/wp\/v2\/media\/41629"}],"wp:attachment":[{"href":"https:\/\/amaldis.md\/ro\/wp-json\/wp\/v2\/media?parent=42904"}],"wp:term":[{"taxonomy":"product_brand","embeddable":true,"href":"https:\/\/amaldis.md\/ro\/wp-json\/wp\/v2\/product_brand?post=42904"},{"taxonomy":"product_cat","embeddable":true,"href":"https:\/\/amaldis.md\/ro\/wp-json\/wp\/v2\/product_cat?post=42904"},{"taxonomy":"product_tag","embeddable":true,"href":"https:\/\/amaldis.md\/ro\/wp-json\/wp\/v2\/product_tag?post=42904"}],"curies":[{"name":"wp","href":"https:\/\/api.w.org\/{rel}","templated":true}]}}