{"id":42928,"date":"2023-01-14T13:30:40","date_gmt":"2023-01-14T10:30:40","guid":{"rendered":"https:\/\/amaldis.md\/product\/casca-de-inot-6\/"},"modified":"2023-01-14T13:30:40","modified_gmt":"2023-01-14T10:30:40","slug":"casca-de-inot-6","status":"publish","type":"product","link":"https:\/\/amaldis.md\/ro\/produs\/casca-de-inot-6\/","title":{"rendered":"Casc\u0103 de \u00eenot"},"content":{"rendered":"<h4>Casc\u0103 de \u00eenot<\/h4>\n","protected":false},"excerpt":{"rendered":"<h3>Casca de inot CONQUEST SC08 silicon, culori asortate<\/h3>\n","protected":false},"featured_media":41584,"comment_status":"open","ping_status":"closed","template":"","meta":{"_et_pb_use_builder":"","_et_pb_old_content":"","_et_gb_content_width":""},"product_brand":[],"product_cat":[672],"product_tag":[894,882],"class_list":{"0":"post-42928","1":"product","2":"type-product","3":"status-publish","4":"has-post-thumbnail","6":"product_cat-inot","7":"product_tag-capac","8":"product_tag-inot","10":"first","11":"instock","12":"shipping-taxable","13":"purchasable","14":"product-type-simple"},"aioseo_notices":[],"_links":{"self":[{"href":"https:\/\/amaldis.md\/ro\/wp-json\/wp\/v2\/product\/42928","targetHints":{"allow":["GET"]}}],"collection":[{"href":"https:\/\/amaldis.md\/ro\/wp-json\/wp\/v2\/product"}],"about":[{"href":"https:\/\/amaldis.md\/ro\/wp-json\/wp\/v2\/types\/product"}],"replies":[{"embeddable":true,"href":"https:\/\/amaldis.md\/ro\/wp-json\/wp\/v2\/comments?post=42928"}],"wp:featuredmedia":[{"embeddable":true,"href":"https:\/\/amaldis.md\/ro\/wp-json\/wp\/v2\/media\/41584"}],"wp:attachment":[{"href":"https:\/\/amaldis.md\/ro\/wp-json\/wp\/v2\/media?parent=42928"}],"wp:term":[{"taxonomy":"product_brand","embeddable":true,"href":"https:\/\/amaldis.md\/ro\/wp-json\/wp\/v2\/product_brand?post=42928"},{"taxonomy":"product_cat","embeddable":true,"href":"https:\/\/amaldis.md\/ro\/wp-json\/wp\/v2\/product_cat?post=42928"},{"taxonomy":"product_tag","embeddable":true,"href":"https:\/\/amaldis.md\/ro\/wp-json\/wp\/v2\/product_tag?post=42928"}],"curies":[{"name":"wp","href":"https:\/\/api.w.org\/{rel}","templated":true}]}}